{"id":742,"date":"2017-01-31T11:38:54","date_gmt":"2017-01-31T11:38:54","guid":{"rendered":"https:\/\/www.fbf-bff.be\/?page_id=742\/"},"modified":"2020-10-19T13:05:53","modified_gmt":"2020-10-19T13:05:53","slug":"franchisingbelgium","status":"publish","type":"page","link":"https:\/\/www.fbf-bff.be\/fr\/federation\/franchisingbelgium\/","title":{"rendered":"Franchisingbelgium"},"content":{"rendered":"[vc_row][vc_column][vc_column_text]\r\n<h1><span style=\"color: #99cc00;\">Franchisingbelgium<\/span><\/h1>\r\n<a href=\"https:\/\/franchisingbelgium.be\/?lang=fr\" target=\"_blank\" rel=\"noopener noreferrer\">Franchising-belgium.be<\/a>&nbsp;est le 1<sup>er<\/sup>&nbsp;site pour le recrutement de franchis\u00e9s, cr\u00e9\u00e9 par la&nbsp;F\u00e9d\u00e9ration Belge de la Franchise pour promouvoir la franchise authentique et \u00e9thique.\r\nVous y trouverez toute l\u2019actualit\u00e9 de la franchise et des r\u00e9seaux commerciaux ainsi qu\u2019une s\u00e9rie de dossiers pratiques. Chaque semaine, une newsletter est envoy\u00e9e gratuitement \u00e0 tous les int\u00e9ress\u00e9s du secteur.[\/vc_column_text][\/vc_column][\/vc_row]","protected":false},"excerpt":{"rendered":"<p>[vc_row][vc_column][vc_column_text]<br \/>\nFranchisingbelgium<br \/>\nFranchising-belgium.be&nbsp;est le 1er&nbsp;site pour le recrutement de franchis\u00e9s, cr\u00e9\u00e9 par la&nbsp;F\u00e9d\u00e9ration Belge de la Franchise pour promouvoir la franchise authentique et \u00e9thique.<br \/>\nVous y trouverez toute l\u2019actualit\u00e9 de la franchise et des r\u00e9seaux commerciaux ainsi qu\u2019une s\u00e9rie de dossiers pratiques. Chaque semaine, une newsletter est envoy\u00e9e gratuitement \u00e0 &#8230;<\/p>\n","protected":false},"author":2,"featured_media":0,"parent":861,"menu_order":0,"comment_status":"closed","ping_status":"closed","template":"template_leftnav.php","meta":{"ngg_post_thumbnail":0,"footnotes":""},"acf":[],"yoast_head":"<!-- This site is optimized with the Yoast SEO plugin v23.5 - https:\/\/yoast.com\/wordpress\/plugins\/seo\/ -->\n<title>Franchisingbelgium - Le site de recrutement de franchis\u00e9s<\/title>\n<meta name=\"description\" content=\"Le site Franchising Belgium est le 1er site de recrutement de franchis\u00e9s. Trouvez ici toute l&#039;actualit\u00e9 franchise et les fiches enseignes qui recrutent.\" \/>\n<meta name=\"robots\" content=\"index, follow, max-snippet:-1, max-image-preview:large, max-video-preview:-1\" \/>\n<link rel=\"canonical\" href=\"https:\/\/www.fbf-bff.be\/fr\/federation\/franchisingbelgium\/\" \/>\n<meta property=\"og:locale\" content=\"fr_FR\" \/>\n<meta property=\"og:type\" content=\"article\" \/>\n<meta property=\"og:title\" content=\"Franchisingbelgium - Le site de recrutement de franchis\u00e9s\" \/>\n<meta property=\"og:description\" content=\"Le site Franchising Belgium est le 1er site de recrutement de franchis\u00e9s. Trouvez ici toute l&#039;actualit\u00e9 franchise et les fiches enseignes qui recrutent.\" \/>\n<meta property=\"og:url\" content=\"https:\/\/www.fbf-bff.be\/fr\/federation\/franchisingbelgium\/\" \/>\n<meta property=\"og:site_name\" content=\"F\u00e9d\u00e9ration Belge de la Franchise\" \/>\n<meta property=\"article:modified_time\" content=\"2020-10-19T13:05:53+00:00\" \/>\n<meta property=\"og:image\" content=\"https:\/\/www.fbf-bff.be\/wp-content\/uploads\/2017\/06\/fbf-bff-fb-cover.jpg\" \/>\n\t<meta property=\"og:image:width\" content=\"1200\" \/>\n\t<meta property=\"og:image:height\" content=\"630\" \/>\n\t<meta property=\"og:image:type\" content=\"image\/jpeg\" \/>\n<meta name=\"twitter:card\" content=\"summary_large_image\" \/>\n<script type=\"application\/ld+json\" class=\"yoast-schema-graph\">{\"@context\":\"https:\/\/schema.org\",\"@graph\":[{\"@type\":\"WebPage\",\"@id\":\"https:\/\/www.fbf-bff.be\/fr\/federation\/franchisingbelgium\/\",\"url\":\"https:\/\/www.fbf-bff.be\/fr\/federation\/franchisingbelgium\/\",\"name\":\"Franchisingbelgium - Le site de recrutement de franchis\u00e9s\",\"isPartOf\":{\"@id\":\"https:\/\/www.fbf-bff.be\/#website\"},\"datePublished\":\"2017-01-31T11:38:54+00:00\",\"dateModified\":\"2020-10-19T13:05:53+00:00\",\"description\":\"Le site Franchising Belgium est le 1er site de recrutement de franchis\u00e9s. Trouvez ici toute l'actualit\u00e9 franchise et les fiches enseignes qui recrutent.\",\"breadcrumb\":{\"@id\":\"https:\/\/www.fbf-bff.be\/fr\/federation\/franchisingbelgium\/#breadcrumb\"},\"inLanguage\":\"fr-FR\",\"potentialAction\":[{\"@type\":\"ReadAction\",\"target\":[\"https:\/\/www.fbf-bff.be\/fr\/federation\/franchisingbelgium\/\"]}]},{\"@type\":\"BreadcrumbList\",\"@id\":\"https:\/\/www.fbf-bff.be\/fr\/federation\/franchisingbelgium\/#breadcrumb\",\"itemListElement\":[{\"@type\":\"ListItem\",\"position\":1,\"name\":\"Home\",\"item\":\"https:\/\/www.fbf-bff.be\/fr\/\"},{\"@type\":\"ListItem\",\"position\":2,\"name\":\"F\u00e9d\u00e9ration\",\"item\":\"https:\/\/www.fbf-bff.be\/fr\/federation\/\"},{\"@type\":\"ListItem\",\"position\":3,\"name\":\"Franchisingbelgium\"}]},{\"@type\":\"WebSite\",\"@id\":\"https:\/\/www.fbf-bff.be\/#website\",\"url\":\"https:\/\/www.fbf-bff.be\/\",\"name\":\"F\u00e9d\u00e9ration Belge de la Franchise\",\"description\":\"Pour r\u00e9ussir ensemblee\",\"potentialAction\":[{\"@type\":\"SearchAction\",\"target\":{\"@type\":\"EntryPoint\",\"urlTemplate\":\"https:\/\/www.fbf-bff.be\/?s={search_term_string}\"},\"query-input\":{\"@type\":\"PropertyValueSpecification\",\"valueRequired\":true,\"valueName\":\"search_term_string\"}}],\"inLanguage\":\"fr-FR\"}]}<\/script>\n<!-- \/ Yoast SEO plugin. -->","yoast_head_json":{"title":"Franchisingbelgium - Le site de recrutement de franchis\u00e9s","description":"Le site Franchising Belgium est le 1er site de recrutement de franchis\u00e9s. Trouvez ici toute l'actualit\u00e9 franchise et les fiches enseignes qui recrutent.","robots":{"index":"index","follow":"follow","max-snippet":"max-snippet:-1","max-image-preview":"max-image-preview:large","max-video-preview":"max-video-preview:-1"},"canonical":"https:\/\/www.fbf-bff.be\/fr\/federation\/franchisingbelgium\/","og_locale":"fr_FR","og_type":"article","og_title":"Franchisingbelgium - Le site de recrutement de franchis\u00e9s","og_description":"Le site Franchising Belgium est le 1er site de recrutement de franchis\u00e9s. Trouvez ici toute l'actualit\u00e9 franchise et les fiches enseignes qui recrutent.","og_url":"https:\/\/www.fbf-bff.be\/fr\/federation\/franchisingbelgium\/","og_site_name":"F\u00e9d\u00e9ration Belge de la Franchise","article_modified_time":"2020-10-19T13:05:53+00:00","og_image":[{"width":1200,"height":630,"url":"https:\/\/www.fbf-bff.be\/wp-content\/uploads\/2017\/06\/fbf-bff-fb-cover.jpg","type":"image\/jpeg"}],"twitter_card":"summary_large_image","schema":{"@context":"https:\/\/schema.org","@graph":[{"@type":"WebPage","@id":"https:\/\/www.fbf-bff.be\/fr\/federation\/franchisingbelgium\/","url":"https:\/\/www.fbf-bff.be\/fr\/federation\/franchisingbelgium\/","name":"Franchisingbelgium - Le site de recrutement de franchis\u00e9s","isPartOf":{"@id":"https:\/\/www.fbf-bff.be\/#website"},"datePublished":"2017-01-31T11:38:54+00:00","dateModified":"2020-10-19T13:05:53+00:00","description":"Le site Franchising Belgium est le 1er site de recrutement de franchis\u00e9s. Trouvez ici toute l'actualit\u00e9 franchise et les fiches enseignes qui recrutent.","breadcrumb":{"@id":"https:\/\/www.fbf-bff.be\/fr\/federation\/franchisingbelgium\/#breadcrumb"},"inLanguage":"fr-FR","potentialAction":[{"@type":"ReadAction","target":["https:\/\/www.fbf-bff.be\/fr\/federation\/franchisingbelgium\/"]}]},{"@type":"BreadcrumbList","@id":"https:\/\/www.fbf-bff.be\/fr\/federation\/franchisingbelgium\/#breadcrumb","itemListElement":[{"@type":"ListItem","position":1,"name":"Home","item":"https:\/\/www.fbf-bff.be\/fr\/"},{"@type":"ListItem","position":2,"name":"F\u00e9d\u00e9ration","item":"https:\/\/www.fbf-bff.be\/fr\/federation\/"},{"@type":"ListItem","position":3,"name":"Franchisingbelgium"}]},{"@type":"WebSite","@id":"https:\/\/www.fbf-bff.be\/#website","url":"https:\/\/www.fbf-bff.be\/","name":"F\u00e9d\u00e9ration Belge de la Franchise","description":"Pour r\u00e9ussir ensemblee","potentialAction":[{"@type":"SearchAction","target":{"@type":"EntryPoint","urlTemplate":"https:\/\/www.fbf-bff.be\/?s={search_term_string}"},"query-input":{"@type":"PropertyValueSpecification","valueRequired":true,"valueName":"search_term_string"}}],"inLanguage":"fr-FR"}]}},"_links":{"self":[{"href":"https:\/\/www.fbf-bff.be\/fr\/wp-json\/wp\/v2\/pages\/742"}],"collection":[{"href":"https:\/\/www.fbf-bff.be\/fr\/wp-json\/wp\/v2\/pages"}],"about":[{"href":"https:\/\/www.fbf-bff.be\/fr\/wp-json\/wp\/v2\/types\/page"}],"author":[{"embeddable":true,"href":"https:\/\/www.fbf-bff.be\/fr\/wp-json\/wp\/v2\/users\/2"}],"replies":[{"embeddable":true,"href":"https:\/\/www.fbf-bff.be\/fr\/wp-json\/wp\/v2\/comments?post=742"}],"version-history":[{"count":5,"href":"https:\/\/www.fbf-bff.be\/fr\/wp-json\/wp\/v2\/pages\/742\/revisions"}],"predecessor-version":[{"id":2325,"href":"https:\/\/www.fbf-bff.be\/fr\/wp-json\/wp\/v2\/pages\/742\/revisions\/2325"}],"up":[{"embeddable":true,"href":"https:\/\/www.fbf-bff.be\/fr\/wp-json\/wp\/v2\/pages\/861"}],"wp:attachment":[{"href":"https:\/\/www.fbf-bff.be\/fr\/wp-json\/wp\/v2\/media?parent=742"}],"curies":[{"name":"wp","href":"https:\/\/api.w.org\/{rel}","templated":true}]}}