{"id":703,"date":"2017-01-23T13:55:59","date_gmt":"2017-01-23T13:55:59","guid":{"rendered":"https:\/\/www.fbf-bff.be\/?page_id=703\/"},"modified":"2017-04-25T10:46:01","modified_gmt":"2017-04-25T10:46:01","slug":"master-franchising","status":"publish","type":"page","link":"https:\/\/www.fbf-bff.be\/fr\/franchiseur\/master-franchising\/","title":{"rendered":"Master Franchise"},"content":{"rendered":"[vc_row][vc_column][vc_column_text]\r\n<h1><span style=\"color: #000080;\">La Master Franchise&nbsp;en Belgique<\/span><\/h1>\r\nIl convient de distinguer ici la \u201c&nbsp;master nationale&nbsp;\u201d qui constitue une technique de \u201c&nbsp;sous &#8211; franchisage&nbsp;\u201d d\u2019application dans les pays de dimension importante tels que les Etats-Unis ou le Canada, de la \u201c&nbsp;master internationale&nbsp;\u201d.\r\n<h2><span style=\"color: #99cc00;\">D\u00e9finition :<\/span><\/h2>\r\nLa \u201c&nbsp;master franchise internationale&nbsp;\u201d est une technique par laquelle une entreprise franchiseur conc\u00e8de, \u00e0 partir de son pays d\u2019origine, le droit \u00e0 une autre entreprise situ\u00e9e dans un autre pays d\u2019exploiter le concept dans les limites territoriales ou r\u00e9gionales bien d\u00e9finies.\r\n\r\nLe \u201c&nbsp;master &#8211; franchis\u00e9&nbsp;\u201d a pour mission de d\u00e9velopper le r\u00e9seau en utilisant la technique de la franchise et suivant une strat\u00e9gie pr\u00e9alablement d\u00e9finie.\r\n\r\nLe master paie g\u00e9n\u00e9ralement un droit de master important et per\u00e7oit des redevances initiales et proportionnelles qu\u2019il doit partager avec le franchiseur.\r\n<h2><span style=\"color: #99cc00;\">Processus de recherche :<\/span><\/h2>\r\nLes candidats int\u00e9ress\u00e9s par une master pour le march\u00e9 belge doivent g\u00e9n\u00e9ralement prospecter \u00e0 l\u2019\u00e9tranger ( F\u00e9d\u00e9rations, salons de la franchise, revues sp\u00e9cialis\u00e9es,&#8230;) ou s\u2019adresser \u00e0 des consultants sp\u00e9cialis\u00e9s en la mati\u00e8re.\r\n\r\nLe master est g\u00e9n\u00e9ralement charg\u00e9 par le franchiseur d\u2019origine, et en collaboration avec lui, de r\u00e9aliser toutes les \u00e9tudes de march\u00e9 n\u00e9cessaires pour \u00e9valuer l\u2019ad\u00e9quation du concept et de la formule au march\u00e9 envisag\u00e9.\r\n\r\nIl est aussi tr\u00e8s souvent demand\u00e9 au master de tester la formule et parfaire l\u2019adaptation du concept par l\u2019ouverture d\u2019une ou plusieurs unit\u00e9s pilotes.\r\n<h2><span style=\"color: #99cc00;\">Pr\u00e9cautions :<\/span><\/h2>\r\nToutes les pr\u00e9cautions que doit prendre le franchis\u00e9 traditionnel sont bien entendu d\u2019application dans le cadre de la recherche d\u2019une master. Et ce d\u2019autant plus que le concept n\u2019a g\u00e9n\u00e9ralement pas fait ses preuves sur le march\u00e9 envisag\u00e9.\r\n\r\nNous pouvons n\u00e9anmoins mettre en \u00e9vidence les risques d\u2019\u00e9checs sp\u00e9cifiques \u00e0 la master les plus fr\u00e9quents, et \u00e0 propos desquels tout candidat master doit rester vigilant:\r\n<ul>\r\n \t<li>le concept, le savoir-faire, la formule ne sont pas toujours adapt\u00e9s ou adaptables au march\u00e9 vis\u00e9.<\/li>\r\n \t<li>la master n\u2019est pas toujours la meilleure formule d\u2019implantation sur un march\u00e9 \u00e9tranger<\/li>\r\n \t<li>le franchiseur d\u2019origine, performant sur son march\u00e9 d\u2019origine, n\u2019a pas n\u00e9cessairement les moyens, le temps ou la volont\u00e9 de suivre et assister ses partenaires \u00e9trangers.<\/li>\r\n \t<li>le master n\u2018a pas toujours la capacit\u00e9, les moyens ou la disponibilit\u00e9 de devenir franchiseur.<\/li>\r\n \t<li>le franchiseur d\u2019origine a parfois une vision purement sp\u00e9culative de son implantation sur le march\u00e9 \u00e9tranger ( droit de master et commissions disproportionn\u00e9s par rapport au potentiel de march\u00e9).<\/li>\r\n<\/ul>\r\n<h2><span style=\"color: #99cc00;\">Tendances en Belgique :<\/span><\/h2>\r\nLa plupart des franchiseurs europ\u00e9ens n\u2019adoptent pas la technique de la master internationale pour leur implantation sur les autres march\u00e9s europ\u00e9ens. Ils se dirigent plut\u00f4t vers :\r\n<ul>\r\n \t<li>la franchise directe<\/li>\r\n \t<li>la filiale<\/li>\r\n \t<li>la master de repr\u00e9sentation ( consultants, soci\u00e9t\u00e9s sp\u00e9cialis\u00e9es )<\/li>\r\n \t<li>Les pays Nord &#8211; Am\u00e9ricains, d\u00e9j\u00e0 familiaris\u00e9s \u00e0 la technique de la master pour leur d\u00e9veloppement int\u00e9rieur, y ont recours plus souvent.<\/li>\r\n \t<li>Les secteurs les plus concern\u00e9s sont les suivants :<\/li>\r\n \t<li>restauration rapide et \u00e0 th\u00e8me<\/li>\r\n \t<li>business to business ( conseils en entreprise, formation,&#8230;)<\/li>\r\n \t<li>services aux particuliers ( agences de voyage, nettoyage \u00e0 domicile,&#8230;)<\/li>\r\n<\/ul>\r\n[\/vc_column_text][\/vc_column][\/vc_row]","protected":false},"excerpt":{"rendered":"<p>[vc_row][vc_column][vc_column_text]<br \/>\nLa Master Franchise&nbsp;en Belgique<br \/>\nIl convient de distinguer ici la \u201c&nbsp;master nationale&nbsp;\u201d qui constitue une technique de \u201c&nbsp;sous &#8211; franchisage&nbsp;\u201d d\u2019application dans les pays de dimension importante tels que les Etats-Unis ou le Canada, de la \u201c&nbsp;master internationale&nbsp;\u201d.<br \/>\nD\u00e9finition :<br \/>\nLa \u201c&nbsp;master franchise internationale&nbsp;\u201d est une technique par laquelle &#8230;<\/p>\n","protected":false},"author":2,"featured_media":0,"parent":865,"menu_order":0,"comment_status":"closed","ping_status":"closed","template":"template_leftnav.php","meta":{"ngg_post_thumbnail":0,"footnotes":""},"acf":[],"yoast_head":"<!-- This site is optimized with the Yoast SEO plugin v23.5 - https:\/\/yoast.com\/wordpress\/plugins\/seo\/ -->\n<title>Master Franchise - F\u00e9d\u00e9ration Belge de la Franchise<\/title>\n<meta name=\"robots\" content=\"index, follow, max-snippet:-1, max-image-preview:large, max-video-preview:-1\" \/>\n<link rel=\"canonical\" href=\"https:\/\/www.fbf-bff.be\/fr\/franchiseur\/master-franchising\/\" \/>\n<meta property=\"og:locale\" content=\"fr_FR\" \/>\n<meta property=\"og:type\" content=\"article\" \/>\n<meta property=\"og:title\" content=\"Master Franchise - F\u00e9d\u00e9ration Belge de la Franchise\" \/>\n<meta property=\"og:description\" content=\"[vc_row][vc_column][vc_column_text] La Master Franchise&nbsp;en Belgique Il convient de distinguer ici la \u201c&nbsp;master nationale&nbsp;\u201d qui constitue une technique de \u201c&nbsp;sous &#8211; franchisage&nbsp;\u201d d\u2019application dans les pays de dimension importante tels que les Etats-Unis ou le Canada, de la \u201c&nbsp;master internationale&nbsp;\u201d. D\u00e9finition : La \u201c&nbsp;master franchise internationale&nbsp;\u201d est une technique par laquelle ...\" \/>\n<meta property=\"og:url\" content=\"https:\/\/www.fbf-bff.be\/fr\/franchiseur\/master-franchising\/\" \/>\n<meta property=\"og:site_name\" content=\"F\u00e9d\u00e9ration Belge de la Franchise\" \/>\n<meta property=\"article:modified_time\" content=\"2017-04-25T10:46:01+00:00\" \/>\n<meta property=\"og:image\" content=\"https:\/\/www.fbf-bff.be\/wp-content\/uploads\/2017\/06\/fbf-bff-fb-cover.jpg\" \/>\n\t<meta property=\"og:image:width\" content=\"1200\" \/>\n\t<meta property=\"og:image:height\" content=\"630\" \/>\n\t<meta property=\"og:image:type\" content=\"image\/jpeg\" \/>\n<meta name=\"twitter:card\" content=\"summary_large_image\" \/>\n<meta name=\"twitter:label1\" content=\"Dur\u00e9e de lecture estim\u00e9e\" \/>\n\t<meta name=\"twitter:data1\" content=\"3 minutes\" \/>\n<script type=\"application\/ld+json\" class=\"yoast-schema-graph\">{\"@context\":\"https:\/\/schema.org\",\"@graph\":[{\"@type\":\"WebPage\",\"@id\":\"https:\/\/www.fbf-bff.be\/fr\/franchiseur\/master-franchising\/\",\"url\":\"https:\/\/www.fbf-bff.be\/fr\/franchiseur\/master-franchising\/\",\"name\":\"Master Franchise - F\u00e9d\u00e9ration Belge de la Franchise\",\"isPartOf\":{\"@id\":\"https:\/\/www.fbf-bff.be\/#website\"},\"datePublished\":\"2017-01-23T13:55:59+00:00\",\"dateModified\":\"2017-04-25T10:46:01+00:00\",\"breadcrumb\":{\"@id\":\"https:\/\/www.fbf-bff.be\/fr\/franchiseur\/master-franchising\/#breadcrumb\"},\"inLanguage\":\"fr-FR\",\"potentialAction\":[{\"@type\":\"ReadAction\",\"target\":[\"https:\/\/www.fbf-bff.be\/fr\/franchiseur\/master-franchising\/\"]}]},{\"@type\":\"BreadcrumbList\",\"@id\":\"https:\/\/www.fbf-bff.be\/fr\/franchiseur\/master-franchising\/#breadcrumb\",\"itemListElement\":[{\"@type\":\"ListItem\",\"position\":1,\"name\":\"Home\",\"item\":\"https:\/\/www.fbf-bff.be\/fr\/\"},{\"@type\":\"ListItem\",\"position\":2,\"name\":\"Franchiseur\",\"item\":\"https:\/\/www.fbf-bff.be\/fr\/franchiseur\/\"},{\"@type\":\"ListItem\",\"position\":3,\"name\":\"Master Franchise\"}]},{\"@type\":\"WebSite\",\"@id\":\"https:\/\/www.fbf-bff.be\/#website\",\"url\":\"https:\/\/www.fbf-bff.be\/\",\"name\":\"F\u00e9d\u00e9ration Belge de la Franchise\",\"description\":\"Pour r\u00e9ussir ensemblee\",\"potentialAction\":[{\"@type\":\"SearchAction\",\"target\":{\"@type\":\"EntryPoint\",\"urlTemplate\":\"https:\/\/www.fbf-bff.be\/?s={search_term_string}\"},\"query-input\":{\"@type\":\"PropertyValueSpecification\",\"valueRequired\":true,\"valueName\":\"search_term_string\"}}],\"inLanguage\":\"fr-FR\"}]}<\/script>\n<!-- \/ Yoast SEO plugin. -->","yoast_head_json":{"title":"Master Franchise - F\u00e9d\u00e9ration Belge de la Franchise","robots":{"index":"index","follow":"follow","max-snippet":"max-snippet:-1","max-image-preview":"max-image-preview:large","max-video-preview":"max-video-preview:-1"},"canonical":"https:\/\/www.fbf-bff.be\/fr\/franchiseur\/master-franchising\/","og_locale":"fr_FR","og_type":"article","og_title":"Master Franchise - F\u00e9d\u00e9ration Belge de la Franchise","og_description":"[vc_row][vc_column][vc_column_text] La Master Franchise&nbsp;en Belgique Il convient de distinguer ici la \u201c&nbsp;master nationale&nbsp;\u201d qui constitue une technique de \u201c&nbsp;sous &#8211; franchisage&nbsp;\u201d d\u2019application dans les pays de dimension importante tels que les Etats-Unis ou le Canada, de la \u201c&nbsp;master internationale&nbsp;\u201d. D\u00e9finition : La \u201c&nbsp;master franchise internationale&nbsp;\u201d est une technique par laquelle ...","og_url":"https:\/\/www.fbf-bff.be\/fr\/franchiseur\/master-franchising\/","og_site_name":"F\u00e9d\u00e9ration Belge de la Franchise","article_modified_time":"2017-04-25T10:46:01+00:00","og_image":[{"width":1200,"height":630,"url":"https:\/\/www.fbf-bff.be\/wp-content\/uploads\/2017\/06\/fbf-bff-fb-cover.jpg","type":"image\/jpeg"}],"twitter_card":"summary_large_image","twitter_misc":{"Dur\u00e9e de lecture estim\u00e9e":"3 minutes"},"schema":{"@context":"https:\/\/schema.org","@graph":[{"@type":"WebPage","@id":"https:\/\/www.fbf-bff.be\/fr\/franchiseur\/master-franchising\/","url":"https:\/\/www.fbf-bff.be\/fr\/franchiseur\/master-franchising\/","name":"Master Franchise - F\u00e9d\u00e9ration Belge de la Franchise","isPartOf":{"@id":"https:\/\/www.fbf-bff.be\/#website"},"datePublished":"2017-01-23T13:55:59+00:00","dateModified":"2017-04-25T10:46:01+00:00","breadcrumb":{"@id":"https:\/\/www.fbf-bff.be\/fr\/franchiseur\/master-franchising\/#breadcrumb"},"inLanguage":"fr-FR","potentialAction":[{"@type":"ReadAction","target":["https:\/\/www.fbf-bff.be\/fr\/franchiseur\/master-franchising\/"]}]},{"@type":"BreadcrumbList","@id":"https:\/\/www.fbf-bff.be\/fr\/franchiseur\/master-franchising\/#breadcrumb","itemListElement":[{"@type":"ListItem","position":1,"name":"Home","item":"https:\/\/www.fbf-bff.be\/fr\/"},{"@type":"ListItem","position":2,"name":"Franchiseur","item":"https:\/\/www.fbf-bff.be\/fr\/franchiseur\/"},{"@type":"ListItem","position":3,"name":"Master Franchise"}]},{"@type":"WebSite","@id":"https:\/\/www.fbf-bff.be\/#website","url":"https:\/\/www.fbf-bff.be\/","name":"F\u00e9d\u00e9ration Belge de la Franchise","description":"Pour r\u00e9ussir ensemblee","potentialAction":[{"@type":"SearchAction","target":{"@type":"EntryPoint","urlTemplate":"https:\/\/www.fbf-bff.be\/?s={search_term_string}"},"query-input":{"@type":"PropertyValueSpecification","valueRequired":true,"valueName":"search_term_string"}}],"inLanguage":"fr-FR"}]}},"_links":{"self":[{"href":"https:\/\/www.fbf-bff.be\/fr\/wp-json\/wp\/v2\/pages\/703"}],"collection":[{"href":"https:\/\/www.fbf-bff.be\/fr\/wp-json\/wp\/v2\/pages"}],"about":[{"href":"https:\/\/www.fbf-bff.be\/fr\/wp-json\/wp\/v2\/types\/page"}],"author":[{"embeddable":true,"href":"https:\/\/www.fbf-bff.be\/fr\/wp-json\/wp\/v2\/users\/2"}],"replies":[{"embeddable":true,"href":"https:\/\/www.fbf-bff.be\/fr\/wp-json\/wp\/v2\/comments?post=703"}],"version-history":[{"count":5,"href":"https:\/\/www.fbf-bff.be\/fr\/wp-json\/wp\/v2\/pages\/703\/revisions"}],"predecessor-version":[{"id":1149,"href":"https:\/\/www.fbf-bff.be\/fr\/wp-json\/wp\/v2\/pages\/703\/revisions\/1149"}],"up":[{"embeddable":true,"href":"https:\/\/www.fbf-bff.be\/fr\/wp-json\/wp\/v2\/pages\/865"}],"wp:attachment":[{"href":"https:\/\/www.fbf-bff.be\/fr\/wp-json\/wp\/v2\/media?parent=703"}],"curies":[{"name":"wp","href":"https:\/\/api.w.org\/{rel}","templated":true}]}}