{"id":701,"date":"2017-01-23T13:54:10","date_gmt":"2017-01-23T13:54:10","guid":{"rendered":"https:\/\/www.fbf-bff.be\/?page_id=701\/"},"modified":"2017-08-22T08:42:22","modified_gmt":"2017-08-22T08:42:22","slug":"aide-aux-starters","status":"publish","type":"page","link":"https:\/\/www.fbf-bff.be\/fr\/franchiseur\/aide-aux-starters\/","title":{"rendered":"Aide aux starters"},"content":{"rendered":"[vc_row][vc_column][vc_column_text]\r\n<h1><span style=\"color: #000080;\">Les membres Starters&nbsp;et l&rsquo;assistance propos\u00e9e par la FBF.<\/span><\/h1>\r\nLe statut \u00ab&nbsp;starter&nbsp;\u00bb est accord\u00e9 \u00e0 une firme qui d\u00e9marre un projet de franchise sans r\u00e9pondre encore aux crit\u00e8res d\u2019un membre Junior ou Effectif, mais qui a l\u2019intention de s\u2019y conformer dans les 2 ans.\r\n\r\nLa volont\u00e9 de la FBF de voir la franchise exerc\u00e9e de mani\u00e8re professionnelle et en conformit\u00e9 avec le Code de D\u00e9ontologie de al F\u00e9d\u00e9ration sous la devise \u00ab&nbsp;In franchising, even the best is not enough&nbsp;!&nbsp;\u00bb est \u00e0 la base du statut \u00ab&nbsp;starter&nbsp;\u00bb cr\u00e9\u00e9 pour une nouvelle cat\u00e9gorie de membres.\r\n<h2><span style=\"color: #99cc00;\">Comment obtenir le statut \u00ab Starter \u00bb ?<\/span><\/h2>\r\n<ol>\r\n \t<li><span style=\"color: #000080;\"><strong>PROCEDURE D\u2019ADMISSION<\/strong><\/span>\r\n<ol>\r\n \t<li>Le candidat membre \u00ab Starter \u00bb est invit\u00e9, suite \u00e0 un premier contact avec la FBF, \u00e0 renvoyer au secr\u00e9tariat une fiche de renseignements, d\u00fbment compl\u00e9t\u00e9e (cf. document en annexe).<\/li>\r\n \t<li>En m\u00eame temps le candidat est invit\u00e9 \u00e0 verser la somme de 300 \u20ac au compte n\u00b0 210-0665710-51 de la FBF. Ce versement lui donne droit :\r\n<ol>\r\n \t<li>\u00e0 la participation au s\u00e9minaire \u00ab Cr\u00e9er un r\u00e9seau de franchise \u00bb aux conditions privil\u00e9gi\u00e9es des membres de la F\u00e9d\u00e9ration.<\/li>\r\n \t<li>\u00e0 rencontrer un expert d\u00e9l\u00e9gu\u00e9 par la F\u00e9d\u00e9ration.<\/li>\r\n<\/ol>\r\n<\/li>\r\n<\/ol>\r\n<\/li>\r\n<\/ol>\r\n<ol start=\"3\">\r\n \t<li>La F\u00e9d\u00e9ration d\u00e9l\u00e8gue un consultant-expert en franchise, membre de la FBF, aupr\u00e8s du candidat, afin de lui pr\u00e9senter plus avant le syst\u00e8me de franchise et son code de d\u00e9ontologie ainsi que les \u00e9l\u00e9ments devant \u00eatre mis en avant pour la pr\u00e9sentation de son projet, \u00e0 savoir :<\/li>\r\n<\/ol>\r\n<ul>\r\n \t<li>le contrat de franchise<\/li>\r\n \t<li>le business plan<\/li>\r\n \t<li>le concept (manuels, \u2026)<\/li>\r\n \t<li>les informations relatives au projet pilote.<\/li>\r\n<\/ul>\r\nL\u2019expert remettra \u00e0 la Commission d\u2019admission un rapport d\u2019appr\u00e9ciation concernant le projet du candidat.\r\n<ol start=\"4\">\r\n \t<li>La Commission examine la candidature sur base du dossier remis par le candidat et de celui remis par le consultant-expert. Elle donne ou non son agr\u00e9ment \u00e0 la candidature. Si le dossier de motivation est refus\u00e9, le candidat en est avis\u00e9. Il pourra r\u00e9introduire sa demande durant l\u2019ann\u00e9e en cours en renvoyant un nouveau dossier.<\/li>\r\n \t<li>C\u2019est le Conseil d\u2019Administration qui, sur proposition de la Commission d\u2019admission, statue en dernier ressort quant \u00e0 l\u2019agr\u00e9ment d\u2019un membre \u00ab Starter \u00bb.<\/li>\r\n<\/ol>\r\n&nbsp;\r\n<ol start=\"2\">\r\n \t<li><span style=\"color: #000080;\"><strong>MEMBRE STARTER DE LA F.B.F.<\/strong><\/span><\/li>\r\n<\/ol>\r\n<ul>\r\n \t<li>&nbsp;A dater de son agr\u00e9ment par le Conseil d\u2019Administration, le candidat b\u00e9n\u00e9ficie effectivement du statut de \u00ab Starter \u00bb apr\u00e8s versement de sa cotisation annuelle de laquelle il faut d\u00e9duire l\u2019acompte de 300 \u20ac. A ce stade, le \u00ab Starter \u00bb peut, s\u2019il en manifeste express\u00e9ment le souhait, profiter d\u2019une double consultation gratuite aupr\u00e8s d\u2019un franchiseur et d\u2019un avocat, tous deux membres de la F\u00e9d\u00e9ration. Durant les deux ans qui suivront son agr\u00e9ation, le \u00ab Starter \u00bb pourra, sur demande et chaque semestre, faire le point sur l\u2019\u00e9tat d\u2019avancement de son projet avec le franchiseur qu\u2019il aura rencontr\u00e9 au pr\u00e9alable, le mentor.<\/li>\r\n \t<li>&nbsp;La cotisation \u00ab Starter \u00bb donne droit aux avantages dont b\u00e9n\u00e9ficient les membres de la F\u00e9d\u00e9ration sans qu\u2019elle implique la reconnaissance officielle de l\u2019int\u00e9ress\u00e9 en tant que Franchiseur, membre de la F\u00e9d\u00e9ration. Cette qualit\u00e9 lui sera reconnue d\u00e8s le moment o\u00f9 il acc\u00e9dera au statut de membre \u00ab&nbsp;<a href=\"https:\/\/www.fbf-bff.be\/fr\/membres\/membres-junior\/\" target=\"_blank\">JUNIOR<\/a>&nbsp;\u00bb.<\/li>\r\n \t<li>&nbsp;Le statut de \u00ab Starter\u00bb est conc\u00e9d\u00e9 pour une p\u00e9riode de deux ann\u00e9es cons\u00e9cutives maximum. En suite de quoi, la soci\u00e9t\u00e9 concern\u00e9e acc\u00e8de au statut de \u00ab Junior\u00bb si elle en remplit les crit\u00e8res ou cesse de b\u00e9n\u00e9ficier du statut de \u00ab Starter \u00bb.<\/li>\r\n<\/ul>\r\n[\/vc_column_text][\/vc_column][\/vc_row]","protected":false},"excerpt":{"rendered":"<p>[vc_row][vc_column][vc_column_text]<br \/>\nLes membres Starters&nbsp;et l&rsquo;assistance propos\u00e9e par la FBF.<br \/>\nLe statut \u00ab&nbsp;starter&nbsp;\u00bb est accord\u00e9 \u00e0 une firme qui d\u00e9marre un projet de franchise sans r\u00e9pondre encore aux crit\u00e8res d\u2019un membre Junior ou Effectif, mais qui a l\u2019intention de s\u2019y conformer dans les 2 ans.<\/p>\n<p>La volont\u00e9 de la FBF &#8230;<\/p>\n","protected":false},"author":2,"featured_media":0,"parent":865,"menu_order":0,"comment_status":"closed","ping_status":"closed","template":"template_leftnav.php","meta":{"ngg_post_thumbnail":0,"footnotes":""},"acf":[],"yoast_head":"<!-- This site is optimized with the Yoast SEO plugin v23.5 - https:\/\/yoast.com\/wordpress\/plugins\/seo\/ -->\n<title>Aide aux starters - F\u00e9d\u00e9ration Belge de la Franchise<\/title>\n<meta name=\"robots\" content=\"index, follow, max-snippet:-1, max-image-preview:large, max-video-preview:-1\" \/>\n<link rel=\"canonical\" href=\"https:\/\/www.fbf-bff.be\/fr\/franchiseur\/aide-aux-starters\/\" \/>\n<meta property=\"og:locale\" content=\"fr_FR\" \/>\n<meta property=\"og:type\" content=\"article\" \/>\n<meta property=\"og:title\" content=\"Aide aux starters - F\u00e9d\u00e9ration Belge de la Franchise\" \/>\n<meta property=\"og:description\" content=\"[vc_row][vc_column][vc_column_text] Les membres Starters&nbsp;et l&rsquo;assistance propos\u00e9e par la FBF. Le statut \u00ab&nbsp;starter&nbsp;\u00bb est accord\u00e9 \u00e0 une firme qui d\u00e9marre un projet de franchise sans r\u00e9pondre encore aux crit\u00e8res d\u2019un membre Junior ou Effectif, mais qui a l\u2019intention de s\u2019y conformer dans les 2 ans.  La volont\u00e9 de la FBF ...\" \/>\n<meta property=\"og:url\" content=\"https:\/\/www.fbf-bff.be\/fr\/franchiseur\/aide-aux-starters\/\" \/>\n<meta property=\"og:site_name\" content=\"F\u00e9d\u00e9ration Belge de la Franchise\" \/>\n<meta property=\"article:modified_time\" content=\"2017-08-22T08:42:22+00:00\" \/>\n<meta property=\"og:image\" content=\"https:\/\/www.fbf-bff.be\/wp-content\/uploads\/2017\/06\/fbf-bff-fb-cover.jpg\" \/>\n\t<meta property=\"og:image:width\" content=\"1200\" \/>\n\t<meta property=\"og:image:height\" content=\"630\" \/>\n\t<meta property=\"og:image:type\" content=\"image\/jpeg\" \/>\n<meta name=\"twitter:card\" content=\"summary_large_image\" \/>\n<meta name=\"twitter:label1\" content=\"Dur\u00e9e de lecture estim\u00e9e\" \/>\n\t<meta name=\"twitter:data1\" content=\"3 minutes\" \/>\n<script type=\"application\/ld+json\" class=\"yoast-schema-graph\">{\"@context\":\"https:\/\/schema.org\",\"@graph\":[{\"@type\":\"WebPage\",\"@id\":\"https:\/\/www.fbf-bff.be\/fr\/franchiseur\/aide-aux-starters\/\",\"url\":\"https:\/\/www.fbf-bff.be\/fr\/franchiseur\/aide-aux-starters\/\",\"name\":\"Aide aux starters - F\u00e9d\u00e9ration Belge de la Franchise\",\"isPartOf\":{\"@id\":\"https:\/\/www.fbf-bff.be\/#website\"},\"datePublished\":\"2017-01-23T13:54:10+00:00\",\"dateModified\":\"2017-08-22T08:42:22+00:00\",\"breadcrumb\":{\"@id\":\"https:\/\/www.fbf-bff.be\/fr\/franchiseur\/aide-aux-starters\/#breadcrumb\"},\"inLanguage\":\"fr-FR\",\"potentialAction\":[{\"@type\":\"ReadAction\",\"target\":[\"https:\/\/www.fbf-bff.be\/fr\/franchiseur\/aide-aux-starters\/\"]}]},{\"@type\":\"BreadcrumbList\",\"@id\":\"https:\/\/www.fbf-bff.be\/fr\/franchiseur\/aide-aux-starters\/#breadcrumb\",\"itemListElement\":[{\"@type\":\"ListItem\",\"position\":1,\"name\":\"Home\",\"item\":\"https:\/\/www.fbf-bff.be\/fr\/\"},{\"@type\":\"ListItem\",\"position\":2,\"name\":\"Franchiseur\",\"item\":\"https:\/\/www.fbf-bff.be\/fr\/franchiseur\/\"},{\"@type\":\"ListItem\",\"position\":3,\"name\":\"Aide aux starters\"}]},{\"@type\":\"WebSite\",\"@id\":\"https:\/\/www.fbf-bff.be\/#website\",\"url\":\"https:\/\/www.fbf-bff.be\/\",\"name\":\"F\u00e9d\u00e9ration Belge de la Franchise\",\"description\":\"Pour r\u00e9ussir ensemblee\",\"potentialAction\":[{\"@type\":\"SearchAction\",\"target\":{\"@type\":\"EntryPoint\",\"urlTemplate\":\"https:\/\/www.fbf-bff.be\/?s={search_term_string}\"},\"query-input\":{\"@type\":\"PropertyValueSpecification\",\"valueRequired\":true,\"valueName\":\"search_term_string\"}}],\"inLanguage\":\"fr-FR\"}]}<\/script>\n<!-- \/ Yoast SEO plugin. -->","yoast_head_json":{"title":"Aide aux starters - F\u00e9d\u00e9ration Belge de la Franchise","robots":{"index":"index","follow":"follow","max-snippet":"max-snippet:-1","max-image-preview":"max-image-preview:large","max-video-preview":"max-video-preview:-1"},"canonical":"https:\/\/www.fbf-bff.be\/fr\/franchiseur\/aide-aux-starters\/","og_locale":"fr_FR","og_type":"article","og_title":"Aide aux starters - F\u00e9d\u00e9ration Belge de la Franchise","og_description":"[vc_row][vc_column][vc_column_text] Les membres Starters&nbsp;et l&rsquo;assistance propos\u00e9e par la FBF. Le statut \u00ab&nbsp;starter&nbsp;\u00bb est accord\u00e9 \u00e0 une firme qui d\u00e9marre un projet de franchise sans r\u00e9pondre encore aux crit\u00e8res d\u2019un membre Junior ou Effectif, mais qui a l\u2019intention de s\u2019y conformer dans les 2 ans.  La volont\u00e9 de la FBF ...","og_url":"https:\/\/www.fbf-bff.be\/fr\/franchiseur\/aide-aux-starters\/","og_site_name":"F\u00e9d\u00e9ration Belge de la Franchise","article_modified_time":"2017-08-22T08:42:22+00:00","og_image":[{"width":1200,"height":630,"url":"https:\/\/www.fbf-bff.be\/wp-content\/uploads\/2017\/06\/fbf-bff-fb-cover.jpg","type":"image\/jpeg"}],"twitter_card":"summary_large_image","twitter_misc":{"Dur\u00e9e de lecture estim\u00e9e":"3 minutes"},"schema":{"@context":"https:\/\/schema.org","@graph":[{"@type":"WebPage","@id":"https:\/\/www.fbf-bff.be\/fr\/franchiseur\/aide-aux-starters\/","url":"https:\/\/www.fbf-bff.be\/fr\/franchiseur\/aide-aux-starters\/","name":"Aide aux starters - F\u00e9d\u00e9ration Belge de la Franchise","isPartOf":{"@id":"https:\/\/www.fbf-bff.be\/#website"},"datePublished":"2017-01-23T13:54:10+00:00","dateModified":"2017-08-22T08:42:22+00:00","breadcrumb":{"@id":"https:\/\/www.fbf-bff.be\/fr\/franchiseur\/aide-aux-starters\/#breadcrumb"},"inLanguage":"fr-FR","potentialAction":[{"@type":"ReadAction","target":["https:\/\/www.fbf-bff.be\/fr\/franchiseur\/aide-aux-starters\/"]}]},{"@type":"BreadcrumbList","@id":"https:\/\/www.fbf-bff.be\/fr\/franchiseur\/aide-aux-starters\/#breadcrumb","itemListElement":[{"@type":"ListItem","position":1,"name":"Home","item":"https:\/\/www.fbf-bff.be\/fr\/"},{"@type":"ListItem","position":2,"name":"Franchiseur","item":"https:\/\/www.fbf-bff.be\/fr\/franchiseur\/"},{"@type":"ListItem","position":3,"name":"Aide aux starters"}]},{"@type":"WebSite","@id":"https:\/\/www.fbf-bff.be\/#website","url":"https:\/\/www.fbf-bff.be\/","name":"F\u00e9d\u00e9ration Belge de la Franchise","description":"Pour r\u00e9ussir ensemblee","potentialAction":[{"@type":"SearchAction","target":{"@type":"EntryPoint","urlTemplate":"https:\/\/www.fbf-bff.be\/?s={search_term_string}"},"query-input":{"@type":"PropertyValueSpecification","valueRequired":true,"valueName":"search_term_string"}}],"inLanguage":"fr-FR"}]}},"_links":{"self":[{"href":"https:\/\/www.fbf-bff.be\/fr\/wp-json\/wp\/v2\/pages\/701"}],"collection":[{"href":"https:\/\/www.fbf-bff.be\/fr\/wp-json\/wp\/v2\/pages"}],"about":[{"href":"https:\/\/www.fbf-bff.be\/fr\/wp-json\/wp\/v2\/types\/page"}],"author":[{"embeddable":true,"href":"https:\/\/www.fbf-bff.be\/fr\/wp-json\/wp\/v2\/users\/2"}],"replies":[{"embeddable":true,"href":"https:\/\/www.fbf-bff.be\/fr\/wp-json\/wp\/v2\/comments?post=701"}],"version-history":[{"count":5,"href":"https:\/\/www.fbf-bff.be\/fr\/wp-json\/wp\/v2\/pages\/701\/revisions"}],"predecessor-version":[{"id":1138,"href":"https:\/\/www.fbf-bff.be\/fr\/wp-json\/wp\/v2\/pages\/701\/revisions\/1138"}],"up":[{"embeddable":true,"href":"https:\/\/www.fbf-bff.be\/fr\/wp-json\/wp\/v2\/pages\/865"}],"wp:attachment":[{"href":"https:\/\/www.fbf-bff.be\/fr\/wp-json\/wp\/v2\/media?parent=701"}],"curies":[{"name":"wp","href":"https:\/\/api.w.org\/{rel}","templated":true}]}}