{"id":696,"date":"2017-01-23T13:04:52","date_gmt":"2017-01-23T13:04:52","guid":{"rendered":"https:\/\/www.fbf-bff.be\/?page_id=696\/"},"modified":"2018-07-24T10:31:03","modified_gmt":"2018-07-24T10:31:03","slug":"devenir-membre-de-la-fbf","status":"publish","type":"page","link":"https:\/\/www.fbf-bff.be\/fr\/franchiseur\/devenir-membre-de-la-fbf\/","title":{"rendered":"Devenir membre de la FBF"},"content":{"rendered":"[vc_row][vc_column][vc_column_text]\r\n<h1><span style=\"color: #000080;\">Etre Franchiseur, c&rsquo;est bien&#8230;<\/span>\r\n<span style=\"color: #99cc00;\">Etre un Franchiseur membre de la FBF, c&rsquo;est mieux!<\/span><\/h1>\r\n<span style=\"color: #000080;\"><strong>Pourquoi devenir membre de la F\u00e9d\u00e9ration Belge de la Franchise&nbsp;?<\/strong><\/span>\r\n\r\nLa \u00ab&nbsp;cr\u00e9dibilit\u00e9&nbsp;\u00bb est le mot-cl\u00e9.&nbsp;Etre membre de la FBF renforce la cr\u00e9dibilit\u00e9 du franchiseur et de son r\u00e9seau.\r\n\r\nChaque enseigne adh\u00e9rente \u00e0 la FBF s\u2019engage \u00e0&nbsp;:&nbsp;\r\n<ol>\r\n \t<li>respecter le&nbsp;<a href=\"https:\/\/www.fbf-bff.be\/fr\/federation\/code-de-deontologie\/\" target=\"_blank\" rel=\"noopener\">Code de D\u00e9ontologie Europ\u00e9en de la franchise<\/a>&nbsp;(code de bonne conduite existant depuis 1972, reconnu par les autorit\u00e9s europ\u00e9ennes et seule autor\u00e9gulation connue en mati\u00e8re de partenariat)<\/li>\r\n \t<li>mettre en \u0153uvre et diffuser un document d\u2019information pr\u00e9contractuelle (DIP) \u00e0 l\u2019attention des candidats franchis\u00e9s, au contenu clairement d\u00e9fini.<\/li>\r\n<\/ol>\r\n<h2><span style=\"color: #99cc00;\">La franchise est une affaire de professionnels&nbsp;!<\/span><\/h2>\r\n<span style=\"color: #000080;\"><strong>Tout r\u00e9seau&nbsp; n\u2019est pas admis \u00e0 la FBF&nbsp;!<\/strong><\/span>\r\n\r\nPour y \u00eatre admis, le franchiseur doit pr\u00e9senter un dossier relatif \u00e0 son r\u00e9seau tr\u00e8s complet et satisfaire \u00e0 des crit\u00e8res tr\u00e8s stricts.\r\n\r\nCeci n\u2019est que justice, compte tenu des responsabilit\u00e9s qu\u2019il doit endosser.\r\n\r\nDe son s\u00e9rieux d\u00e9pend le bon fonctionnement du syst\u00e8me.\r\n\r\n<span style=\"color: #000080;\"><strong>Pour un franchiseur, voir son r\u00e9seau reconnu par la FBF,constitue clairement une preuve de cr\u00e9dibilit\u00e9 et d\u00e9montre la pratique d\u2019une franchise authentique et \u00e9thique (c-\u00e0-d. r\u00e9pondant \u00e0 des crit\u00e8res stricts) par le franchiseur et le franchis\u00e9.<\/strong><\/span>\r\n\r\nLa FBF v\u00e9rifie&nbsp;:\r\n<ul>\r\n \t<li>la propri\u00e9t\u00e9 ou le droit d\u2019usage de sa marque<\/li>\r\n \t<li>le respect du Code de D\u00e9ontologie Europ\u00e9en et de l\u2019\u00e9quilibre des int\u00e9r\u00eats mutuels (c-\u00e0-d. l\u2019existence d\u2019un contrat de qualit\u00e9)<\/li>\r\n \t<li>la coh\u00e9rence de la strat\u00e9gie et des moyens<\/li>\r\n \t<li>l\u2019emploi d\u2019un Document d\u2019informations pr\u00e9contractuelles (DIP) conforme aux exigences de la FBF<\/li>\r\n \t<li>le recours \u00e0 des \u00e9tudes de faisabilit\u00e9 sp\u00e9cifiques \u00e0 chaque exploitation<\/li>\r\n \t<li>l\u2019existence d\u2019au moins un point pilote et d\u2019au moins 3 franchis\u00e9s.<\/li>\r\n<\/ul>\r\n<span style=\"color: #000080;\"><strong>Un franchiseur qui correspond \u00e0 ces crit\u00e8res offre donc des indices de s\u00e9rieux.<\/strong><\/span>\r\n<h2><span style=\"color: #99cc00;\">Comment devenir membre de la FBF&nbsp;?<\/span><\/h2>\r\nLa FBF compte quatre cat\u00e9gories de membres&nbsp;: les membres effectifs, les membres juniors, les membres starters et les membres associ\u00e9s.\r\n\r\nLes&nbsp;<a href=\"https:\/\/www.fbf-bff.be\/fr\/membres\/membres-effectifs\/\" target=\"_blank\" rel=\"noopener\">membres effectifs<\/a>&nbsp;sont les r\u00e9seaux de franchise r\u00e9pondant aux crit\u00e8res d\u2019admission d\u00e9finis par les&nbsp;<a href=\"https:\/\/www.fbf-bff.be\/fr\/federation\/statuts\/\" target=\"_blank\" rel=\"noopener\">statuts<\/a>&nbsp;de la FBF&nbsp;et ayant accompli un stage probatoire d\u2019un an au sein de la FBF.\r\n\r\nLes&nbsp;<a href=\"https:\/\/www.fbf-bff.be\/fr\/membres\/membres-junior\/\" target=\"_blank\" rel=\"noopener\">membres juniors<\/a>&nbsp;sont les r\u00e9seaux de franchise r\u00e9pondant aux crit\u00e8res d\u2019admission d\u00e9finis par les statuts de la FBF et devant encore accomplir leur stage probatoire.\r\n\r\nLes&nbsp;<a href=\"https:\/\/www.fbf-bff.be\/fr\/membres\/membres-starters\/\" target=\"_blank\" rel=\"noopener\">membres starters<\/a>&nbsp;sont les entreprises ayant un projet de d\u00e9veloppement en franchise, mais ne r\u00e9pondant pas encore aux crit\u00e8res fix\u00e9s pour l\u2019acquisition du statut de membre junior.\r\n\r\nLes <a href=\"https:\/\/www.fbf-bff.be\/fr\/membres\/membres-associes\/\" target=\"_blank\" rel=\"noopener\">membres associ\u00e9s<\/a> sont toutes personnes physiques ou morales qui, franchiseurs ou pas, montrent un int\u00e9r\u00eat et offre un service li\u00e9 \u00e0 la franchise.\r\n<h2><span style=\"color: #99cc00;\">Concr\u00e8tement, pour devenir membre&nbsp;:<\/span><\/h2>\r\nLe franchiseur s\u2019adresse au secretariat&nbsp;de la F\u00e9d\u00e9ration.\r\n\r\nSoit un rendez-vous est fix\u00e9, soit le franchiseur re\u00e7oit chez lui un formulaire d\u2019adh\u00e9sion, comprenant une check-list des conditions exig\u00e9es (voir ci-dessus).\r\n\r\nLe franchiseur renvoie ce formulaire (+ annexes diverses) au d\u00e9partement Information de la FBF, o\u00f9 celui-ci v\u00e9rifie si le dossier est bien complet et si les conditions exig\u00e9es sont bien respect\u00e9es.\r\n\r\nLa demande est transmise \u00e0 la Commission d\u2019Admission, qui r\u00e9alise une analyse en profondeur de la demande, et plus particuli\u00e8rement du contrat de franchise et du Document d\u2019Informations Pr\u00e9contractuelles.\r\n\r\nCette analyse s\u2019accompagne d\u2019une \u00ab&nbsp;visite sur le terrain&nbsp;\u00bb de l\u2019entreprise demanderesse (franchiseur) par un membre (franchiseur et administrateur de la FBF) de la Commission d\u2019Admission.\r\n\r\nCette proc\u00e9dure vise \u00e0 s\u2019assurer de la qualit\u00e9 du concept du franchiseur, de la capacit\u00e9 de celui-ci \u00e0 d\u00e9velopper son r\u00e9seau et de l\u2019\u00e9quilibre des prestations pr\u00e9vues entre parties.\r\n\r\n<span style=\"color: #000080;\"><strong>La Commission d\u2019Admission transmet son avis au Conseil d\u2019Administration de la FBF qui statue en dernier ressort.<\/strong><\/span>\r\n\r\nApr\u00e8s paiement de sa cotisation, le franchiseur et son r\u00e9seau de franchise deviennent officiellement membres de la FBF.\r\n<h2><span style=\"color: #99cc00;\">Quels sont les services offerts par la FBF&nbsp;?<\/span><\/h2>\r\n<ol>\r\n \t<li><span style=\"color: #000080;\"><strong>B\u00e9n\u00e9ficier de formations sp\u00e9cifiques.<\/strong><\/span><\/li>\r\n<\/ol>\r\nLes franchiseurs membres peuvent acc\u00e9der \u00e0 une s\u00e9rie de formations sp\u00e9cifiques&nbsp;: les tables rondes (sujets pointus et confidentiels r\u00e9serv\u00e9s aux membres) et s\u00e9minaires (formations pour franchiseurs et franchis\u00e9s, c-\u00e0-d. ouverts \u00e0 tous). Ceci \u00e0 des tarifs pr\u00e9f\u00e9rentiels.\r\n<ol start=\"2\">\r\n \t<li><span style=\"color: #000080;\"><strong>Participer aux Commissions.<\/strong><\/span><\/li>\r\n<\/ol>\r\nLes &nbsp;Commissions&nbsp;ont pour objectif de promouvoir et de faire \u00e9voluer la franchise par l\u2019\u00e9change d\u2019exp\u00e9riences et la mise sur pied d\u2019actions.\r\n\r\nPar ailleurs, la FBF est membre de l\u2019EFF (F\u00e9d\u00e9ration Europ\u00e9enne de la Franchise \u2013 European Franchise Federation) et du WFC (Organisation Mondiale de la Franchise \u2013 World Franchise Council).\r\n\r\nCes organisations soutiennent l\u2019action de lobbying de la FBF au niveau international et surtout europ\u00e9en.\r\n<ol start=\"3\">\r\n \t<li><span style=\"color: #000080;\"><strong>Etre pr\u00e9sent&nbsp;:\r\n<\/strong><\/span>Sur le site web&nbsp;(carte de visite) de la FBF: <a href=\"https:\/\/www.fbf-bff.be\/\" target=\"_blank\" rel=\"noopener\">www.fbf-bff.be<\/a>&nbsp;:<\/li>\r\n<\/ol>\r\n<ul>\r\n \t<li>Insertion gratuite du logo.<\/li>\r\n \t<li>insertion gratuite d\u2019une fiche reprenant l\u2019enti\u00e8ret\u00e9 des informations relatives au r\u00e9seau du franchiseur.A l&rsquo;Assembl\u00e9e G\u00e9n\u00e9rale annuelle de la FBF: Un moment de networking avec tous les membres de la FBF.<\/li>\r\n<\/ul>\r\n<ol start=\"4\">\r\n \t<li><span style=\"color: #000080;\"><strong>Recevoir&nbsp;gratuitement:<\/strong><\/span><\/li>\r\n<\/ol>\r\n<ul>\r\n \t<li>Des conseils des collaborateurs de la FBF ainsi que du r\u00e9seau.<\/li>\r\n \t<li>Le Guide de la franchise, publi\u00e9 en deux langues (FR+NL).<\/li>\r\n \t<li>La Newsletter de Franchising Belgium.<\/li>\r\n<\/ul>\r\n<ol start=\"5\">\r\n \t<li><span style=\"color: #000080;\"><strong>B\u00e9n\u00e9ficier de tarifs pr\u00e9f\u00e9rentiels<\/strong><\/span><\/li>\r\n<\/ol>\r\n<ul>\r\n \t<li>Sur une visibilit\u00e9 et l&rsquo;insertion d&rsquo;une fiche de recrutement sur le site Franchising Belgium (<a href=\"https:\/\/franchisingbelgium.be\/?lang=fr\" target=\"_blank\" rel=\"noopener\">www.franchisingbelgium.be<\/a>)<\/li>\r\n \t<li>Sur des e-mailings envoy\u00e9s \u00e0 toute la base de donn\u00e9es de la FBF (+\/- 13.500 contacts)<\/li>\r\n \t<li>Aux \u00e9v\u00e9nements de recrutement de la FBF, les Franchising Belgium Days<\/li>\r\n \t<li>Aux salons de la franchise dont la FBF est partenaire<\/li>\r\n \t<li>Aux \u00e9v\u00e9nements organis\u00e9s par la FBF (s\u00e9minaires, tables rondes&#8230;)&nbsp;<\/li>\r\n \t<li>Sur le reportage Z-franchise de Canal Z (r\u00e9serv\u00e9 aux membres de la FBF)<\/li>\r\n<\/ul>\r\n<span style=\"color: #000080;\"><strong>6. Exploiter le logo de la FBF dans tous les documents internes et externes.<\/strong><\/span>\r\n\r\nLes crit\u00e8res de s\u00e9lection particuli\u00e8rement s\u00e9v\u00e8res des r\u00e9seaux membres de la FBF (\u00e9tude du contrat de franchise, \u00e9tude des pilotes du franchiseur et de ses franchis\u00e9s, v\u00e9rification de l\u2019existence d\u2019un savoir-faire, entretiens avec le franchiseur, respect du&nbsp;<a href=\"https:\/\/www.fbf-bff.be\/fr\/federation\/code-de-deontologie\/\" target=\"_blank\" rel=\"noopener\">Code de D\u00e9ontologie&nbsp;Europ\u00e9en<\/a>, respect des crit\u00e8res de la FBF quant \u00e0 la communication d\u2019informations pr\u00e9contractuelles,\u2026), sont pour le candidat franchis\u00e9 une garantie d\u2019honn\u00eatet\u00e9 et de savoir-faire du franchiseur, par ailleurs soucieux des int\u00e9r\u00eats de son r\u00e9seau.\r\n<ol start=\"7\">\r\n \t<li><span style=\"color: #000080;\"><strong>Rencontre avec les franchis\u00e9s&nbsp;: avoir acc\u00e8s au Comit\u00e9 Consultatif des franchis\u00e9s.<\/strong><\/span><\/li>\r\n<\/ol>\r\nCe comit\u00e9 a \u00e9t\u00e9 cr\u00e9\u00e9 \u00e0 l\u2019attention des franchis\u00e9s, afin de leur donner la possibilit\u00e9 de s\u2019exprimer au sein de la FBF.\r\n\r\nCr\u00e9\u00e9 en 1997, le Comit\u00e9 Consultatif des Franchis\u00e9s &#8211; lieu de r\u00e9flexion, de dialogue et de consultation &#8211; tend \u00e0 associer les franchis\u00e9s aux 3 missions de la FBF&nbsp;: promouvoir la franchise, repr\u00e9senter la franchise et d\u00e9fendre la franchise en \u00e9tant le garant de sa d\u00e9ontologie.\r\n\r\nSes objectifs sont de mieux entendre les r\u00e9seaux de franchise, en prenant en compte \u00e0 la fois les int\u00e9r\u00eats des franchiseurs et franchis\u00e9s&nbsp;; de suivre l\u2019\u00e9volution de la gestion des r\u00e9seaux et d\u2019assurer une plus grande repr\u00e9sentativit\u00e9 des franchis\u00e9s dans les actions de promotion.\r\n\r\nChaque r\u00e9seau membre&nbsp; y d\u00e9l\u00e8gue un repr\u00e9sentant franchis\u00e9.\r\n\r\nCe Comit\u00e9 est exclusivement compos\u00e9 des franchis\u00e9s des r\u00e9seaux membres de la FBF. Il est anim\u00e9 par un membre du conseil d&rsquo;administration&nbsp;de la FBF.\r\n\r\nCe Comit\u00e9 \u00e9met des recommandations qu\u2019il adresse au Conseil d\u2019Administration de la FBF.\r\n<ol start=\"8\">\r\n \t<li><span style=\"color: #000080;\"><strong>Avoir acc\u00e8s aux modes alternatifs de r\u00e8glements des conflits franchiseur-franchis\u00e9s<\/strong><\/span><\/li>\r\n<\/ol>\r\nVous pouvez consulter les modes alternatifs de r\u00e8glements de conflits en cliquant&nbsp;<a href=\"https:\/\/www.fbf-bff.be\/fr\/federation\/litiges\/\" target=\"_blank\" rel=\"noopener\">ici<\/a>.\r\n\r\n&nbsp;[\/vc_column_text][\/vc_column][\/vc_row]","protected":false},"excerpt":{"rendered":"<p>[vc_row][vc_column][vc_column_text]<br \/>\nEtre Franchiseur, c&rsquo;est bien&#8230;<br \/>\nEtre un Franchiseur membre de la FBF, c&rsquo;est mieux!<br \/>\nPourquoi devenir membre de la F\u00e9d\u00e9ration Belge de la Franchise&nbsp;?<\/p>\n<p>La \u00ab&nbsp;cr\u00e9dibilit\u00e9&nbsp;\u00bb est le mot-cl\u00e9.&nbsp;Etre membre de la FBF renforce la cr\u00e9dibilit\u00e9 du franchiseur et de son r\u00e9seau.<\/p>\n<p>Chaque enseigne adh\u00e9rente \u00e0 la FBF &#8230;<\/p>\n","protected":false},"author":2,"featured_media":0,"parent":865,"menu_order":0,"comment_status":"closed","ping_status":"closed","template":"template_leftnav.php","meta":{"ngg_post_thumbnail":0,"footnotes":""},"acf":[],"yoast_head":"<!-- This site is optimized with the Yoast SEO plugin v23.5 - https:\/\/yoast.com\/wordpress\/plugins\/seo\/ -->\n<title>Devenir membre de la FBF - F\u00e9d\u00e9ration Belge de la Franchise<\/title>\n<meta name=\"robots\" content=\"index, follow, max-snippet:-1, max-image-preview:large, max-video-preview:-1\" \/>\n<link rel=\"canonical\" href=\"https:\/\/www.fbf-bff.be\/fr\/franchiseur\/devenir-membre-de-la-fbf\/\" \/>\n<meta property=\"og:locale\" content=\"fr_FR\" \/>\n<meta property=\"og:type\" content=\"article\" \/>\n<meta property=\"og:title\" content=\"Devenir membre de la FBF - F\u00e9d\u00e9ration Belge de la Franchise\" \/>\n<meta property=\"og:description\" content=\"[vc_row][vc_column][vc_column_text] Etre Franchiseur, c&rsquo;est bien&#8230; Etre un Franchiseur membre de la FBF, c&rsquo;est mieux! Pourquoi devenir membre de la F\u00e9d\u00e9ration Belge de la Franchise&nbsp;?  La \u00ab&nbsp;cr\u00e9dibilit\u00e9&nbsp;\u00bb est le mot-cl\u00e9.&nbsp;Etre membre de la FBF renforce la cr\u00e9dibilit\u00e9 du franchiseur et de son r\u00e9seau.  Chaque enseigne adh\u00e9rente \u00e0 la FBF ...\" \/>\n<meta property=\"og:url\" content=\"https:\/\/www.fbf-bff.be\/fr\/franchiseur\/devenir-membre-de-la-fbf\/\" \/>\n<meta property=\"og:site_name\" content=\"F\u00e9d\u00e9ration Belge de la Franchise\" \/>\n<meta property=\"article:modified_time\" content=\"2018-07-24T10:31:03+00:00\" \/>\n<meta property=\"og:image\" content=\"https:\/\/www.fbf-bff.be\/wp-content\/uploads\/2017\/06\/fbf-bff-fb-cover.jpg\" \/>\n\t<meta property=\"og:image:width\" content=\"1200\" \/>\n\t<meta property=\"og:image:height\" content=\"630\" \/>\n\t<meta property=\"og:image:type\" content=\"image\/jpeg\" \/>\n<meta name=\"twitter:card\" content=\"summary_large_image\" \/>\n<meta name=\"twitter:label1\" content=\"Dur\u00e9e de lecture estim\u00e9e\" \/>\n\t<meta name=\"twitter:data1\" content=\"7 minutes\" \/>\n<script type=\"application\/ld+json\" class=\"yoast-schema-graph\">{\"@context\":\"https:\/\/schema.org\",\"@graph\":[{\"@type\":\"WebPage\",\"@id\":\"https:\/\/www.fbf-bff.be\/fr\/franchiseur\/devenir-membre-de-la-fbf\/\",\"url\":\"https:\/\/www.fbf-bff.be\/fr\/franchiseur\/devenir-membre-de-la-fbf\/\",\"name\":\"Devenir membre de la FBF - F\u00e9d\u00e9ration Belge de la Franchise\",\"isPartOf\":{\"@id\":\"https:\/\/www.fbf-bff.be\/#website\"},\"datePublished\":\"2017-01-23T13:04:52+00:00\",\"dateModified\":\"2018-07-24T10:31:03+00:00\",\"breadcrumb\":{\"@id\":\"https:\/\/www.fbf-bff.be\/fr\/franchiseur\/devenir-membre-de-la-fbf\/#breadcrumb\"},\"inLanguage\":\"fr-FR\",\"potentialAction\":[{\"@type\":\"ReadAction\",\"target\":[\"https:\/\/www.fbf-bff.be\/fr\/franchiseur\/devenir-membre-de-la-fbf\/\"]}]},{\"@type\":\"BreadcrumbList\",\"@id\":\"https:\/\/www.fbf-bff.be\/fr\/franchiseur\/devenir-membre-de-la-fbf\/#breadcrumb\",\"itemListElement\":[{\"@type\":\"ListItem\",\"position\":1,\"name\":\"Home\",\"item\":\"https:\/\/www.fbf-bff.be\/fr\/\"},{\"@type\":\"ListItem\",\"position\":2,\"name\":\"Franchiseur\",\"item\":\"https:\/\/www.fbf-bff.be\/fr\/franchiseur\/\"},{\"@type\":\"ListItem\",\"position\":3,\"name\":\"Devenir membre de la FBF\"}]},{\"@type\":\"WebSite\",\"@id\":\"https:\/\/www.fbf-bff.be\/#website\",\"url\":\"https:\/\/www.fbf-bff.be\/\",\"name\":\"F\u00e9d\u00e9ration Belge de la Franchise\",\"description\":\"Pour r\u00e9ussir ensemblee\",\"potentialAction\":[{\"@type\":\"SearchAction\",\"target\":{\"@type\":\"EntryPoint\",\"urlTemplate\":\"https:\/\/www.fbf-bff.be\/?s={search_term_string}\"},\"query-input\":{\"@type\":\"PropertyValueSpecification\",\"valueRequired\":true,\"valueName\":\"search_term_string\"}}],\"inLanguage\":\"fr-FR\"}]}<\/script>\n<!-- \/ Yoast SEO plugin. -->","yoast_head_json":{"title":"Devenir membre de la FBF - F\u00e9d\u00e9ration Belge de la Franchise","robots":{"index":"index","follow":"follow","max-snippet":"max-snippet:-1","max-image-preview":"max-image-preview:large","max-video-preview":"max-video-preview:-1"},"canonical":"https:\/\/www.fbf-bff.be\/fr\/franchiseur\/devenir-membre-de-la-fbf\/","og_locale":"fr_FR","og_type":"article","og_title":"Devenir membre de la FBF - F\u00e9d\u00e9ration Belge de la Franchise","og_description":"[vc_row][vc_column][vc_column_text] Etre Franchiseur, c&rsquo;est bien&#8230; Etre un Franchiseur membre de la FBF, c&rsquo;est mieux! Pourquoi devenir membre de la F\u00e9d\u00e9ration Belge de la Franchise&nbsp;?  La \u00ab&nbsp;cr\u00e9dibilit\u00e9&nbsp;\u00bb est le mot-cl\u00e9.&nbsp;Etre membre de la FBF renforce la cr\u00e9dibilit\u00e9 du franchiseur et de son r\u00e9seau.  Chaque enseigne adh\u00e9rente \u00e0 la FBF ...","og_url":"https:\/\/www.fbf-bff.be\/fr\/franchiseur\/devenir-membre-de-la-fbf\/","og_site_name":"F\u00e9d\u00e9ration Belge de la Franchise","article_modified_time":"2018-07-24T10:31:03+00:00","og_image":[{"width":1200,"height":630,"url":"https:\/\/www.fbf-bff.be\/wp-content\/uploads\/2017\/06\/fbf-bff-fb-cover.jpg","type":"image\/jpeg"}],"twitter_card":"summary_large_image","twitter_misc":{"Dur\u00e9e de lecture estim\u00e9e":"7 minutes"},"schema":{"@context":"https:\/\/schema.org","@graph":[{"@type":"WebPage","@id":"https:\/\/www.fbf-bff.be\/fr\/franchiseur\/devenir-membre-de-la-fbf\/","url":"https:\/\/www.fbf-bff.be\/fr\/franchiseur\/devenir-membre-de-la-fbf\/","name":"Devenir membre de la FBF - F\u00e9d\u00e9ration Belge de la Franchise","isPartOf":{"@id":"https:\/\/www.fbf-bff.be\/#website"},"datePublished":"2017-01-23T13:04:52+00:00","dateModified":"2018-07-24T10:31:03+00:00","breadcrumb":{"@id":"https:\/\/www.fbf-bff.be\/fr\/franchiseur\/devenir-membre-de-la-fbf\/#breadcrumb"},"inLanguage":"fr-FR","potentialAction":[{"@type":"ReadAction","target":["https:\/\/www.fbf-bff.be\/fr\/franchiseur\/devenir-membre-de-la-fbf\/"]}]},{"@type":"BreadcrumbList","@id":"https:\/\/www.fbf-bff.be\/fr\/franchiseur\/devenir-membre-de-la-fbf\/#breadcrumb","itemListElement":[{"@type":"ListItem","position":1,"name":"Home","item":"https:\/\/www.fbf-bff.be\/fr\/"},{"@type":"ListItem","position":2,"name":"Franchiseur","item":"https:\/\/www.fbf-bff.be\/fr\/franchiseur\/"},{"@type":"ListItem","position":3,"name":"Devenir membre de la FBF"}]},{"@type":"WebSite","@id":"https:\/\/www.fbf-bff.be\/#website","url":"https:\/\/www.fbf-bff.be\/","name":"F\u00e9d\u00e9ration Belge de la Franchise","description":"Pour r\u00e9ussir ensemblee","potentialAction":[{"@type":"SearchAction","target":{"@type":"EntryPoint","urlTemplate":"https:\/\/www.fbf-bff.be\/?s={search_term_string}"},"query-input":{"@type":"PropertyValueSpecification","valueRequired":true,"valueName":"search_term_string"}}],"inLanguage":"fr-FR"}]}},"_links":{"self":[{"href":"https:\/\/www.fbf-bff.be\/fr\/wp-json\/wp\/v2\/pages\/696"}],"collection":[{"href":"https:\/\/www.fbf-bff.be\/fr\/wp-json\/wp\/v2\/pages"}],"about":[{"href":"https:\/\/www.fbf-bff.be\/fr\/wp-json\/wp\/v2\/types\/page"}],"author":[{"embeddable":true,"href":"https:\/\/www.fbf-bff.be\/fr\/wp-json\/wp\/v2\/users\/2"}],"replies":[{"embeddable":true,"href":"https:\/\/www.fbf-bff.be\/fr\/wp-json\/wp\/v2\/comments?post=696"}],"version-history":[{"count":5,"href":"https:\/\/www.fbf-bff.be\/fr\/wp-json\/wp\/v2\/pages\/696\/revisions"}],"predecessor-version":[{"id":1741,"href":"https:\/\/www.fbf-bff.be\/fr\/wp-json\/wp\/v2\/pages\/696\/revisions\/1741"}],"up":[{"embeddable":true,"href":"https:\/\/www.fbf-bff.be\/fr\/wp-json\/wp\/v2\/pages\/865"}],"wp:attachment":[{"href":"https:\/\/www.fbf-bff.be\/fr\/wp-json\/wp\/v2\/media?parent=696"}],"curies":[{"name":"wp","href":"https:\/\/api.w.org\/{rel}","templated":true}]}}