{"id":660,"date":"2017-01-23T11:43:57","date_gmt":"2017-01-23T11:43:57","guid":{"rendered":"https:\/\/www.fbf-bff.be\/?page_id=660\/"},"modified":"2019-04-16T09:43:02","modified_gmt":"2019-04-16T09:43:02","slug":"nos-membres-accredites","status":"publish","type":"page","link":"https:\/\/www.fbf-bff.be\/fr\/franchise\/nos-membres-accredites\/","title":{"rendered":"Nos membres accr\u00e9dit\u00e9s"},"content":{"rendered":"[vc_row][vc_column][vc_column_text]\r\n<h1><span style=\"color: #000080;\">Membres accr\u00e9dit\u00e9s par la FBF<\/span><\/h1>\r\nVous trouverez ci-dessous la liste des experts accr\u00e9dit\u00e9s de la FBF.\r\n\r\n&nbsp;[\/vc_column_text][\/vc_column][\/vc_row][vc_row][vc_column]\r\n    <div class=\"formulas_grid_sc\">\r\n        <div class=\"formulas_grid_sc_inner equal-height\">\r\n                                                <div class=\"item has-border\" >\r\n                        <a href=\"https:\/\/www.fbf-bff.be\/fr\/formulas\/deloitte-copy\/\">\r\n                            <img decoding=\"async\" src=\"https:\/\/www.fbf-bff.be\/wp-content\/uploads\/2025\/03\/Copy-of-In-extenso-logo.png\" alt=\"AbsoluteYou\">\r\n                        <\/a>\r\n                    <\/div>\r\n                                    <div class=\"item has-border\" >\r\n                        <a href=\"https:\/\/www.fbf-bff.be\/fr\/formulas\/addretail\/\">\r\n                            <img decoding=\"async\" src=\"https:\/\/www.fbf-bff.be\/wp-content\/uploads\/2025\/07\/LOGO_AR.png\" alt=\"ADDRETAIL\">\r\n                        <\/a>\r\n                    <\/div>\r\n                                    <div class=\"item has-border\" >\r\n                        <a href=\"https:\/\/www.fbf-bff.be\/fr\/formulas\/1198\/\">\r\n                            <img decoding=\"async\" src=\"https:\/\/www.fbf-bff.be\/wp-content\/uploads\/2017\/05\/Altius.jpg\" alt=\"Altius\">\r\n                        <\/a>\r\n                    <\/div>\r\n                                    <div class=\"item has-border\" >\r\n                        <a href=\"https:\/\/www.fbf-bff.be\/fr\/formulas\/seeds-of-law-2\/\">\r\n                            <img decoding=\"async\" src=\"https:\/\/www.fbf-bff.be\/wp-content\/uploads\/2021\/02\/Untitled-design.jpg\" alt=\"Andersen\">\r\n                        <\/a>\r\n                    <\/div>\r\n                                    <div class=\"item has-border\" >\r\n                        <a href=\"https:\/\/www.fbf-bff.be\/fr\/formulas\/attentia\/\">\r\n                            <img decoding=\"async\" src=\"https:\/\/www.fbf-bff.be\/wp-content\/uploads\/2023\/10\/Logo-Adaptation-format-site-FBF-Att.png\" alt=\"ATTENTIA\">\r\n                        <\/a>\r\n                    <\/div>\r\n                                    <div class=\"item has-border\" >\r\n                        <a href=\"https:\/\/www.fbf-bff.be\/fr\/formulas\/cabinet-davocats-marc-geron\/\">\r\n                            <img decoding=\"async\" src=\"https:\/\/www.fbf-bff.be\/wp-content\/uploads\/2017\/05\/Untitled-design1.png\" alt=\"Avroy Avocats\">\r\n                        <\/a>\r\n                    <\/div>\r\n                                    <div class=\"item has-border\" >\r\n                        <a href=\"https:\/\/www.fbf-bff.be\/fr\/formulas\/bh-partners\/\">\r\n                            <img decoding=\"async\" src=\"https:\/\/www.fbf-bff.be\/wp-content\/uploads\/2024\/02\/Logo-Adaptation-format-site-FBF-bh-partners.png\" alt=\"BH &#038; Partners\">\r\n                        <\/a>\r\n                    <\/div>\r\n                                    <div class=\"item has-border\" >\r\n                        <a href=\"https:\/\/www.fbf-bff.be\/fr\/formulas\/cbc-banque-et-assurance\/\">\r\n                            <img decoding=\"async\" src=\"https:\/\/www.fbf-bff.be\/wp-content\/uploads\/2019\/05\/CBC-BANQUE-ASSURANCE_H_CYAN-BLEU_RVB-1.png\" alt=\"CBC Banque et Assurance\">\r\n                        <\/a>\r\n                    <\/div>\r\n                                    <div class=\"item has-border\" >\r\n                        <a href=\"https:\/\/www.fbf-bff.be\/fr\/formulas\/centrius\/\">\r\n                            <img decoding=\"async\" src=\"https:\/\/www.fbf-bff.be\/wp-content\/uploads\/2025\/11\/logo-centrius-vectorise-002.png\" alt=\"Centrius\">\r\n                        <\/a>\r\n                    <\/div>\r\n                                    <div class=\"item has-border\" >\r\n                        <a href=\"https:\/\/www.fbf-bff.be\/fr\/formulas\/centrius-copy-copy\/\">\r\n                            <img decoding=\"async\" src=\"https:\/\/www.fbf-bff.be\/wp-content\/uploads\/2025\/11\/logo-centrius-vectorise-002.png\" alt=\"Centrius Kopi\u00ebren Kopi\u00ebren\">\r\n                        <\/a>\r\n                    <\/div>\r\n                                    <div class=\"item has-border\" >\r\n                        <a href=\"https:\/\/www.fbf-bff.be\/fr\/formulas\/contrast-law\/\">\r\n                            <img decoding=\"async\" src=\"https:\/\/www.fbf-bff.be\/wp-content\/uploads\/2018\/11\/CO_RGB_BLAUW_300dpi-002-1.png\" alt=\"contrast\">\r\n                        <\/a>\r\n                    <\/div>\r\n                                    <div class=\"item has-border\" >\r\n                        <a href=\"https:\/\/www.fbf-bff.be\/fr\/formulas\/dbb-defenso\/\">\r\n                            <img decoding=\"async\" src=\"https:\/\/www.fbf-bff.be\/wp-content\/uploads\/2017\/05\/Logo-Adaptation-format-site-FBF-BH1.png\" alt=\"DBB Defenso\">\r\n                        <\/a>\r\n                    <\/div>\r\n                                    <div class=\"item has-border\" >\r\n                        <a href=\"https:\/\/www.fbf-bff.be\/fr\/formulas\/deloitte\/\">\r\n                            <img decoding=\"async\" src=\"https:\/\/www.fbf-bff.be\/wp-content\/uploads\/2024\/03\/Logo-Adaptation-format-site-FBF-Deloitte.png\" alt=\"Deloitte\">\r\n                        <\/a>\r\n                    <\/div>\r\n                                    <div class=\"item has-border\" >\r\n                        <a href=\"https:\/\/www.fbf-bff.be\/fr\/formulas\/seeds-of-law-2-copy\/\">\r\n                            <img decoding=\"async\" src=\"https:\/\/www.fbf-bff.be\/wp-content\/uploads\/2022\/06\/Copy-of-Logo-Adaptation-format-site-FBF.png\" alt=\"DVR MANAGEMENT\">\r\n                        <\/a>\r\n                    <\/div>\r\n                                    <div class=\"item has-border\" >\r\n                        <a href=\"https:\/\/www.fbf-bff.be\/fr\/formulas\/easi\/\">\r\n                            <img decoding=\"async\" src=\"https:\/\/www.fbf-bff.be\/wp-content\/uploads\/2026\/03\/easi-logo.png\" alt=\"Easi\">\r\n                        <\/a>\r\n                    <\/div>\r\n                                    <div class=\"item has-border\" >\r\n                        <a href=\"https:\/\/www.fbf-bff.be\/fr\/formulas\/ernst-young-accountants-scrl\/\">\r\n                            <img decoding=\"async\" src=\"https:\/\/www.fbf-bff.be\/wp-content\/uploads\/2019\/07\/logo-ey.png\" alt=\"Ernst &#038; Young Accountants SCRL\">\r\n                        <\/a>\r\n                    <\/div>\r\n                                    <div class=\"item has-border\" >\r\n                        <a href=\"https:\/\/www.fbf-bff.be\/fr\/formulas\/fudiciaire-du-brabant-walon\/\">\r\n                            <img decoding=\"async\" src=\"https:\/\/www.fbf-bff.be\/wp-content\/uploads\/2016\/12\/FBWAB.jpg\" alt=\"Fiduciaire du Brabant Walon\">\r\n                        <\/a>\r\n                    <\/div>\r\n                                    <div class=\"item has-border\" >\r\n                        <a href=\"https:\/\/www.fbf-bff.be\/fr\/formulas\/fiduciaire-mouscronnoise\/\">\r\n                            <img decoding=\"async\" src=\"https:\/\/www.fbf-bff.be\/wp-content\/uploads\/2017\/06\/Fiduciaire-Mouscronnoise_small.jpg\" alt=\"Fiduciaire Mouscronnoise\">\r\n                        <\/a>\r\n                    <\/div>\r\n                                    <div class=\"item has-border\" >\r\n                        <a href=\"https:\/\/www.fbf-bff.be\/fr\/formulas\/fiducial-accountancy\/\">\r\n                            <img decoding=\"async\" src=\"https:\/\/www.fbf-bff.be\/wp-content\/uploads\/2018\/11\/logo-fiducial.jpg\" alt=\"Fiducial Accountancy\">\r\n                        <\/a>\r\n                    <\/div>\r\n                                    <div class=\"item has-border\" >\r\n                        <a href=\"https:\/\/www.fbf-bff.be\/fr\/formulas\/fiduscom\/\">\r\n                            <img decoding=\"async\" src=\"https:\/\/www.fbf-bff.be\/wp-content\/uploads\/2016\/12\/Fiduscom.jpg\" alt=\"FIDUSCOM\">\r\n                        <\/a>\r\n                    <\/div>\r\n                                    <div class=\"item has-border\" >\r\n                        <a href=\"https:\/\/www.fbf-bff.be\/fr\/formulas\/flinn-law\/\">\r\n                            <img decoding=\"async\" src=\"https:\/\/www.fbf-bff.be\/wp-content\/uploads\/2018\/09\/flinn.png\" alt=\"FLINN Law\">\r\n                        <\/a>\r\n                    <\/div>\r\n                                    <div class=\"item has-border\" >\r\n                        <a href=\"https:\/\/www.fbf-bff.be\/fr\/formulas\/geo-consulting\/\">\r\n                            <img decoding=\"async\" src=\"https:\/\/www.fbf-bff.be\/wp-content\/uploads\/2017\/05\/Untitled-design3.png\" alt=\"GEOConsulting\">\r\n                        <\/a>\r\n                    <\/div>\r\n                                    <div class=\"item has-border\" >\r\n                        <a href=\"https:\/\/www.fbf-bff.be\/fr\/formulas\/group-s\/\">\r\n                            <img decoding=\"async\" src=\"https:\/\/www.fbf-bff.be\/wp-content\/uploads\/2017\/06\/GS_vierkant-02_JPG.jpg\" alt=\"Group S\">\r\n                        <\/a>\r\n                    <\/div>\r\n                                    <div class=\"item has-border\" >\r\n                        <a href=\"https:\/\/www.fbf-bff.be\/fr\/formulas\/in-extenso\/\">\r\n                            <img decoding=\"async\" src=\"https:\/\/www.fbf-bff.be\/wp-content\/uploads\/2024\/03\/In-extenso-logo.png\" alt=\"In Extenso\">\r\n                        <\/a>\r\n                    <\/div>\r\n                                    <div class=\"item has-border\" >\r\n                        <a href=\"https:\/\/www.fbf-bff.be\/fr\/formulas\/ing-belgique\/\">\r\n                            <img decoding=\"async\" src=\"https:\/\/www.fbf-bff.be\/wp-content\/uploads\/2017\/05\/ING.jpg\" alt=\"ING Belgique\">\r\n                        <\/a>\r\n                    <\/div>\r\n                                    <div class=\"item has-border\" >\r\n                        <a href=\"https:\/\/www.fbf-bff.be\/fr\/formulas\/intakt\/\">\r\n                            <img decoding=\"async\" src=\"https:\/\/www.fbf-bff.be\/wp-content\/uploads\/2018\/11\/Intakt_Logo_Law-Firm-pdf.jpg\" alt=\"Intakt Law\">\r\n                        <\/a>\r\n                    <\/div>\r\n                                    <div class=\"item has-border\" >\r\n                        <a href=\"https:\/\/www.fbf-bff.be\/fr\/formulas\/mobilosoft\/\">\r\n                            <img decoding=\"async\" src=\"https:\/\/www.fbf-bff.be\/wp-content\/uploads\/2022\/06\/Untitled-design4.png\" alt=\"Mobilosoft\">\r\n                        <\/a>\r\n                    <\/div>\r\n                                    <div class=\"item has-border\" >\r\n                        <a href=\"https:\/\/www.fbf-bff.be\/fr\/formulas\/monizze\/\">\r\n                            <img decoding=\"async\" src=\"https:\/\/www.fbf-bff.be\/wp-content\/uploads\/2017\/05\/logo-monizze.png\" alt=\"Monizze\">\r\n                        <\/a>\r\n                    <\/div>\r\n                                    <div class=\"item has-border\" >\r\n                        <a href=\"https:\/\/www.fbf-bff.be\/fr\/formulas\/osborne-clarke\/\">\r\n                            <img decoding=\"async\" src=\"https:\/\/www.fbf-bff.be\/wp-content\/uploads\/2017\/05\/osborne.png\" alt=\"Osborne Clarke\">\r\n                        <\/a>\r\n                    <\/div>\r\n                                    <div class=\"item has-border\" >\r\n                        <a href=\"https:\/\/www.fbf-bff.be\/fr\/formulas\/partena\/\">\r\n                            <img decoding=\"async\" src=\"https:\/\/www.fbf-bff.be\/wp-content\/uploads\/2026\/01\/Partena-Logo-100X100.jpg\" alt=\"Partena\">\r\n                        <\/a>\r\n                    <\/div>\r\n                                    <div class=\"item has-border\" >\r\n                        <a href=\"https:\/\/www.fbf-bff.be\/fr\/formulas\/racine-avocats\/\">\r\n                            <img decoding=\"async\" src=\"https:\/\/www.fbf-bff.be\/wp-content\/uploads\/2017\/05\/Untitled-design6.png\" alt=\"Racine Avocats\">\r\n                        <\/a>\r\n                    <\/div>\r\n                                    <div class=\"item has-border\" >\r\n                        <a href=\"https:\/\/www.fbf-bff.be\/fr\/formulas\/schoups\/\">\r\n                            <img decoding=\"async\" src=\"https:\/\/www.fbf-bff.be\/wp-content\/uploads\/2019\/09\/Schoups1-1.jpg\" alt=\"Schoups\">\r\n                        <\/a>\r\n                    <\/div>\r\n                                    <div class=\"item has-border\" >\r\n                        <a href=\"https:\/\/www.fbf-bff.be\/fr\/formulas\/strelia\/\">\r\n                            <img decoding=\"async\" src=\"https:\/\/www.fbf-bff.be\/wp-content\/uploads\/2017\/06\/stralia.png\" alt=\"Strelia\">\r\n                        <\/a>\r\n                    <\/div>\r\n                                    <div class=\"item has-border\" >\r\n                        <a href=\"https:\/\/www.fbf-bff.be\/fr\/formulas\/synergee-group\/\">\r\n                            <img decoding=\"async\" src=\"https:\/\/www.fbf-bff.be\/wp-content\/uploads\/2017\/05\/Synergee-CMJN.png\" alt=\"Synergee Group\">\r\n                        <\/a>\r\n                    <\/div>\r\n                                    <div class=\"item has-border\" >\r\n                        <a href=\"https:\/\/www.fbf-bff.be\/fr\/formulas\/primes-services-copy\/\">\r\n                            <img decoding=\"async\" src=\"https:\/\/www.fbf-bff.be\/wp-content\/uploads\/2024\/11\/1.jpg\" alt=\"UCM\">\r\n                        <\/a>\r\n                    <\/div>\r\n                                    <div class=\"item has-border\" >\r\n                        <a href=\"https:\/\/www.fbf-bff.be\/fr\/formulas\/up2c\/\">\r\n                            <img decoding=\"async\" src=\"https:\/\/www.fbf-bff.be\/wp-content\/uploads\/2018\/07\/logo-Up-2.jpg\" alt=\"Up2Consult\">\r\n                        <\/a>\r\n                    <\/div>\r\n                                    <div class=\"item has-border\" >\r\n                        <a href=\"https:\/\/www.fbf-bff.be\/fr\/formulas\/van-cutsem-wittamer-marnef-partners-sc\/\">\r\n                            <img decoding=\"async\" src=\"https:\/\/www.fbf-bff.be\/wp-content\/uploads\/2016\/12\/VanCutsem.jpg\" alt=\"Van Cutsem Wittamer Marnef &#038; Partners SC\">\r\n                        <\/a>\r\n                    <\/div>\r\n                                    <div class=\"item has-border\" >\r\n                        <a href=\"https:\/\/www.fbf-bff.be\/fr\/formulas\/vanbreda-risk-benefits\/\">\r\n                            <img decoding=\"async\" src=\"https:\/\/www.fbf-bff.be\/wp-content\/uploads\/2022\/07\/D.V.R.-Management7.png\" alt=\"VANBREDA RISK &#038; BENEFITS\">\r\n                        <\/a>\r\n                    <\/div>\r\n                                    <div class=\"item has-border\" >\r\n                        <a href=\"https:\/\/www.fbf-bff.be\/fr\/formulas\/sowaccess\/\">\r\n                            <img decoding=\"async\" src=\"https:\/\/www.fbf-bff.be\/wp-content\/uploads\/2019\/09\/D.V.R.-Management1.png\" alt=\"Wallonie Entreprendre\">\r\n                        <\/a>\r\n                    <\/div>\r\n                                <div class=\"cf\"><\/div>\r\n                    <\/div>\r\n    <\/div>\r\n\r\n    [\/vc_column][\/vc_row][vc_row][vc_column][vc_empty_space][\/vc_column][\/vc_row]","protected":false},"excerpt":{"rendered":"","protected":false},"author":2,"featured_media":0,"parent":867,"menu_order":0,"comment_status":"closed","ping_status":"closed","template":"template_leftnav.php","meta":{"ngg_post_thumbnail":0,"footnotes":""},"acf":[],"yoast_head":"<!-- This site is optimized with the Yoast SEO plugin v23.5 - https:\/\/yoast.com\/wordpress\/plugins\/seo\/ -->\n<title>Nos membres accr\u00e9dit\u00e9s - F\u00e9d\u00e9ration Belge de la Franchise<\/title>\n<meta name=\"robots\" content=\"index, follow, max-snippet:-1, max-image-preview:large, max-video-preview:-1\" \/>\n<link rel=\"canonical\" href=\"https:\/\/www.fbf-bff.be\/fr\/franchise\/nos-membres-accredites\/\" \/>\n<meta property=\"og:locale\" content=\"fr_FR\" \/>\n<meta property=\"og:type\" content=\"article\" \/>\n<meta property=\"og:title\" content=\"Nos membres accr\u00e9dit\u00e9s - F\u00e9d\u00e9ration Belge de la Franchise\" \/>\n<meta property=\"og:url\" content=\"https:\/\/www.fbf-bff.be\/fr\/franchise\/nos-membres-accredites\/\" \/>\n<meta property=\"og:site_name\" content=\"F\u00e9d\u00e9ration Belge de la Franchise\" \/>\n<meta property=\"article:modified_time\" content=\"2019-04-16T09:43:02+00:00\" \/>\n<meta property=\"og:image\" content=\"https:\/\/www.fbf-bff.be\/wp-content\/uploads\/2017\/06\/fbf-bff-fb-cover.jpg\" \/>\n\t<meta property=\"og:image:width\" content=\"1200\" \/>\n\t<meta property=\"og:image:height\" content=\"630\" \/>\n\t<meta property=\"og:image:type\" content=\"image\/jpeg\" \/>\n<meta name=\"twitter:card\" content=\"summary_large_image\" \/>\n<script type=\"application\/ld+json\" class=\"yoast-schema-graph\">{\"@context\":\"https:\/\/schema.org\",\"@graph\":[{\"@type\":\"WebPage\",\"@id\":\"https:\/\/www.fbf-bff.be\/fr\/franchise\/nos-membres-accredites\/\",\"url\":\"https:\/\/www.fbf-bff.be\/fr\/franchise\/nos-membres-accredites\/\",\"name\":\"Nos membres accr\u00e9dit\u00e9s - F\u00e9d\u00e9ration Belge de la Franchise\",\"isPartOf\":{\"@id\":\"https:\/\/www.fbf-bff.be\/#website\"},\"datePublished\":\"2017-01-23T11:43:57+00:00\",\"dateModified\":\"2019-04-16T09:43:02+00:00\",\"breadcrumb\":{\"@id\":\"https:\/\/www.fbf-bff.be\/fr\/franchise\/nos-membres-accredites\/#breadcrumb\"},\"inLanguage\":\"fr-FR\",\"potentialAction\":[{\"@type\":\"ReadAction\",\"target\":[\"https:\/\/www.fbf-bff.be\/fr\/franchise\/nos-membres-accredites\/\"]}]},{\"@type\":\"BreadcrumbList\",\"@id\":\"https:\/\/www.fbf-bff.be\/fr\/franchise\/nos-membres-accredites\/#breadcrumb\",\"itemListElement\":[{\"@type\":\"ListItem\",\"position\":1,\"name\":\"Home\",\"item\":\"https:\/\/www.fbf-bff.be\/fr\/\"},{\"@type\":\"ListItem\",\"position\":2,\"name\":\"Franchis\u00e9\",\"item\":\"https:\/\/www.fbf-bff.be\/fr\/franchise\/\"},{\"@type\":\"ListItem\",\"position\":3,\"name\":\"Nos membres accr\u00e9dit\u00e9s\"}]},{\"@type\":\"WebSite\",\"@id\":\"https:\/\/www.fbf-bff.be\/#website\",\"url\":\"https:\/\/www.fbf-bff.be\/\",\"name\":\"F\u00e9d\u00e9ration Belge de la Franchise\",\"description\":\"Pour r\u00e9ussir ensemblee\",\"potentialAction\":[{\"@type\":\"SearchAction\",\"target\":{\"@type\":\"EntryPoint\",\"urlTemplate\":\"https:\/\/www.fbf-bff.be\/?s={search_term_string}\"},\"query-input\":{\"@type\":\"PropertyValueSpecification\",\"valueRequired\":true,\"valueName\":\"search_term_string\"}}],\"inLanguage\":\"fr-FR\"}]}<\/script>\n<!-- \/ Yoast SEO plugin. -->","yoast_head_json":{"title":"Nos membres accr\u00e9dit\u00e9s - F\u00e9d\u00e9ration Belge de la Franchise","robots":{"index":"index","follow":"follow","max-snippet":"max-snippet:-1","max-image-preview":"max-image-preview:large","max-video-preview":"max-video-preview:-1"},"canonical":"https:\/\/www.fbf-bff.be\/fr\/franchise\/nos-membres-accredites\/","og_locale":"fr_FR","og_type":"article","og_title":"Nos membres accr\u00e9dit\u00e9s - F\u00e9d\u00e9ration Belge de la Franchise","og_url":"https:\/\/www.fbf-bff.be\/fr\/franchise\/nos-membres-accredites\/","og_site_name":"F\u00e9d\u00e9ration Belge de la Franchise","article_modified_time":"2019-04-16T09:43:02+00:00","og_image":[{"width":1200,"height":630,"url":"https:\/\/www.fbf-bff.be\/wp-content\/uploads\/2017\/06\/fbf-bff-fb-cover.jpg","type":"image\/jpeg"}],"twitter_card":"summary_large_image","schema":{"@context":"https:\/\/schema.org","@graph":[{"@type":"WebPage","@id":"https:\/\/www.fbf-bff.be\/fr\/franchise\/nos-membres-accredites\/","url":"https:\/\/www.fbf-bff.be\/fr\/franchise\/nos-membres-accredites\/","name":"Nos membres accr\u00e9dit\u00e9s - F\u00e9d\u00e9ration Belge de la Franchise","isPartOf":{"@id":"https:\/\/www.fbf-bff.be\/#website"},"datePublished":"2017-01-23T11:43:57+00:00","dateModified":"2019-04-16T09:43:02+00:00","breadcrumb":{"@id":"https:\/\/www.fbf-bff.be\/fr\/franchise\/nos-membres-accredites\/#breadcrumb"},"inLanguage":"fr-FR","potentialAction":[{"@type":"ReadAction","target":["https:\/\/www.fbf-bff.be\/fr\/franchise\/nos-membres-accredites\/"]}]},{"@type":"BreadcrumbList","@id":"https:\/\/www.fbf-bff.be\/fr\/franchise\/nos-membres-accredites\/#breadcrumb","itemListElement":[{"@type":"ListItem","position":1,"name":"Home","item":"https:\/\/www.fbf-bff.be\/fr\/"},{"@type":"ListItem","position":2,"name":"Franchis\u00e9","item":"https:\/\/www.fbf-bff.be\/fr\/franchise\/"},{"@type":"ListItem","position":3,"name":"Nos membres accr\u00e9dit\u00e9s"}]},{"@type":"WebSite","@id":"https:\/\/www.fbf-bff.be\/#website","url":"https:\/\/www.fbf-bff.be\/","name":"F\u00e9d\u00e9ration Belge de la Franchise","description":"Pour r\u00e9ussir ensemblee","potentialAction":[{"@type":"SearchAction","target":{"@type":"EntryPoint","urlTemplate":"https:\/\/www.fbf-bff.be\/?s={search_term_string}"},"query-input":{"@type":"PropertyValueSpecification","valueRequired":true,"valueName":"search_term_string"}}],"inLanguage":"fr-FR"}]}},"_links":{"self":[{"href":"https:\/\/www.fbf-bff.be\/fr\/wp-json\/wp\/v2\/pages\/660"}],"collection":[{"href":"https:\/\/www.fbf-bff.be\/fr\/wp-json\/wp\/v2\/pages"}],"about":[{"href":"https:\/\/www.fbf-bff.be\/fr\/wp-json\/wp\/v2\/types\/page"}],"author":[{"embeddable":true,"href":"https:\/\/www.fbf-bff.be\/fr\/wp-json\/wp\/v2\/users\/2"}],"replies":[{"embeddable":true,"href":"https:\/\/www.fbf-bff.be\/fr\/wp-json\/wp\/v2\/comments?post=660"}],"version-history":[{"count":5,"href":"https:\/\/www.fbf-bff.be\/fr\/wp-json\/wp\/v2\/pages\/660\/revisions"}],"predecessor-version":[{"id":1826,"href":"https:\/\/www.fbf-bff.be\/fr\/wp-json\/wp\/v2\/pages\/660\/revisions\/1826"}],"up":[{"embeddable":true,"href":"https:\/\/www.fbf-bff.be\/fr\/wp-json\/wp\/v2\/pages\/867"}],"wp:attachment":[{"href":"https:\/\/www.fbf-bff.be\/fr\/wp-json\/wp\/v2\/media?parent=660"}],"curies":[{"name":"wp","href":"https:\/\/api.w.org\/{rel}","templated":true}]}}