{"id":647,"date":"2017-01-23T11:29:10","date_gmt":"2017-01-23T11:29:10","guid":{"rendered":"https:\/\/www.fbf-bff.be\/?page_id=647\/"},"modified":"2020-12-18T09:21:24","modified_gmt":"2020-12-18T09:21:24","slug":"les-avantages-de-la-fbf","status":"publish","type":"page","link":"https:\/\/www.fbf-bff.be\/fr\/franchise\/les-avantages-de-la-fbf\/","title":{"rendered":"Les avantages de la FBF"},"content":{"rendered":"[vc_row][vc_column][vc_column_text]\r\n<h1><span style=\"color: #000080;\">Etre Franchis\u00e9, c&rsquo;est bien&#8230;<\/span><\/h1>\r\n<h1><span style=\"color: #99cc00;\">&#8230;Etre Franchis\u00e9 d&rsquo;un r\u00e9seau membre de la FBF, c&rsquo;est mieux!<\/span><\/h1>\r\nIl est clair qu\u2019une fois devenu \u00ab&nbsp;franchis\u00e9&nbsp;\u00bb d\u2019une enseigne, celui-ci peut se poser des questions sur l\u2019apport de la F\u00e9d\u00e9ration dans son quotidien.\r\n\r\nLa FBF agit de deux fa\u00e7ons&nbsp;:\r\n<ol>\r\n \t<li>elle est le garde-fou d\u2019un contrat d\u00e9licat : le contrat de franchise. Elle accr\u00e9dite donc ses membres en fonction des qualit\u00e9s propres de l\u2019enseigne et entre autre, en fonction de l\u2019\u00e9quilibre franchiseur-franchis\u00e9 qui doit exister dans son contrat de franchise. Un r\u00e9seau reconnu comme membre de la FBF est donc une garantie de s\u00e9rieux de la part de celui-ci.<\/li>\r\n \t<li>elle offre diverses prestations au franchiseur et aux franchis\u00e9s d\u2019un r\u00e9seau membre.<\/li>\r\n<\/ol>\r\n<h2><span style=\"color: #000080;\">CAS N\u00b0 1&nbsp;: LE RESEAU EST MEMBRE DE LA FBF<\/span><\/h2>\r\n<h2><span style=\"color: #99cc00;\">Qu\u2019est-ce que cela signifie pour le franchis\u00e9 ? Avantages ?<\/span><\/h2>\r\n<strong>S\u2019affilier \u00e0 un r\u00e9seau membre de la FBF est un indice de s\u00e9rieux de celui-ci.<\/strong>\r\n\r\nIl faut savoir en effet que chaque enseigne adh\u00e9rente \u00e0 la FBF s\u2019est engag\u00e9e \u00e0&nbsp;:&nbsp;\r\n<ul>\r\n \t<li>respecter le&nbsp;<a href=\"https:\/\/www.fbf-bff.be\/fr\/federation\/code-de-deontologie\/\" target=\"_blank\" rel=\"noopener noreferrer\">Code de D\u00e9ontologie Europ\u00e9en<\/a> de la franchise (code de bonne conduite existant depuis 1972, reconnu par les autorit\u00e9s europ\u00e9ennes et seule autor\u00e9gulation connue en mati\u00e8re de partenariat)<\/li>\r\n \t<li>mettre en \u0153uvre et diffuser, un mois avant la signature du contrat de franchise,&nbsp; un document d\u2019information pr\u00e9-contractuelle (DIP) \u00e0 l\u2019attention des candidats franchis\u00e9s, au contenu clairement d\u00e9fini dans <a href=\"http:\/\/www.ejustice.just.fgov.be\/cgi_loi\/change_lg.pl?language=fr&amp;la=F&amp;table_name=loi&amp;cn=2014040221\" target=\"_blank\" rel=\"noopener noreferrer\">la loi du 02\/04\/2014<\/a> relative \u00e0 l\u2019information pr\u00e9-contractuelle dans le cadre d\u2019accords de partenariat commercial.&nbsp;<\/li>\r\n<\/ul>\r\nPour un franchiseur, voir son r\u00e9seau reconnu par la FBF, constitue clairement une preuve de cr\u00e9dibilit\u00e9 et d\u00e9montre la pratique d\u2019une <a href=\"https:\/\/www.fbf-bff.be\/wp-content\/uploads\/2020\/08\/Charte-\u00e9thique-de-la-FBF.pdf\">franchise \u00e9thique et authentique <\/a>par le franchiseur et le franchis\u00e9.\r\n\r\nTout r\u00e9seau n\u2019est pas admis \u00e0 la FBF !&nbsp; Pour y \u00eatre admis, le franchiseur doit pr\u00e9senter un dossier relatif \u00e0 son r\u00e9seau tr\u00e8s complet et satisfaire \u00e0 des crit\u00e8res tr\u00e8s stricts. Ceci n\u2019est que normal, compte tenu des responsabilit\u00e9s que le franchiseur doit endosser. De son s\u00e9rieux d\u00e9pend le bon fonctionnement du syst\u00e8me.\r\n\r\nLa FBF v\u00e9rifie&nbsp;:\r\n<ul>\r\n \t<li>la propri\u00e9t\u00e9 ou le droit d\u2019usage de sa marque<\/li>\r\n \t<li>le respect du&nbsp;<a href=\"https:\/\/www.fbf-bff.be\/fr\/federation\/code-de-deontologie\/\" target=\"_blank\" rel=\"noopener noreferrer\">Code de D\u00e9ontologie<\/a>&nbsp;Europ\u00e9en et de l\u2019\u00e9quilibre des int\u00e9r\u00eats mutuels (c-\u00e0-d. l\u2019existence d\u2019un contrat de qualit\u00e9)<\/li>\r\n \t<li>la coh\u00e9rence de la strat\u00e9gie et des moyens<\/li>\r\n \t<li>l\u2019emploi d\u2019un Document d\u2019Informations Pr\u00e9contractuelles (DIP) conforme \u00e0&nbsp;<a href=\"http:\/\/www.ejustice.just.fgov.be\/cgi_loi\/change_lg.pl?language=fr&amp;la=F&amp;table_name=loi&amp;cn=2014040221\" target=\"_blank\" rel=\"noopener noreferrer\">la loi du 2 avril 2014<\/a> relative \u00e0 l\u2019information pr\u00e9contractuelle dans le cadre d\u2019accords de partenariat commercial.<\/li>\r\n \t<li>le recours \u00e0 des \u00e9tudes de faisabilit\u00e9 sp\u00e9cifiques \u00e0 chaque exploitation<\/li>\r\n \t<li>l\u2019existence d\u2019au moins un point pilote et d\u2019au moins 3 franchis\u00e9s.<\/li>\r\n<\/ul>\r\n<strong>Int\u00e9grer un r\u00e9seau de franchise, membre de la FBF, donne au franchis\u00e9 le droit de pouvoir acc\u00e9der \u00e0 certaines instances<\/strong> particuli\u00e8rement pr\u00e9vues \u00e0 son attention&nbsp;:\r\n<h2><span style=\"color: #99cc00;\">Le Comit\u00e9 Consultatif des franchis\u00e9s<\/span><\/h2>\r\nCe comit\u00e9 a \u00e9t\u00e9 cr\u00e9\u00e9 \u00e0 l\u2019attention des franchis\u00e9s, afin de leur donner la possibilit\u00e9 de s\u2019exprimer au sein de la FBF.&nbsp;\r\n\r\nCr\u00e9\u00e9 en 1997, le Comit\u00e9 Consultatif des Franchis\u00e9s &#8211; lieu de r\u00e9flexion, de dialogue et de consultation &#8211; tend \u00e0 associer les franchis\u00e9s aux 3 missions de la FBF&nbsp;: promouvoir la franchise, repr\u00e9senter la franchise et d\u00e9fendre la franchise en \u00e9tant le garant de sa d\u00e9ontologie.&nbsp;\r\n\r\nSes objectifs sont de mieux entendre les r\u00e9seaux de franchise, en prenant en compte \u00e0 la fois les int\u00e9r\u00eats des franchiseurs et franchis\u00e9s&nbsp;; de suivre l\u2019\u00e9volution de la gestion des r\u00e9seaux et d\u2019assurer une plus grande repr\u00e9sentativit\u00e9 des franchis\u00e9s dans les actions de promotion.&nbsp;\r\n\r\nChaque r\u00e9seau membre y d\u00e9l\u00e8gue un repr\u00e9sentant.\r\n\r\nCe Comit\u00e9 est exclusivement compos\u00e9 des franchis\u00e9s des r\u00e9seaux membres de la FBF. Il est anim\u00e9 par deux pr\u00e9sidents issus des franchis\u00e9s.&nbsp;\r\n<h2><span style=\"color: #99cc00;\">Des franchis\u00e9s au sein du C.A. de la FBF<\/span><\/h2>\r\nLa FBF est une association de r\u00e9seaux de franchise, \u00e0 laquelle aujourd&rsquo;hui les franchis\u00e9s ne peuvent adh\u00e9rer en tant que tels. Ils sont consid\u00e9r\u00e9s comme membres via leur r\u00e9seau et la candidature de ce dernier est introduite par le franchiseur.&nbsp;\r\n\r\nDes franchis\u00e9s de r\u00e9seaux membres de la FBF qui participent aux travaux du Comit\u00e9 Consultatif des franchis\u00e9s font partie du Conseil d&rsquo;Administration.\r\n<h2><span style=\"color: #99cc00;\">Par ailleurs, le franchis\u00e9\u2026<\/span><\/h2>\r\n<ul>\r\n \t<li>pourra participer \u00e0 des formations sp\u00e9cifiques sur le th\u00e8me de la franchise, comme <a href=\"https:\/\/www.fbf-bff.be\/fr\/agenda\/\">les s\u00e9minaire<\/a>s, ouverts \u00e0 tous.<\/li>\r\n \t<li>recevra la e-newsletter de la FBF.<\/li>\r\n \t<li>pourra faire appel aux <a href=\"https:\/\/www.fbf-bff.be\/fr\/federation\/litiges\/\" target=\"_blank\" rel=\"noopener noreferrer\">proc\u00e9d\u00e9s de conciliation et de m\u00e9diation de la FBF<\/a> en cas de litige avec son franchiseur.<\/li>\r\n \t<li>pourra bien \u00e9videmment faire appel \u00e0 la FBF pour toute information g\u00e9n\u00e9rale concernant la franchise.<\/li>\r\n<\/ul>\r\n<h2><span style=\"color: #000080;\">CAS N\u00b0 2&nbsp;: LE RESEAU N\u2019EST PAS MEMBRE DE LA FBF<\/span><\/h2>\r\n<h2><span style=\"color: #99cc00;\">Le franchis\u00e9<\/span><\/h2>\r\n<ul>\r\n \t<li>pourra participer \u00e0 des formations sp\u00e9cifiques sur le th\u00e8me de la franchise comme les <a href=\"https:\/\/www.fbf-bff.be\/fr\/agenda\/\" target=\"_blank\" rel=\"noopener noreferrer\">s\u00e9minaires<\/a>.<\/li>\r\n \t<li>pourra bien \u00e9videmment faire appel \u00e0 la FBF pour toute information g\u00e9n\u00e9rale concernant la franchise.<\/li>\r\n<\/ul>\r\n&nbsp;\r\n\r\n&nbsp;\r\n\r\n&nbsp;[\/vc_column_text][\/vc_column][\/vc_row]","protected":false},"excerpt":{"rendered":"<p>[vc_row][vc_column][vc_column_text]<br \/>\nEtre Franchis\u00e9, c&rsquo;est bien&#8230;<br \/>\n&#8230;Etre Franchis\u00e9 d&rsquo;un r\u00e9seau membre de la FBF, c&rsquo;est mieux!<br \/>\nIl est clair qu\u2019une fois devenu \u00ab&nbsp;franchis\u00e9&nbsp;\u00bb d\u2019une enseigne, celui-ci peut se poser des questions sur l\u2019apport de la F\u00e9d\u00e9ration dans son quotidien.<\/p>\n<p>La FBF agit de deux fa\u00e7ons&nbsp;:<\/p>\n<p> \telle est le &#8230;<\/p>\n","protected":false},"author":2,"featured_media":0,"parent":867,"menu_order":0,"comment_status":"closed","ping_status":"closed","template":"template_leftnav.php","meta":{"ngg_post_thumbnail":0,"footnotes":""},"acf":[],"yoast_head":"<!-- This site is optimized with the Yoast SEO plugin v23.5 - https:\/\/yoast.com\/wordpress\/plugins\/seo\/ -->\n<title>Les avantages de la FBF - F\u00e9d\u00e9ration Belge de la Franchise<\/title>\n<meta name=\"robots\" content=\"index, follow, max-snippet:-1, max-image-preview:large, max-video-preview:-1\" \/>\n<link rel=\"canonical\" href=\"https:\/\/www.fbf-bff.be\/fr\/franchise\/les-avantages-de-la-fbf\/\" \/>\n<meta property=\"og:locale\" content=\"fr_FR\" \/>\n<meta property=\"og:type\" content=\"article\" \/>\n<meta property=\"og:title\" content=\"Les avantages de la FBF - F\u00e9d\u00e9ration Belge de la Franchise\" \/>\n<meta property=\"og:description\" content=\"[vc_row][vc_column][vc_column_text] Etre Franchis\u00e9, c&rsquo;est bien&#8230; &#8230;Etre Franchis\u00e9 d&rsquo;un r\u00e9seau membre de la FBF, c&rsquo;est mieux! Il est clair qu\u2019une fois devenu \u00ab&nbsp;franchis\u00e9&nbsp;\u00bb d\u2019une enseigne, celui-ci peut se poser des questions sur l\u2019apport de la F\u00e9d\u00e9ration dans son quotidien.  La FBF agit de deux fa\u00e7ons&nbsp;:   elle est le ...\" \/>\n<meta property=\"og:url\" content=\"https:\/\/www.fbf-bff.be\/fr\/franchise\/les-avantages-de-la-fbf\/\" \/>\n<meta property=\"og:site_name\" content=\"F\u00e9d\u00e9ration Belge de la Franchise\" \/>\n<meta property=\"article:modified_time\" content=\"2020-12-18T09:21:24+00:00\" \/>\n<meta property=\"og:image\" content=\"https:\/\/www.fbf-bff.be\/wp-content\/uploads\/2017\/06\/fbf-bff-fb-cover.jpg\" \/>\n\t<meta property=\"og:image:width\" content=\"1200\" \/>\n\t<meta property=\"og:image:height\" content=\"630\" \/>\n\t<meta property=\"og:image:type\" content=\"image\/jpeg\" \/>\n<meta name=\"twitter:card\" content=\"summary_large_image\" \/>\n<meta name=\"twitter:label1\" content=\"Dur\u00e9e de lecture estim\u00e9e\" \/>\n\t<meta name=\"twitter:data1\" content=\"4 minutes\" \/>\n<script type=\"application\/ld+json\" class=\"yoast-schema-graph\">{\"@context\":\"https:\/\/schema.org\",\"@graph\":[{\"@type\":\"WebPage\",\"@id\":\"https:\/\/www.fbf-bff.be\/fr\/franchise\/les-avantages-de-la-fbf\/\",\"url\":\"https:\/\/www.fbf-bff.be\/fr\/franchise\/les-avantages-de-la-fbf\/\",\"name\":\"Les avantages de la FBF - F\u00e9d\u00e9ration Belge de la Franchise\",\"isPartOf\":{\"@id\":\"https:\/\/www.fbf-bff.be\/#website\"},\"datePublished\":\"2017-01-23T11:29:10+00:00\",\"dateModified\":\"2020-12-18T09:21:24+00:00\",\"breadcrumb\":{\"@id\":\"https:\/\/www.fbf-bff.be\/fr\/franchise\/les-avantages-de-la-fbf\/#breadcrumb\"},\"inLanguage\":\"fr-FR\",\"potentialAction\":[{\"@type\":\"ReadAction\",\"target\":[\"https:\/\/www.fbf-bff.be\/fr\/franchise\/les-avantages-de-la-fbf\/\"]}]},{\"@type\":\"BreadcrumbList\",\"@id\":\"https:\/\/www.fbf-bff.be\/fr\/franchise\/les-avantages-de-la-fbf\/#breadcrumb\",\"itemListElement\":[{\"@type\":\"ListItem\",\"position\":1,\"name\":\"Home\",\"item\":\"https:\/\/www.fbf-bff.be\/fr\/\"},{\"@type\":\"ListItem\",\"position\":2,\"name\":\"Franchis\u00e9\",\"item\":\"https:\/\/www.fbf-bff.be\/fr\/franchise\/\"},{\"@type\":\"ListItem\",\"position\":3,\"name\":\"Les avantages de la FBF\"}]},{\"@type\":\"WebSite\",\"@id\":\"https:\/\/www.fbf-bff.be\/#website\",\"url\":\"https:\/\/www.fbf-bff.be\/\",\"name\":\"F\u00e9d\u00e9ration Belge de la Franchise\",\"description\":\"Pour r\u00e9ussir ensemblee\",\"potentialAction\":[{\"@type\":\"SearchAction\",\"target\":{\"@type\":\"EntryPoint\",\"urlTemplate\":\"https:\/\/www.fbf-bff.be\/?s={search_term_string}\"},\"query-input\":{\"@type\":\"PropertyValueSpecification\",\"valueRequired\":true,\"valueName\":\"search_term_string\"}}],\"inLanguage\":\"fr-FR\"}]}<\/script>\n<!-- \/ Yoast SEO plugin. -->","yoast_head_json":{"title":"Les avantages de la FBF - F\u00e9d\u00e9ration Belge de la Franchise","robots":{"index":"index","follow":"follow","max-snippet":"max-snippet:-1","max-image-preview":"max-image-preview:large","max-video-preview":"max-video-preview:-1"},"canonical":"https:\/\/www.fbf-bff.be\/fr\/franchise\/les-avantages-de-la-fbf\/","og_locale":"fr_FR","og_type":"article","og_title":"Les avantages de la FBF - F\u00e9d\u00e9ration Belge de la Franchise","og_description":"[vc_row][vc_column][vc_column_text] Etre Franchis\u00e9, c&rsquo;est bien&#8230; &#8230;Etre Franchis\u00e9 d&rsquo;un r\u00e9seau membre de la FBF, c&rsquo;est mieux! Il est clair qu\u2019une fois devenu \u00ab&nbsp;franchis\u00e9&nbsp;\u00bb d\u2019une enseigne, celui-ci peut se poser des questions sur l\u2019apport de la F\u00e9d\u00e9ration dans son quotidien.  La FBF agit de deux fa\u00e7ons&nbsp;:   elle est le ...","og_url":"https:\/\/www.fbf-bff.be\/fr\/franchise\/les-avantages-de-la-fbf\/","og_site_name":"F\u00e9d\u00e9ration Belge de la Franchise","article_modified_time":"2020-12-18T09:21:24+00:00","og_image":[{"width":1200,"height":630,"url":"https:\/\/www.fbf-bff.be\/wp-content\/uploads\/2017\/06\/fbf-bff-fb-cover.jpg","type":"image\/jpeg"}],"twitter_card":"summary_large_image","twitter_misc":{"Dur\u00e9e de lecture estim\u00e9e":"4 minutes"},"schema":{"@context":"https:\/\/schema.org","@graph":[{"@type":"WebPage","@id":"https:\/\/www.fbf-bff.be\/fr\/franchise\/les-avantages-de-la-fbf\/","url":"https:\/\/www.fbf-bff.be\/fr\/franchise\/les-avantages-de-la-fbf\/","name":"Les avantages de la FBF - F\u00e9d\u00e9ration Belge de la Franchise","isPartOf":{"@id":"https:\/\/www.fbf-bff.be\/#website"},"datePublished":"2017-01-23T11:29:10+00:00","dateModified":"2020-12-18T09:21:24+00:00","breadcrumb":{"@id":"https:\/\/www.fbf-bff.be\/fr\/franchise\/les-avantages-de-la-fbf\/#breadcrumb"},"inLanguage":"fr-FR","potentialAction":[{"@type":"ReadAction","target":["https:\/\/www.fbf-bff.be\/fr\/franchise\/les-avantages-de-la-fbf\/"]}]},{"@type":"BreadcrumbList","@id":"https:\/\/www.fbf-bff.be\/fr\/franchise\/les-avantages-de-la-fbf\/#breadcrumb","itemListElement":[{"@type":"ListItem","position":1,"name":"Home","item":"https:\/\/www.fbf-bff.be\/fr\/"},{"@type":"ListItem","position":2,"name":"Franchis\u00e9","item":"https:\/\/www.fbf-bff.be\/fr\/franchise\/"},{"@type":"ListItem","position":3,"name":"Les avantages de la FBF"}]},{"@type":"WebSite","@id":"https:\/\/www.fbf-bff.be\/#website","url":"https:\/\/www.fbf-bff.be\/","name":"F\u00e9d\u00e9ration Belge de la Franchise","description":"Pour r\u00e9ussir ensemblee","potentialAction":[{"@type":"SearchAction","target":{"@type":"EntryPoint","urlTemplate":"https:\/\/www.fbf-bff.be\/?s={search_term_string}"},"query-input":{"@type":"PropertyValueSpecification","valueRequired":true,"valueName":"search_term_string"}}],"inLanguage":"fr-FR"}]}},"_links":{"self":[{"href":"https:\/\/www.fbf-bff.be\/fr\/wp-json\/wp\/v2\/pages\/647"}],"collection":[{"href":"https:\/\/www.fbf-bff.be\/fr\/wp-json\/wp\/v2\/pages"}],"about":[{"href":"https:\/\/www.fbf-bff.be\/fr\/wp-json\/wp\/v2\/types\/page"}],"author":[{"embeddable":true,"href":"https:\/\/www.fbf-bff.be\/fr\/wp-json\/wp\/v2\/users\/2"}],"replies":[{"embeddable":true,"href":"https:\/\/www.fbf-bff.be\/fr\/wp-json\/wp\/v2\/comments?post=647"}],"version-history":[{"count":5,"href":"https:\/\/www.fbf-bff.be\/fr\/wp-json\/wp\/v2\/pages\/647\/revisions"}],"predecessor-version":[{"id":2518,"href":"https:\/\/www.fbf-bff.be\/fr\/wp-json\/wp\/v2\/pages\/647\/revisions\/2518"}],"up":[{"embeddable":true,"href":"https:\/\/www.fbf-bff.be\/fr\/wp-json\/wp\/v2\/pages\/867"}],"wp:attachment":[{"href":"https:\/\/www.fbf-bff.be\/fr\/wp-json\/wp\/v2\/media?parent=647"}],"curies":[{"name":"wp","href":"https:\/\/api.w.org\/{rel}","templated":true}]}}