{"id":642,"date":"2017-01-23T10:32:04","date_gmt":"2017-01-23T10:32:04","guid":{"rendered":"https:\/\/www.fbf-bff.be\/?page_id=642\/"},"modified":"2020-09-28T13:45:40","modified_gmt":"2020-09-28T13:45:40","slug":"quelle-franchise","status":"publish","type":"page","link":"https:\/\/www.fbf-bff.be\/fr\/franchise\/quelle-franchise\/","title":{"rendered":"Quelle franchise?"},"content":{"rendered":"[vc_row][vc_column][vc_column_text]\r\n<h1><span style=\"color: #000080;\">Comment choisir une franchise&#8230;<\/span><\/h1>\r\n<h1><span style=\"color: #99cc00;\">&#8230;ou sur quels \u00e9l\u00e9ments se pencher avant de faire un choix capital?<\/span><\/h1>\r\nLorsqu&rsquo;un concept vous attire, prenez contact avec le franchiseur. Il faut alors qu&rsquo;une s\u00e9rie d&rsquo;\u00e9tapes se d\u00e9roule, g\u00e9n\u00e9ralement gr\u00e2ce \u00e0 un programme :\r\n\r\n<strong>R\u00f4le d\u2019un programme<\/strong> :\r\n\r\nUn programme sp\u00e9cifique d\u00e9taillant les proc\u00e9dures d\u2019information et de s\u00e9lection des franchis\u00e9s est g\u00e9n\u00e9ralement mis en place par tout bon franchiseur, principalement pour les raisons suivantes :\r\n<ul>\r\n \t<li>s\u00e9curiser le candidat quant au fait qu\u2019il ne prendra de d\u00e9cision \u201c&nbsp; qu\u2019en connaissance de cause&nbsp;\u201d<\/li>\r\n \t<li>permettre au candidat de \u201c&nbsp;respirer&nbsp;\u201d entre chaque \u00e9tape de mani\u00e8re \u00e0 ce que sa compr\u00e9hension du projet soit parfaite<\/li>\r\n \t<li>organiser de mani\u00e8re optimale les diverses \u00e9tapes et rendez-vous<\/li>\r\n \t<li>faciliter le suivi de chaque candidat<\/li>\r\n \t<li>\u201c&nbsp;revoir \u201d le candidat r\u00e9guli\u00e8rement et sous des \u00e9clairages diff\u00e9rents<\/li>\r\n<\/ul>\r\nIl n\u2019existe pas de plan de proc\u00e9dures id\u00e9al, chaque franchiseur ayant \u00e9labor\u00e9 le sien en fonction de ses caract\u00e9ristiques et de celles du concept.\r\n<h1><span style=\"color: #99cc00;\">Voici les \u00e9tapes que l\u2019on retrouve chez la plupart des franchiseurs:<\/span><\/h1>\r\n<strong>Entretiens avec le franchiseur<\/strong> :\r\n<ul>\r\n \t<li>entretiens g\u00e9n\u00e9raux de prises d\u2019informations mutuelles<\/li>\r\n \t<li>entretiens sp\u00e9cifiques : dossier financier, contrats, \u00e9tudes de march\u00e9,&#8230;<\/li>\r\n<\/ul>\r\n<strong>Visite personnalis\u00e9e d\u2019un point de vente<\/strong> :\r\n<ul>\r\n \t<li>visite d\u2019un point de vente avec le responsable du recrutement<\/li>\r\n \t<li>g\u00e9n\u00e9ralement dans le pilote<\/li>\r\n \t<li>visite consacr\u00e9e \u00e0 l\u2019explication \u201c&nbsp;sur le terrain&nbsp;\u201d du concept et du m\u00e9tier envisag\u00e9<\/li>\r\n<\/ul>\r\n<strong>Visites de franchis\u00e9s<\/strong> :\r\n<ul>\r\n \t<li>visites de points de vente franchis\u00e9s sans la pr\u00e9sence du franchiseur<\/li>\r\n \t<li>ces visites sont g\u00e9n\u00e9ralement organis\u00e9es par le franchiseur pour des raisons pratiques<\/li>\r\n<\/ul>\r\n<strong>Stages sur le terrain<\/strong> :\r\n<ul>\r\n \t<li>stages du candidat dans un ou plusieurs points de vente<\/li>\r\n \t<li>g\u00e9n\u00e9ralement dans le pilote<\/li>\r\n \t<li>participation du responsable de stage \u00e0 l\u2019\u00e9valuation du candidat<\/li>\r\n \t<li>excellent outil pour mieux apprendre \u00e0 se conna\u00eetre<\/li>\r\n<\/ul>\r\n<strong>Analyse de localisations possibles<\/strong> :\r\n<ul>\r\n \t<li>analyse des potentialit\u00e9s d\u2019installation<\/li>\r\n \t<li>visites \u00e9ventuelles de sites ou locaux disponibles<\/li>\r\n<\/ul>\r\n<strong>Outils g\u00e9n\u00e9ralement utilis\u00e9s par le franchiseur<\/strong> :\r\n<ul>\r\n \t<li>comit\u00e9 de s\u00e9lection<\/li>\r\n \t<li>dossier de candidature<\/li>\r\n \t<li>rapport de stage<\/li>\r\n \t<li>rapport d\u2019\u00e9valuation<\/li>\r\n \t<li>renseignements bancaires<\/li>\r\n \t<li>tests \u00e9ventuels&#8230;<\/li>\r\n<\/ul>\r\n<p class=\"justifyleft\" align=\"center\">&nbsp;<\/p>\r\n[\/vc_column_text][\/vc_column][\/vc_row]","protected":false},"excerpt":{"rendered":"<p>[vc_row][vc_column][vc_column_text]<br \/>\nComment choisir une franchise&#8230;<br \/>\n&#8230;ou sur quels \u00e9l\u00e9ments se pencher avant de faire un choix capital?<br \/>\nLorsqu&rsquo;un concept vous attire, prenez contact avec le franchiseur. Il faut alors qu&rsquo;une s\u00e9rie d&rsquo;\u00e9tapes se d\u00e9roule, g\u00e9n\u00e9ralement gr\u00e2ce \u00e0 un programme :<\/p>\n<p>R\u00f4le d\u2019un programme :<\/p>\n<p>Un programme sp\u00e9cifique d\u00e9taillant &#8230;<\/p>\n","protected":false},"author":2,"featured_media":0,"parent":867,"menu_order":0,"comment_status":"closed","ping_status":"closed","template":"template_leftnav.php","meta":{"ngg_post_thumbnail":0,"footnotes":""},"acf":[],"yoast_head":"<!-- This site is optimized with the Yoast SEO plugin v23.5 - https:\/\/yoast.com\/wordpress\/plugins\/seo\/ -->\n<title>Quelle franchise choisir ? Conseils de la F\u00e9d\u00e9ration Belge de la Franchise<\/title>\n<meta name=\"description\" content=\"Comment choisir une franchise ? Comment le franchiseur s\u00e9lectionne-t-il ses franchis\u00e9s ? Voici les \u00e9tapes habituelles propos\u00e9es par un franchiseur\" \/>\n<meta name=\"robots\" content=\"index, follow, max-snippet:-1, max-image-preview:large, max-video-preview:-1\" \/>\n<link rel=\"canonical\" href=\"https:\/\/www.fbf-bff.be\/fr\/franchise\/quelle-franchise\/\" \/>\n<meta property=\"og:locale\" content=\"fr_FR\" \/>\n<meta property=\"og:type\" content=\"article\" \/>\n<meta property=\"og:title\" content=\"Quelle franchise choisir ? Conseils de la F\u00e9d\u00e9ration Belge de la Franchise\" \/>\n<meta property=\"og:description\" content=\"Comment choisir une franchise ? Comment le franchiseur s\u00e9lectionne-t-il ses franchis\u00e9s ? Voici les \u00e9tapes habituelles propos\u00e9es par un franchiseur\" \/>\n<meta property=\"og:url\" content=\"https:\/\/www.fbf-bff.be\/fr\/franchise\/quelle-franchise\/\" \/>\n<meta property=\"og:site_name\" content=\"F\u00e9d\u00e9ration Belge de la Franchise\" \/>\n<meta property=\"article:modified_time\" content=\"2020-09-28T13:45:40+00:00\" \/>\n<meta property=\"og:image\" content=\"https:\/\/www.fbf-bff.be\/wp-content\/uploads\/2017\/06\/fbf-bff-fb-cover.jpg\" \/>\n\t<meta property=\"og:image:width\" content=\"1200\" \/>\n\t<meta property=\"og:image:height\" content=\"630\" \/>\n\t<meta property=\"og:image:type\" content=\"image\/jpeg\" \/>\n<meta name=\"twitter:card\" content=\"summary_large_image\" \/>\n<meta name=\"twitter:label1\" content=\"Dur\u00e9e de lecture estim\u00e9e\" \/>\n\t<meta name=\"twitter:data1\" content=\"2 minutes\" \/>\n<script type=\"application\/ld+json\" class=\"yoast-schema-graph\">{\"@context\":\"https:\/\/schema.org\",\"@graph\":[{\"@type\":\"WebPage\",\"@id\":\"https:\/\/www.fbf-bff.be\/fr\/franchise\/quelle-franchise\/\",\"url\":\"https:\/\/www.fbf-bff.be\/fr\/franchise\/quelle-franchise\/\",\"name\":\"Quelle franchise choisir ? Conseils de la F\u00e9d\u00e9ration Belge de la Franchise\",\"isPartOf\":{\"@id\":\"https:\/\/www.fbf-bff.be\/#website\"},\"datePublished\":\"2017-01-23T10:32:04+00:00\",\"dateModified\":\"2020-09-28T13:45:40+00:00\",\"description\":\"Comment choisir une franchise ? Comment le franchiseur s\u00e9lectionne-t-il ses franchis\u00e9s ? Voici les \u00e9tapes habituelles propos\u00e9es par un franchiseur\",\"breadcrumb\":{\"@id\":\"https:\/\/www.fbf-bff.be\/fr\/franchise\/quelle-franchise\/#breadcrumb\"},\"inLanguage\":\"fr-FR\",\"potentialAction\":[{\"@type\":\"ReadAction\",\"target\":[\"https:\/\/www.fbf-bff.be\/fr\/franchise\/quelle-franchise\/\"]}]},{\"@type\":\"BreadcrumbList\",\"@id\":\"https:\/\/www.fbf-bff.be\/fr\/franchise\/quelle-franchise\/#breadcrumb\",\"itemListElement\":[{\"@type\":\"ListItem\",\"position\":1,\"name\":\"Home\",\"item\":\"https:\/\/www.fbf-bff.be\/fr\/\"},{\"@type\":\"ListItem\",\"position\":2,\"name\":\"Franchis\u00e9\",\"item\":\"https:\/\/www.fbf-bff.be\/fr\/franchise\/\"},{\"@type\":\"ListItem\",\"position\":3,\"name\":\"Quelle franchise?\"}]},{\"@type\":\"WebSite\",\"@id\":\"https:\/\/www.fbf-bff.be\/#website\",\"url\":\"https:\/\/www.fbf-bff.be\/\",\"name\":\"F\u00e9d\u00e9ration Belge de la Franchise\",\"description\":\"Pour r\u00e9ussir ensemblee\",\"potentialAction\":[{\"@type\":\"SearchAction\",\"target\":{\"@type\":\"EntryPoint\",\"urlTemplate\":\"https:\/\/www.fbf-bff.be\/?s={search_term_string}\"},\"query-input\":{\"@type\":\"PropertyValueSpecification\",\"valueRequired\":true,\"valueName\":\"search_term_string\"}}],\"inLanguage\":\"fr-FR\"}]}<\/script>\n<!-- \/ Yoast SEO plugin. -->","yoast_head_json":{"title":"Quelle franchise choisir ? Conseils de la F\u00e9d\u00e9ration Belge de la Franchise","description":"Comment choisir une franchise ? Comment le franchiseur s\u00e9lectionne-t-il ses franchis\u00e9s ? Voici les \u00e9tapes habituelles propos\u00e9es par un franchiseur","robots":{"index":"index","follow":"follow","max-snippet":"max-snippet:-1","max-image-preview":"max-image-preview:large","max-video-preview":"max-video-preview:-1"},"canonical":"https:\/\/www.fbf-bff.be\/fr\/franchise\/quelle-franchise\/","og_locale":"fr_FR","og_type":"article","og_title":"Quelle franchise choisir ? Conseils de la F\u00e9d\u00e9ration Belge de la Franchise","og_description":"Comment choisir une franchise ? Comment le franchiseur s\u00e9lectionne-t-il ses franchis\u00e9s ? Voici les \u00e9tapes habituelles propos\u00e9es par un franchiseur","og_url":"https:\/\/www.fbf-bff.be\/fr\/franchise\/quelle-franchise\/","og_site_name":"F\u00e9d\u00e9ration Belge de la Franchise","article_modified_time":"2020-09-28T13:45:40+00:00","og_image":[{"width":1200,"height":630,"url":"https:\/\/www.fbf-bff.be\/wp-content\/uploads\/2017\/06\/fbf-bff-fb-cover.jpg","type":"image\/jpeg"}],"twitter_card":"summary_large_image","twitter_misc":{"Dur\u00e9e de lecture estim\u00e9e":"2 minutes"},"schema":{"@context":"https:\/\/schema.org","@graph":[{"@type":"WebPage","@id":"https:\/\/www.fbf-bff.be\/fr\/franchise\/quelle-franchise\/","url":"https:\/\/www.fbf-bff.be\/fr\/franchise\/quelle-franchise\/","name":"Quelle franchise choisir ? Conseils de la F\u00e9d\u00e9ration Belge de la Franchise","isPartOf":{"@id":"https:\/\/www.fbf-bff.be\/#website"},"datePublished":"2017-01-23T10:32:04+00:00","dateModified":"2020-09-28T13:45:40+00:00","description":"Comment choisir une franchise ? Comment le franchiseur s\u00e9lectionne-t-il ses franchis\u00e9s ? Voici les \u00e9tapes habituelles propos\u00e9es par un franchiseur","breadcrumb":{"@id":"https:\/\/www.fbf-bff.be\/fr\/franchise\/quelle-franchise\/#breadcrumb"},"inLanguage":"fr-FR","potentialAction":[{"@type":"ReadAction","target":["https:\/\/www.fbf-bff.be\/fr\/franchise\/quelle-franchise\/"]}]},{"@type":"BreadcrumbList","@id":"https:\/\/www.fbf-bff.be\/fr\/franchise\/quelle-franchise\/#breadcrumb","itemListElement":[{"@type":"ListItem","position":1,"name":"Home","item":"https:\/\/www.fbf-bff.be\/fr\/"},{"@type":"ListItem","position":2,"name":"Franchis\u00e9","item":"https:\/\/www.fbf-bff.be\/fr\/franchise\/"},{"@type":"ListItem","position":3,"name":"Quelle franchise?"}]},{"@type":"WebSite","@id":"https:\/\/www.fbf-bff.be\/#website","url":"https:\/\/www.fbf-bff.be\/","name":"F\u00e9d\u00e9ration Belge de la Franchise","description":"Pour r\u00e9ussir ensemblee","potentialAction":[{"@type":"SearchAction","target":{"@type":"EntryPoint","urlTemplate":"https:\/\/www.fbf-bff.be\/?s={search_term_string}"},"query-input":{"@type":"PropertyValueSpecification","valueRequired":true,"valueName":"search_term_string"}}],"inLanguage":"fr-FR"}]}},"_links":{"self":[{"href":"https:\/\/www.fbf-bff.be\/fr\/wp-json\/wp\/v2\/pages\/642"}],"collection":[{"href":"https:\/\/www.fbf-bff.be\/fr\/wp-json\/wp\/v2\/pages"}],"about":[{"href":"https:\/\/www.fbf-bff.be\/fr\/wp-json\/wp\/v2\/types\/page"}],"author":[{"embeddable":true,"href":"https:\/\/www.fbf-bff.be\/fr\/wp-json\/wp\/v2\/users\/2"}],"replies":[{"embeddable":true,"href":"https:\/\/www.fbf-bff.be\/fr\/wp-json\/wp\/v2\/comments?post=642"}],"version-history":[{"count":5,"href":"https:\/\/www.fbf-bff.be\/fr\/wp-json\/wp\/v2\/pages\/642\/revisions"}],"predecessor-version":[{"id":2380,"href":"https:\/\/www.fbf-bff.be\/fr\/wp-json\/wp\/v2\/pages\/642\/revisions\/2380"}],"up":[{"embeddable":true,"href":"https:\/\/www.fbf-bff.be\/fr\/wp-json\/wp\/v2\/pages\/867"}],"wp:attachment":[{"href":"https:\/\/www.fbf-bff.be\/fr\/wp-json\/wp\/v2\/media?parent=642"}],"curies":[{"name":"wp","href":"https:\/\/api.w.org\/{rel}","templated":true}]}}