{"id":637,"date":"2017-01-23T10:10:51","date_gmt":"2017-01-23T10:10:51","guid":{"rendered":"https:\/\/www.fbf-bff.be\/?page_id=637\/"},"modified":"2020-09-18T11:47:16","modified_gmt":"2020-09-18T11:47:16","slug":"les-pas-a-suivre","status":"publish","type":"page","link":"https:\/\/www.fbf-bff.be\/fr\/franchise\/les-pas-a-suivre\/","title":{"rendered":"Les pas \u00e0 suivre"},"content":{"rendered":"[vc_row][vc_column][vc_column_text]\r\n<h1><span style=\"color: #000080;\">Devenir&nbsp;franchis\u00e9<\/span><\/h1>\r\nVous souhaitez d\u00e9marrer dans le domaine de la franchise ? Que faut-il savoir, quels sont les avantages \u00e0 cette m\u00e9thode de collaboration ? D\u00e9couvrez, en quelques points, l\u2019information essentielle \u00e0 conna\u00eetre quand vous d\u00e9butez dans la franchise. Tout ce qu\u2019il faut savoir pour d\u00e9buter dans la franchise.\r\n<h2><span style=\"color: #99cc00;\">D\u00e9finition<\/span><\/h2>\r\nLa franchise est une m\u00e9thode de collaboration entre deux partenaires ind\u00e9pendants, selon laquelle le premier, appel\u00e9 franchiseur, met \u00e0 la disposition de l\u2019autre, le franchis\u00e9, moyennant r\u00e9mun\u00e9ration, le droit d\u2019exploiter dans des conditions bien d\u00e9termin\u00e9es une formule commerciale ou un syst\u00e8me de production qu\u2019il a mis au point et qui a fait ses preuves.\r\n<h2><span style=\"color: #99cc00;\">Avantages \u00e0 \u00eatre franchis\u00e9<\/span><\/h2>\r\n<ul>\r\n \t<li>Le franchis\u00e9 est propri\u00e9taire de son entreprise, il est juridiquement ind\u00e9pendant.<\/li>\r\n \t<li>Le franchis\u00e9 b\u00e9n\u00e9ficie de l\u2019image de marque et de la r\u00e9putation de l\u2019enseigne par rapport au consommateur.<\/li>\r\n \t<li>Le franchis\u00e9 b\u00e9n\u00e9ficie d\u2019un syst\u00e8me de gestion commerciale con\u00e7u et exp\u00e9riment\u00e9 par le franchiseur, d\u2019o\u00f9 \u00e9conomie de temps li\u00e9e \u00e0 l\u2019utilisation d\u2019un savoir-faire existant et r\u00e9duction du risque financier.<\/li>\r\n \t<li>Le franchis\u00e9 b\u00e9n\u00e9ficie de l\u2019avantage comp\u00e9titif gr\u00e2ce \u00e0 la synergie \u00e9conomique du r\u00e9seau et \u00e0 la capacit\u00e9 d\u2019innovation du franchiseur.<\/li>\r\n \t<li>Le franchis\u00e9 acc\u00e8de \u00e0 une ma\u00eetrise professionnelle sup\u00e9rieure \u00e0 celle de l\u2019homme de m\u00e9tier isol\u00e9 gr\u00e2ce \u00e0 la formation, aux conseils, \u00e0 l\u2019assistance permanente et aux outils p\u00e9dagogiques du franchiseur.<\/li>\r\n \t<li>Le franchis\u00e9 b\u00e9n\u00e9ficie d\u2019une meilleure rentabilit\u00e9 des capitaux investis par rapport au commer\u00e7ant isol\u00e9 gr\u00e2ce \u00e0 l\u2019optimisation de ces capitaux et aux \u00e9conomies d\u2019\u00e9chelle permises par la standardisation des op\u00e9rations.<\/li>\r\n<\/ul>\r\n<h2><span style=\"color: #99cc00;\">S\u2019informer sur la franchise<\/span><\/h2>\r\nIl existe plusieurs sources d\u2019informations pour mieux conna\u00eetre la franchise&nbsp;:\r\n<ul>\r\n \t<li>les s\u00e9minaires et formations de la F\u00e9d\u00e9ration Belge de la Franchise.&nbsp; Consultez les prochains s\u00e9minaires et formations en cliquant <a href=\"https:\/\/www.fbf-bff.be\/fr\/agenda\/\" target=\"_blank\" rel=\"noopener noreferrer\">ici<\/a>.<\/li>\r\n \t<li>les ouvrages sp\u00e9cialis\u00e9s, notamment le Guide de la franchise, le Tour de la Franchise en 60 questions, etc&#8230;&nbsp;&nbsp;ainsi que de la documentation gratuite \u00e0 obtenir via&nbsp;<a href=\"https:\/\/www.fbf-bff.be\/fr\/?page_id=734\" target=\"_blank\" rel=\"noopener noreferrer\" class=\"broken_link\">ce lien<\/a><\/li>\r\n \t<li>les entretiens avec les personnes comp\u00e9tentes engag\u00e9es activement dans le monde de la franchise (franchis\u00e9s, franchiseurs, juristes, banquiers, experts-comptables&#8230;).<\/li>\r\n<\/ul>\r\n<h2><span style=\"color: #99cc00;\">Proc\u00e9der \u00e0 son auto-examen<\/span><\/h2>\r\nEvaluez vos aptitudes personnelles et financi\u00e8res, votre situation actuelle, ainsi que vos objectifs en r\u00e9pondant \u00e0 ces questions&nbsp;:\r\n<ul>\r\n \t<li>dans quel secteur d\u2019activit\u00e9 \u00eates-vous d\u00e9sireux et capable de fonctionner&nbsp;? (alimentaire, pr\u00eat-\u00e0-porter, services etc.)&nbsp;?<\/li>\r\n \t<li>de quels fonds propres disposez-vous&nbsp;?<\/li>\r\n \t<li>\u00eates-vous pr\u00eat \u00e0 risquer votre patrimoine en cr\u00e9ant votre entreprise&nbsp;?<\/li>\r\n \t<li>quelle est votre capacit\u00e9 d\u2019emprunt&nbsp;?<\/li>\r\n \t<li>quelle est votre mobilit\u00e9 g\u00e9ographique&nbsp;?<\/li>\r\n \t<li>quel est votre degr\u00e9 d\u2019ambition&nbsp;? Quels sont vos objectifs pour les 5 \u00e0 10 prochaines ann\u00e9es&nbsp;?<\/li>\r\n<\/ul>\r\nPlus d\u2019information sur la page \u00ab\u00a0<a href=\"https:\/\/www.fbf-bff.be\/fr\/franchise\/les-bonnes-questions-se-poser\/\" target=\"_blank\" rel=\"noopener noreferrer\">les bonnes questions \u00e0 se poser<\/a>\u00a0\u00bb\r\n<h2><span style=\"color: #99cc00;\">Choisir son r\u00e9seau de franchise<\/span><\/h2>\r\nRecherchez les franchiseurs qui correspondent \u00e0 vos aspirations :\r\n<ul>\r\n \t<li>les franchiseurs qui recrutent via <a href=\"https:\/\/franchisingbelgium.be\/\">FranchisingBelgium<\/a><\/li>\r\n \t<li>en vous rendant sur les salons de franchise belges&nbsp; et internationaux.<\/li>\r\n \t<li>en vous inscrivant \u00e0 la newsletter de&nbsp;<a href=\"https:\/\/franchisingbelgium.be\/\">FranchisingBelgium<\/a><\/li>\r\n \t<li>en consultant <a href=\"https:\/\/www.fbf-bff.be\/fr\/membres\/membres-effectifs\/\">les fiches des franchiseurs adh\u00e9rents de la F\u00e9d\u00e9ration Belge de la Franchise (1)<\/a> et <a href=\"https:\/\/www.fbf-bff.be\/fr\/membres\/membres-junior\/\">(2)<\/a>.&nbsp; Les membres de la F\u00e9d\u00e9ration Belge de la Franchise respectent certaines valeurs et pratiquent une franchise <a href=\"https:\/\/www.fbf-bff.be\/wp-content\/uploads\/2020\/08\/Charte-\u00e9thique-de-la-FBF.pdf\">\u00ab \u00e9thique et authentique&nbsp;\u00bb<\/a><\/li>\r\n \t<li>les franchiseurs qui respectent le&nbsp;<a href=\"https:\/\/www.fbf-bff.be\/fr\/federation\/code-de-deontologie\/\" target=\"_blank\" rel=\"noopener noreferrer\">code de d\u00e9ontologie europ\u00e9en<\/a>.&nbsp; &nbsp;&nbsp;<\/li>\r\n \t<li>en rencontrant les franchiseurs.<\/li>\r\n \t<li>en rencontrant leurs franchis\u00e9s, en qualit\u00e9 de simple client.<\/li>\r\n<\/ul>\r\nSavoir reconna\u00eetre un bon r\u00e9seau par&nbsp;:\r\n<ul>\r\n \t<li>la qualit\u00e9 des produits et des services vendus,<\/li>\r\n \t<li>la rentabilit\u00e9 des unit\u00e9s pilotes,<\/li>\r\n \t<li>la diff\u00e9renciation et l\u2019originalit\u00e9 du concept,<\/li>\r\n \t<li>la qualit\u00e9 de la formation initiale et de la formation continue,<\/li>\r\n \t<li>le contr\u00f4le du respect du savoir-faire,<\/li>\r\n \t<li>l\u2019innovation r\u00e9guli\u00e8re du franchiseur,<\/li>\r\n \t<li>la communication interne\/externe dans le r\u00e9seau,<\/li>\r\n \t<li>l\u2019animation des franchis\u00e9s,<\/li>\r\n \t<li>le leadership du franchiseur.<\/li>\r\n<\/ul>\r\n<h2><span style=\"color: #99cc00;\">S\u2019engager en toute connaissance de cause<\/span><\/h2>\r\nUne fois votre r\u00e9seau choisi, et avant de signer un contrat, un pr\u00e9contrat, une r\u00e9servation, le franchiseur vous remet le Document d\u2019Informations Pr\u00e9contractuelles (D.I.P.) au minimum un mois avant la signature du contrat et ce conform\u00e9ment \u00e0 la&nbsp;<a href=\"http:\/\/www.ejustice.just.fgov.be\/cgi_loi\/change_lg.pl?language=fr&amp;la=F&amp;table_name=loi&amp;cn=2014040221\" target=\"_blank\" rel=\"noopener noreferrer\">loi du 02.04.2014<\/a>&nbsp;relative \u00e0 l\u2019information pr\u00e9contractuelle dans le cadre d\u2019accords de partenariat commercial. &nbsp;&nbsp;Le projet de contrat doit \u00eatre joint \u00e0 ce document.\r\n\r\nAucune obligation ne peut \u00eatre prise, aucune r\u00e9mun\u00e9ration, somme ou caution ne peut \u00eatre demand\u00e9e&nbsp; ou pay\u00e9e avant l\u2019expiration du d\u00e9lai d\u2019un mois suivant la d\u00e9livrance du D.I.P.&nbsp;\r\n\r\nLe D.I.P. et le contrat&nbsp; sont une mine d\u2019or. Ils renferment l\u2019essentiel des informations dont vous avez besoin pour d\u00e9cider, en connaissance de cause, de vous engager.\r\n\r\nIl est imp\u00e9ratif de l\u2019\u00e9tudier attentivement.\r\n\r\nLe D.I.P. comprendra notamment des informations concernant&nbsp;:\r\n<ul>\r\n \t<li>le franchiseur et son entreprise,<\/li>\r\n \t<li>son r\u00e9seau d\u2019exploitation,<\/li>\r\n \t<li>ses r\u00e9sultats financiers,<\/li>\r\n \t<li>le march\u00e9 (g\u00e9n\u00e9ral et local),<\/li>\r\n \t<li>les clauses importantes du contrat.<\/li>\r\n<\/ul>\r\nNe signez pas le contrat avant de l\u2019avoir fait expertiser par des personnes comp\u00e9tentes (expert comptable, avocat, \u2026). N\u2019h\u00e9sitez pas \u00e0 consulter la liste des&nbsp;<a href=\"https:\/\/www.fbf-bff.be\/fr\/membres\/membres-associes\/\" target=\"_blank\" rel=\"noopener noreferrer\">membres associ\u00e9s<\/a>&nbsp;de la FBF, ce sont des personnes qui ont une expertise importante en la mati\u00e8re.\r\n\r\nRencontrez un maximum de franchis\u00e9s du r\u00e9seau choisi. Vous trouverez leurs coordonn\u00e9es dans le D.I.P. que vous remet le franchiseur.\r\n\r\nEt surtout,&nbsp; m\u00eame si le franchiseur vous remet une \u00e9tude de march\u00e9 et\/ou un plan financier,&nbsp; faites vos propres \u00e9tudes. Vous allez devenir ind\u00e9pendant et vous devez comprendre toutes les composantes de votre future activit\u00e9.[\/vc_column_text][\/vc_column][\/vc_row]","protected":false},"excerpt":{"rendered":"<p>[vc_row][vc_column][vc_column_text]<br \/>\nDevenir&nbsp;franchis\u00e9<br \/>\nVous souhaitez d\u00e9marrer dans le domaine de la franchise ? Que faut-il savoir, quels sont les avantages \u00e0 cette m\u00e9thode de collaboration ? D\u00e9couvrez, en quelques points, l\u2019information essentielle \u00e0 conna\u00eetre quand vous d\u00e9butez dans la franchise. Tout ce qu\u2019il faut savoir pour d\u00e9buter dans la franchise.<br \/>\nD\u00e9finition<br ...\n<\/p>\n","protected":false},"author":2,"featured_media":0,"parent":867,"menu_order":0,"comment_status":"closed","ping_status":"closed","template":"template_leftnav.php","meta":{"ngg_post_thumbnail":0,"footnotes":""},"acf":[],"yoast_head":"<!-- This site is optimized with the Yoast SEO plugin v23.5 - https:\/\/yoast.com\/wordpress\/plugins\/seo\/ -->\n<title>Les pas \u00e0 suivre pour devenir franchis\u00e9 - F\u00e9d\u00e9ration Belge de la Franchise<\/title>\n<meta name=\"description\" content=\"Tout ce qu&#039;il faut savoir pour d\u00e9buter en franchise : bien s&#039;informer, les avantages, comment s&#039;auto-\u00e9valuer et bien choisir son r\u00e9seau de franchise\" \/>\n<meta name=\"robots\" content=\"index, follow, max-snippet:-1, max-image-preview:large, max-video-preview:-1\" \/>\n<link rel=\"canonical\" href=\"https:\/\/www.fbf-bff.be\/fr\/franchise\/les-pas-a-suivre\/\" \/>\n<meta property=\"og:locale\" content=\"fr_FR\" \/>\n<meta property=\"og:type\" content=\"article\" \/>\n<meta property=\"og:title\" content=\"Les pas \u00e0 suivre pour devenir franchis\u00e9 - F\u00e9d\u00e9ration Belge de la Franchise\" \/>\n<meta property=\"og:description\" content=\"Tout ce qu&#039;il faut savoir pour d\u00e9buter en franchise : bien s&#039;informer, les avantages, comment s&#039;auto-\u00e9valuer et bien choisir son r\u00e9seau de franchise\" \/>\n<meta property=\"og:url\" content=\"https:\/\/www.fbf-bff.be\/fr\/franchise\/les-pas-a-suivre\/\" \/>\n<meta property=\"og:site_name\" content=\"F\u00e9d\u00e9ration Belge de la Franchise\" \/>\n<meta property=\"article:modified_time\" content=\"2020-09-18T11:47:16+00:00\" \/>\n<meta property=\"og:image\" content=\"https:\/\/www.fbf-bff.be\/wp-content\/uploads\/2017\/06\/fbf-bff-fb-cover.jpg\" \/>\n\t<meta property=\"og:image:width\" content=\"1200\" \/>\n\t<meta property=\"og:image:height\" content=\"630\" \/>\n\t<meta property=\"og:image:type\" content=\"image\/jpeg\" \/>\n<meta name=\"twitter:card\" content=\"summary_large_image\" \/>\n<meta name=\"twitter:label1\" content=\"Dur\u00e9e de lecture estim\u00e9e\" \/>\n\t<meta name=\"twitter:data1\" content=\"5 minutes\" \/>\n<script type=\"application\/ld+json\" class=\"yoast-schema-graph\">{\"@context\":\"https:\/\/schema.org\",\"@graph\":[{\"@type\":\"WebPage\",\"@id\":\"https:\/\/www.fbf-bff.be\/fr\/franchise\/les-pas-a-suivre\/\",\"url\":\"https:\/\/www.fbf-bff.be\/fr\/franchise\/les-pas-a-suivre\/\",\"name\":\"Les pas \u00e0 suivre pour devenir franchis\u00e9 - F\u00e9d\u00e9ration Belge de la Franchise\",\"isPartOf\":{\"@id\":\"https:\/\/www.fbf-bff.be\/#website\"},\"datePublished\":\"2017-01-23T10:10:51+00:00\",\"dateModified\":\"2020-09-18T11:47:16+00:00\",\"description\":\"Tout ce qu'il faut savoir pour d\u00e9buter en franchise : bien s'informer, les avantages, comment s'auto-\u00e9valuer et bien choisir son r\u00e9seau de franchise\",\"breadcrumb\":{\"@id\":\"https:\/\/www.fbf-bff.be\/fr\/franchise\/les-pas-a-suivre\/#breadcrumb\"},\"inLanguage\":\"fr-FR\",\"potentialAction\":[{\"@type\":\"ReadAction\",\"target\":[\"https:\/\/www.fbf-bff.be\/fr\/franchise\/les-pas-a-suivre\/\"]}]},{\"@type\":\"BreadcrumbList\",\"@id\":\"https:\/\/www.fbf-bff.be\/fr\/franchise\/les-pas-a-suivre\/#breadcrumb\",\"itemListElement\":[{\"@type\":\"ListItem\",\"position\":1,\"name\":\"Home\",\"item\":\"https:\/\/www.fbf-bff.be\/fr\/\"},{\"@type\":\"ListItem\",\"position\":2,\"name\":\"Franchis\u00e9\",\"item\":\"https:\/\/www.fbf-bff.be\/fr\/franchise\/\"},{\"@type\":\"ListItem\",\"position\":3,\"name\":\"Les pas \u00e0 suivre\"}]},{\"@type\":\"WebSite\",\"@id\":\"https:\/\/www.fbf-bff.be\/#website\",\"url\":\"https:\/\/www.fbf-bff.be\/\",\"name\":\"F\u00e9d\u00e9ration Belge de la Franchise\",\"description\":\"Pour r\u00e9ussir ensemblee\",\"potentialAction\":[{\"@type\":\"SearchAction\",\"target\":{\"@type\":\"EntryPoint\",\"urlTemplate\":\"https:\/\/www.fbf-bff.be\/?s={search_term_string}\"},\"query-input\":{\"@type\":\"PropertyValueSpecification\",\"valueRequired\":true,\"valueName\":\"search_term_string\"}}],\"inLanguage\":\"fr-FR\"}]}<\/script>\n<!-- \/ Yoast SEO plugin. -->","yoast_head_json":{"title":"Les pas \u00e0 suivre pour devenir franchis\u00e9 - F\u00e9d\u00e9ration Belge de la Franchise","description":"Tout ce qu'il faut savoir pour d\u00e9buter en franchise : bien s'informer, les avantages, comment s'auto-\u00e9valuer et bien choisir son r\u00e9seau de franchise","robots":{"index":"index","follow":"follow","max-snippet":"max-snippet:-1","max-image-preview":"max-image-preview:large","max-video-preview":"max-video-preview:-1"},"canonical":"https:\/\/www.fbf-bff.be\/fr\/franchise\/les-pas-a-suivre\/","og_locale":"fr_FR","og_type":"article","og_title":"Les pas \u00e0 suivre pour devenir franchis\u00e9 - F\u00e9d\u00e9ration Belge de la Franchise","og_description":"Tout ce qu'il faut savoir pour d\u00e9buter en franchise : bien s'informer, les avantages, comment s'auto-\u00e9valuer et bien choisir son r\u00e9seau de franchise","og_url":"https:\/\/www.fbf-bff.be\/fr\/franchise\/les-pas-a-suivre\/","og_site_name":"F\u00e9d\u00e9ration Belge de la Franchise","article_modified_time":"2020-09-18T11:47:16+00:00","og_image":[{"width":1200,"height":630,"url":"https:\/\/www.fbf-bff.be\/wp-content\/uploads\/2017\/06\/fbf-bff-fb-cover.jpg","type":"image\/jpeg"}],"twitter_card":"summary_large_image","twitter_misc":{"Dur\u00e9e de lecture estim\u00e9e":"5 minutes"},"schema":{"@context":"https:\/\/schema.org","@graph":[{"@type":"WebPage","@id":"https:\/\/www.fbf-bff.be\/fr\/franchise\/les-pas-a-suivre\/","url":"https:\/\/www.fbf-bff.be\/fr\/franchise\/les-pas-a-suivre\/","name":"Les pas \u00e0 suivre pour devenir franchis\u00e9 - F\u00e9d\u00e9ration Belge de la Franchise","isPartOf":{"@id":"https:\/\/www.fbf-bff.be\/#website"},"datePublished":"2017-01-23T10:10:51+00:00","dateModified":"2020-09-18T11:47:16+00:00","description":"Tout ce qu'il faut savoir pour d\u00e9buter en franchise : bien s'informer, les avantages, comment s'auto-\u00e9valuer et bien choisir son r\u00e9seau de franchise","breadcrumb":{"@id":"https:\/\/www.fbf-bff.be\/fr\/franchise\/les-pas-a-suivre\/#breadcrumb"},"inLanguage":"fr-FR","potentialAction":[{"@type":"ReadAction","target":["https:\/\/www.fbf-bff.be\/fr\/franchise\/les-pas-a-suivre\/"]}]},{"@type":"BreadcrumbList","@id":"https:\/\/www.fbf-bff.be\/fr\/franchise\/les-pas-a-suivre\/#breadcrumb","itemListElement":[{"@type":"ListItem","position":1,"name":"Home","item":"https:\/\/www.fbf-bff.be\/fr\/"},{"@type":"ListItem","position":2,"name":"Franchis\u00e9","item":"https:\/\/www.fbf-bff.be\/fr\/franchise\/"},{"@type":"ListItem","position":3,"name":"Les pas \u00e0 suivre"}]},{"@type":"WebSite","@id":"https:\/\/www.fbf-bff.be\/#website","url":"https:\/\/www.fbf-bff.be\/","name":"F\u00e9d\u00e9ration Belge de la Franchise","description":"Pour r\u00e9ussir ensemblee","potentialAction":[{"@type":"SearchAction","target":{"@type":"EntryPoint","urlTemplate":"https:\/\/www.fbf-bff.be\/?s={search_term_string}"},"query-input":{"@type":"PropertyValueSpecification","valueRequired":true,"valueName":"search_term_string"}}],"inLanguage":"fr-FR"}]}},"_links":{"self":[{"href":"https:\/\/www.fbf-bff.be\/fr\/wp-json\/wp\/v2\/pages\/637"}],"collection":[{"href":"https:\/\/www.fbf-bff.be\/fr\/wp-json\/wp\/v2\/pages"}],"about":[{"href":"https:\/\/www.fbf-bff.be\/fr\/wp-json\/wp\/v2\/types\/page"}],"author":[{"embeddable":true,"href":"https:\/\/www.fbf-bff.be\/fr\/wp-json\/wp\/v2\/users\/2"}],"replies":[{"embeddable":true,"href":"https:\/\/www.fbf-bff.be\/fr\/wp-json\/wp\/v2\/comments?post=637"}],"version-history":[{"count":5,"href":"https:\/\/www.fbf-bff.be\/fr\/wp-json\/wp\/v2\/pages\/637\/revisions"}],"predecessor-version":[{"id":2359,"href":"https:\/\/www.fbf-bff.be\/fr\/wp-json\/wp\/v2\/pages\/637\/revisions\/2359"}],"up":[{"embeddable":true,"href":"https:\/\/www.fbf-bff.be\/fr\/wp-json\/wp\/v2\/pages\/867"}],"wp:attachment":[{"href":"https:\/\/www.fbf-bff.be\/fr\/wp-json\/wp\/v2\/media?parent=637"}],"curies":[{"name":"wp","href":"https:\/\/api.w.org\/{rel}","templated":true}]}}