{"id":603,"date":"2017-01-23T09:38:06","date_gmt":"2017-01-23T09:38:06","guid":{"rendered":"https:\/\/www.fbf-bff.be\/?page_id=603\/"},"modified":"2020-10-19T13:46:49","modified_gmt":"2020-10-19T13:46:49","slug":"legislation","status":"publish","type":"page","link":"https:\/\/www.fbf-bff.be\/fr\/franchise-2\/legislation\/","title":{"rendered":"L\u00e9gislation"},"content":{"rendered":"[vc_row][vc_column][vc_column_text]\r\n<h1><span style=\"color: #99cc00;\">Le contrat de franchise\r\n<\/span><\/h1>\r\nEn Belgique, le contrat de franchise n\u2019est pas r\u00e9glement\u00e9 par une l\u00e9gislation sp\u00e9cifique.&nbsp;\r\nDes r\u00e8gles s&rsquo;appliquent cependant; en voici les bases juridiques:\r\n<ul>\r\n \t<li><a href=\"http:\/\/www.ejustice.just.fgov.be\/cgi_loi\/change_lg.pl?language=fr&amp;la=F&amp;table_name=loi&amp;cn=2014040221\">Le titre 2 du livre X du Code de droit \u00e9conomique<\/a>, qui r\u00e9glemente l\u2019information pr\u00e9-contractuelle \u00e0 donner avant la signature d\u2019un contrat.<\/li>\r\n \t<li><a href=\"https:\/\/www.fbf-bff.be\/fr\/federation\/code-de-deontologie\/\">Le Code de d\u00e9ontologie europ\u00e9en de la franchise<\/a> adopt\u00e9 par la F\u00e9d\u00e9ration Europ\u00e9enne de la franchise, qui est parfois retenu comme faisant partie des usages commerciaux applicables par les cours et tribunaux. Un franchiseur peut adjoindre le code \u00e0 son contrat et le rendre contractuellement applicable au contrat de franchise en cours ou \u00e0 signer ult\u00e9rieurement.<\/li>\r\n \t<li>Le droit commun des droits et obligations des contrats dont les principes se retrouvent dans le Code Civil.<\/li>\r\n<\/ul>\r\nIl est fortement recommand\u00e9 de faire appel \u00e0 un juriste pour \u00e9laborer son contrat de franchise sur mesure.[\/vc_column_text][\/vc_column][\/vc_row]","protected":false},"excerpt":{"rendered":"<p>[vc_row][vc_column][vc_column_text]<br \/>\nLe contrat de franchise<\/p>\n<p>En Belgique, le contrat de franchise n\u2019est pas r\u00e9glement\u00e9 par une l\u00e9gislation sp\u00e9cifique.&nbsp;<br \/>\nDes r\u00e8gles s&rsquo;appliquent cependant; en voici les bases juridiques:<\/p>\n<p> \tLe titre 2 du livre X du Code de droit \u00e9conomique, qui r\u00e9glemente l\u2019information pr\u00e9-contractuelle \u00e0 donner avant la signature &#8230;<\/p>\n","protected":false},"author":2,"featured_media":0,"parent":860,"menu_order":0,"comment_status":"closed","ping_status":"closed","template":"template_leftnav.php","meta":{"ngg_post_thumbnail":0,"footnotes":""},"acf":[],"yoast_head":"<!-- This site is optimized with the Yoast SEO plugin v23.5 - https:\/\/yoast.com\/wordpress\/plugins\/seo\/ -->\n<title>Quelle l\u00e9gislation pour la franchise ? - F\u00e9d\u00e9ration Belge de la Franchise<\/title>\n<meta name=\"description\" content=\"A quelles r\u00e8gles est soumise la franchise ? Droit belge, droit europ\u00e9en, charte authentique et \u00e9thique de la FBF et le code de d\u00e9ontologie de l&#039;EFF.\" \/>\n<meta name=\"robots\" content=\"index, follow, max-snippet:-1, max-image-preview:large, max-video-preview:-1\" \/>\n<link rel=\"canonical\" href=\"https:\/\/www.fbf-bff.be\/fr\/franchise-2\/legislation\/\" \/>\n<meta property=\"og:locale\" content=\"fr_FR\" \/>\n<meta property=\"og:type\" content=\"article\" \/>\n<meta property=\"og:title\" content=\"Quelle l\u00e9gislation pour la franchise ? - F\u00e9d\u00e9ration Belge de la Franchise\" \/>\n<meta property=\"og:description\" content=\"A quelles r\u00e8gles est soumise la franchise ? Droit belge, droit europ\u00e9en, charte authentique et \u00e9thique de la FBF et le code de d\u00e9ontologie de l&#039;EFF.\" \/>\n<meta property=\"og:url\" content=\"https:\/\/www.fbf-bff.be\/fr\/franchise-2\/legislation\/\" \/>\n<meta property=\"og:site_name\" content=\"F\u00e9d\u00e9ration Belge de la Franchise\" \/>\n<meta property=\"article:modified_time\" content=\"2020-10-19T13:46:49+00:00\" \/>\n<meta property=\"og:image\" content=\"https:\/\/www.fbf-bff.be\/wp-content\/uploads\/2017\/06\/fbf-bff-fb-cover.jpg\" \/>\n\t<meta property=\"og:image:width\" content=\"1200\" \/>\n\t<meta property=\"og:image:height\" content=\"630\" \/>\n\t<meta property=\"og:image:type\" content=\"image\/jpeg\" \/>\n<meta name=\"twitter:card\" content=\"summary_large_image\" \/>\n<meta name=\"twitter:label1\" content=\"Dur\u00e9e de lecture estim\u00e9e\" \/>\n\t<meta name=\"twitter:data1\" content=\"1 minute\" \/>\n<script type=\"application\/ld+json\" class=\"yoast-schema-graph\">{\"@context\":\"https:\/\/schema.org\",\"@graph\":[{\"@type\":\"WebPage\",\"@id\":\"https:\/\/www.fbf-bff.be\/fr\/franchise-2\/legislation\/\",\"url\":\"https:\/\/www.fbf-bff.be\/fr\/franchise-2\/legislation\/\",\"name\":\"Quelle l\u00e9gislation pour la franchise ? - F\u00e9d\u00e9ration Belge de la Franchise\",\"isPartOf\":{\"@id\":\"https:\/\/www.fbf-bff.be\/#website\"},\"datePublished\":\"2017-01-23T09:38:06+00:00\",\"dateModified\":\"2020-10-19T13:46:49+00:00\",\"description\":\"A quelles r\u00e8gles est soumise la franchise ? Droit belge, droit europ\u00e9en, charte authentique et \u00e9thique de la FBF et le code de d\u00e9ontologie de l'EFF.\",\"breadcrumb\":{\"@id\":\"https:\/\/www.fbf-bff.be\/fr\/franchise-2\/legislation\/#breadcrumb\"},\"inLanguage\":\"fr-FR\",\"potentialAction\":[{\"@type\":\"ReadAction\",\"target\":[\"https:\/\/www.fbf-bff.be\/fr\/franchise-2\/legislation\/\"]}]},{\"@type\":\"BreadcrumbList\",\"@id\":\"https:\/\/www.fbf-bff.be\/fr\/franchise-2\/legislation\/#breadcrumb\",\"itemListElement\":[{\"@type\":\"ListItem\",\"position\":1,\"name\":\"Home\",\"item\":\"https:\/\/www.fbf-bff.be\/fr\/\"},{\"@type\":\"ListItem\",\"position\":2,\"name\":\"Franchise\",\"item\":\"https:\/\/www.fbf-bff.be\/fr\/franchise-2\/\"},{\"@type\":\"ListItem\",\"position\":3,\"name\":\"L\u00e9gislation\"}]},{\"@type\":\"WebSite\",\"@id\":\"https:\/\/www.fbf-bff.be\/#website\",\"url\":\"https:\/\/www.fbf-bff.be\/\",\"name\":\"F\u00e9d\u00e9ration Belge de la Franchise\",\"description\":\"Pour r\u00e9ussir ensemblee\",\"potentialAction\":[{\"@type\":\"SearchAction\",\"target\":{\"@type\":\"EntryPoint\",\"urlTemplate\":\"https:\/\/www.fbf-bff.be\/?s={search_term_string}\"},\"query-input\":{\"@type\":\"PropertyValueSpecification\",\"valueRequired\":true,\"valueName\":\"search_term_string\"}}],\"inLanguage\":\"fr-FR\"}]}<\/script>\n<!-- \/ Yoast SEO plugin. -->","yoast_head_json":{"title":"Quelle l\u00e9gislation pour la franchise ? - F\u00e9d\u00e9ration Belge de la Franchise","description":"A quelles r\u00e8gles est soumise la franchise ? Droit belge, droit europ\u00e9en, charte authentique et \u00e9thique de la FBF et le code de d\u00e9ontologie de l'EFF.","robots":{"index":"index","follow":"follow","max-snippet":"max-snippet:-1","max-image-preview":"max-image-preview:large","max-video-preview":"max-video-preview:-1"},"canonical":"https:\/\/www.fbf-bff.be\/fr\/franchise-2\/legislation\/","og_locale":"fr_FR","og_type":"article","og_title":"Quelle l\u00e9gislation pour la franchise ? - F\u00e9d\u00e9ration Belge de la Franchise","og_description":"A quelles r\u00e8gles est soumise la franchise ? Droit belge, droit europ\u00e9en, charte authentique et \u00e9thique de la FBF et le code de d\u00e9ontologie de l'EFF.","og_url":"https:\/\/www.fbf-bff.be\/fr\/franchise-2\/legislation\/","og_site_name":"F\u00e9d\u00e9ration Belge de la Franchise","article_modified_time":"2020-10-19T13:46:49+00:00","og_image":[{"width":1200,"height":630,"url":"https:\/\/www.fbf-bff.be\/wp-content\/uploads\/2017\/06\/fbf-bff-fb-cover.jpg","type":"image\/jpeg"}],"twitter_card":"summary_large_image","twitter_misc":{"Dur\u00e9e de lecture estim\u00e9e":"1 minute"},"schema":{"@context":"https:\/\/schema.org","@graph":[{"@type":"WebPage","@id":"https:\/\/www.fbf-bff.be\/fr\/franchise-2\/legislation\/","url":"https:\/\/www.fbf-bff.be\/fr\/franchise-2\/legislation\/","name":"Quelle l\u00e9gislation pour la franchise ? - F\u00e9d\u00e9ration Belge de la Franchise","isPartOf":{"@id":"https:\/\/www.fbf-bff.be\/#website"},"datePublished":"2017-01-23T09:38:06+00:00","dateModified":"2020-10-19T13:46:49+00:00","description":"A quelles r\u00e8gles est soumise la franchise ? Droit belge, droit europ\u00e9en, charte authentique et \u00e9thique de la FBF et le code de d\u00e9ontologie de l'EFF.","breadcrumb":{"@id":"https:\/\/www.fbf-bff.be\/fr\/franchise-2\/legislation\/#breadcrumb"},"inLanguage":"fr-FR","potentialAction":[{"@type":"ReadAction","target":["https:\/\/www.fbf-bff.be\/fr\/franchise-2\/legislation\/"]}]},{"@type":"BreadcrumbList","@id":"https:\/\/www.fbf-bff.be\/fr\/franchise-2\/legislation\/#breadcrumb","itemListElement":[{"@type":"ListItem","position":1,"name":"Home","item":"https:\/\/www.fbf-bff.be\/fr\/"},{"@type":"ListItem","position":2,"name":"Franchise","item":"https:\/\/www.fbf-bff.be\/fr\/franchise-2\/"},{"@type":"ListItem","position":3,"name":"L\u00e9gislation"}]},{"@type":"WebSite","@id":"https:\/\/www.fbf-bff.be\/#website","url":"https:\/\/www.fbf-bff.be\/","name":"F\u00e9d\u00e9ration Belge de la Franchise","description":"Pour r\u00e9ussir ensemblee","potentialAction":[{"@type":"SearchAction","target":{"@type":"EntryPoint","urlTemplate":"https:\/\/www.fbf-bff.be\/?s={search_term_string}"},"query-input":{"@type":"PropertyValueSpecification","valueRequired":true,"valueName":"search_term_string"}}],"inLanguage":"fr-FR"}]}},"_links":{"self":[{"href":"https:\/\/www.fbf-bff.be\/fr\/wp-json\/wp\/v2\/pages\/603"}],"collection":[{"href":"https:\/\/www.fbf-bff.be\/fr\/wp-json\/wp\/v2\/pages"}],"about":[{"href":"https:\/\/www.fbf-bff.be\/fr\/wp-json\/wp\/v2\/types\/page"}],"author":[{"embeddable":true,"href":"https:\/\/www.fbf-bff.be\/fr\/wp-json\/wp\/v2\/users\/2"}],"replies":[{"embeddable":true,"href":"https:\/\/www.fbf-bff.be\/fr\/wp-json\/wp\/v2\/comments?post=603"}],"version-history":[{"count":5,"href":"https:\/\/www.fbf-bff.be\/fr\/wp-json\/wp\/v2\/pages\/603\/revisions"}],"predecessor-version":[{"id":2401,"href":"https:\/\/www.fbf-bff.be\/fr\/wp-json\/wp\/v2\/pages\/603\/revisions\/2401"}],"up":[{"embeddable":true,"href":"https:\/\/www.fbf-bff.be\/fr\/wp-json\/wp\/v2\/pages\/860"}],"wp:attachment":[{"href":"https:\/\/www.fbf-bff.be\/fr\/wp-json\/wp\/v2\/media?parent=603"}],"curies":[{"name":"wp","href":"https:\/\/api.w.org\/{rel}","templated":true}]}}