{"id":590,"date":"2017-01-23T09:29:56","date_gmt":"2017-01-23T09:29:56","guid":{"rendered":"https:\/\/www.fbf-bff.be\/?page_id=590\/"},"modified":"2023-01-26T11:50:17","modified_gmt":"2023-01-26T10:50:17","slug":"etudes","status":"publish","type":"page","link":"https:\/\/www.fbf-bff.be\/fr\/franchise-2\/etudes\/","title":{"rendered":"Etudes"},"content":{"rendered":"[vc_row][vc_column][vc_column_text]<span style=\"color: #000000;\">Une <strong>\u00e9tude qualitative<\/strong> sur la franchise en Belgique a \u00e9t\u00e9 mise en place par la F\u00e9d\u00e9ration en 2017:<\/span>\r\n\r\n<a href=\"https:\/\/www.fbf-bff.be\/wp-content\/uploads\/2020\/09\/\u00c9TUDE-2017-final.pdf\" target=\"_blank\" rel=\"noopener\">Rapport de l&rsquo;\u00e9tude 2017<\/a>\r\n\r\n<span style=\"color: #000000;\">La F\u00e9d\u00e9ration a \u00e9galement men\u00e9 une <strong>\u00e9tude quantitative sur <\/strong>la franchise en Belgique en 2021 qui a ensuite \u00e9t\u00e9 mise \u00e0 jour en 2022.<\/span>\r\n\r\n<span style=\"color: #333399;\"><a style=\"color: #333399;\" href=\"https:\/\/www.fbf-bff.be\/wp-content\/uploads\/2021\/11\/Etude-quantitative-franchise-en-Belgique-FBF-2021.pdf\" target=\"_blank\" rel=\"noopener\">Rapport de l&rsquo;\u00e9tude 2021<\/a><\/span>\r\n\r\n<span style=\"color: #000000;\"><span style=\"color: #000080;\"><span style=\"color: #333399;\"><a style=\"color: #333399;\" href=\"https:\/\/www.fbf-bff.be\/wp-content\/uploads\/2023\/01\/EM_FBF_Franchise-2022_LIGHT_FR.pdf\" target=\"_blank\" rel=\"noopener\">Rapport de l&rsquo;\u00e9tude 2022<\/a>&nbsp;<\/span>\r\n<\/span><\/span>\r\n\r\n&nbsp;\r\n\r\n&nbsp;[\/vc_column_text][\/vc_column][\/vc_row]","protected":false},"excerpt":{"rendered":"<p>[vc_row][vc_column][vc_column_text]Une \u00e9tude qualitative sur la franchise en Belgique a \u00e9t\u00e9 mise en place par la F\u00e9d\u00e9ration en 2017:<\/p>\n<p>Rapport de l&rsquo;\u00e9tude 2017<\/p>\n<p>La F\u00e9d\u00e9ration a \u00e9galement men\u00e9 une \u00e9tude quantitative sur la franchise en Belgique en 2021 qui a ensuite \u00e9t\u00e9 mise \u00e0 jour en 2022.<\/p>\n<p>Rapport &#8230;<\/p>\n","protected":false},"author":2,"featured_media":0,"parent":860,"menu_order":0,"comment_status":"closed","ping_status":"closed","template":"template_leftnav.php","meta":{"ngg_post_thumbnail":0,"footnotes":""},"acf":[],"yoast_head":"<!-- This site is optimized with the Yoast SEO plugin v23.5 - https:\/\/yoast.com\/wordpress\/plugins\/seo\/ -->\n<title>Les \u00e9tudes sur la franchise de la F\u00e9d\u00e9ration Belge de la Franchise<\/title>\n<meta name=\"description\" content=\"Des \u00e9tudes sur la franchise en Belgique sont r\u00e9alis\u00e9es et publi\u00e9es par la F\u00e9d\u00e9ration Belge de la Franchise : consultez ici les rapports.\" \/>\n<meta name=\"robots\" content=\"index, follow, max-snippet:-1, max-image-preview:large, max-video-preview:-1\" \/>\n<link rel=\"canonical\" href=\"https:\/\/www.fbf-bff.be\/fr\/franchise-2\/etudes\/\" \/>\n<meta property=\"og:locale\" content=\"fr_FR\" \/>\n<meta property=\"og:type\" content=\"article\" \/>\n<meta property=\"og:title\" content=\"Les \u00e9tudes sur la franchise de la F\u00e9d\u00e9ration Belge de la Franchise\" \/>\n<meta property=\"og:description\" content=\"Des \u00e9tudes sur la franchise en Belgique sont r\u00e9alis\u00e9es et publi\u00e9es par la F\u00e9d\u00e9ration Belge de la Franchise : consultez ici les rapports.\" \/>\n<meta property=\"og:url\" content=\"https:\/\/www.fbf-bff.be\/fr\/franchise-2\/etudes\/\" \/>\n<meta property=\"og:site_name\" content=\"F\u00e9d\u00e9ration Belge de la Franchise\" \/>\n<meta property=\"article:modified_time\" content=\"2023-01-26T10:50:17+00:00\" \/>\n<meta property=\"og:image\" content=\"https:\/\/www.fbf-bff.be\/wp-content\/uploads\/2017\/06\/fbf-bff-fb-cover.jpg\" \/>\n\t<meta property=\"og:image:width\" content=\"1200\" \/>\n\t<meta property=\"og:image:height\" content=\"630\" \/>\n\t<meta property=\"og:image:type\" content=\"image\/jpeg\" \/>\n<meta name=\"twitter:card\" content=\"summary_large_image\" \/>\n<meta name=\"twitter:label1\" content=\"Dur\u00e9e de lecture estim\u00e9e\" \/>\n\t<meta name=\"twitter:data1\" content=\"1 minute\" \/>\n<script type=\"application\/ld+json\" class=\"yoast-schema-graph\">{\"@context\":\"https:\/\/schema.org\",\"@graph\":[{\"@type\":\"WebPage\",\"@id\":\"https:\/\/www.fbf-bff.be\/fr\/franchise-2\/etudes\/\",\"url\":\"https:\/\/www.fbf-bff.be\/fr\/franchise-2\/etudes\/\",\"name\":\"Les \u00e9tudes sur la franchise de la F\u00e9d\u00e9ration Belge de la Franchise\",\"isPartOf\":{\"@id\":\"https:\/\/www.fbf-bff.be\/#website\"},\"datePublished\":\"2017-01-23T09:29:56+00:00\",\"dateModified\":\"2023-01-26T10:50:17+00:00\",\"description\":\"Des \u00e9tudes sur la franchise en Belgique sont r\u00e9alis\u00e9es et publi\u00e9es par la F\u00e9d\u00e9ration Belge de la Franchise : consultez ici les rapports.\",\"breadcrumb\":{\"@id\":\"https:\/\/www.fbf-bff.be\/fr\/franchise-2\/etudes\/#breadcrumb\"},\"inLanguage\":\"fr-FR\",\"potentialAction\":[{\"@type\":\"ReadAction\",\"target\":[\"https:\/\/www.fbf-bff.be\/fr\/franchise-2\/etudes\/\"]}]},{\"@type\":\"BreadcrumbList\",\"@id\":\"https:\/\/www.fbf-bff.be\/fr\/franchise-2\/etudes\/#breadcrumb\",\"itemListElement\":[{\"@type\":\"ListItem\",\"position\":1,\"name\":\"Home\",\"item\":\"https:\/\/www.fbf-bff.be\/fr\/\"},{\"@type\":\"ListItem\",\"position\":2,\"name\":\"Franchise\",\"item\":\"https:\/\/www.fbf-bff.be\/fr\/franchise-2\/\"},{\"@type\":\"ListItem\",\"position\":3,\"name\":\"Etudes\"}]},{\"@type\":\"WebSite\",\"@id\":\"https:\/\/www.fbf-bff.be\/#website\",\"url\":\"https:\/\/www.fbf-bff.be\/\",\"name\":\"F\u00e9d\u00e9ration Belge de la Franchise\",\"description\":\"Pour r\u00e9ussir ensemblee\",\"potentialAction\":[{\"@type\":\"SearchAction\",\"target\":{\"@type\":\"EntryPoint\",\"urlTemplate\":\"https:\/\/www.fbf-bff.be\/?s={search_term_string}\"},\"query-input\":{\"@type\":\"PropertyValueSpecification\",\"valueRequired\":true,\"valueName\":\"search_term_string\"}}],\"inLanguage\":\"fr-FR\"}]}<\/script>\n<!-- \/ Yoast SEO plugin. -->","yoast_head_json":{"title":"Les \u00e9tudes sur la franchise de la F\u00e9d\u00e9ration Belge de la Franchise","description":"Des \u00e9tudes sur la franchise en Belgique sont r\u00e9alis\u00e9es et publi\u00e9es par la F\u00e9d\u00e9ration Belge de la Franchise : consultez ici les rapports.","robots":{"index":"index","follow":"follow","max-snippet":"max-snippet:-1","max-image-preview":"max-image-preview:large","max-video-preview":"max-video-preview:-1"},"canonical":"https:\/\/www.fbf-bff.be\/fr\/franchise-2\/etudes\/","og_locale":"fr_FR","og_type":"article","og_title":"Les \u00e9tudes sur la franchise de la F\u00e9d\u00e9ration Belge de la Franchise","og_description":"Des \u00e9tudes sur la franchise en Belgique sont r\u00e9alis\u00e9es et publi\u00e9es par la F\u00e9d\u00e9ration Belge de la Franchise : consultez ici les rapports.","og_url":"https:\/\/www.fbf-bff.be\/fr\/franchise-2\/etudes\/","og_site_name":"F\u00e9d\u00e9ration Belge de la Franchise","article_modified_time":"2023-01-26T10:50:17+00:00","og_image":[{"width":1200,"height":630,"url":"https:\/\/www.fbf-bff.be\/wp-content\/uploads\/2017\/06\/fbf-bff-fb-cover.jpg","type":"image\/jpeg"}],"twitter_card":"summary_large_image","twitter_misc":{"Dur\u00e9e de lecture estim\u00e9e":"1 minute"},"schema":{"@context":"https:\/\/schema.org","@graph":[{"@type":"WebPage","@id":"https:\/\/www.fbf-bff.be\/fr\/franchise-2\/etudes\/","url":"https:\/\/www.fbf-bff.be\/fr\/franchise-2\/etudes\/","name":"Les \u00e9tudes sur la franchise de la F\u00e9d\u00e9ration Belge de la Franchise","isPartOf":{"@id":"https:\/\/www.fbf-bff.be\/#website"},"datePublished":"2017-01-23T09:29:56+00:00","dateModified":"2023-01-26T10:50:17+00:00","description":"Des \u00e9tudes sur la franchise en Belgique sont r\u00e9alis\u00e9es et publi\u00e9es par la F\u00e9d\u00e9ration Belge de la Franchise : consultez ici les rapports.","breadcrumb":{"@id":"https:\/\/www.fbf-bff.be\/fr\/franchise-2\/etudes\/#breadcrumb"},"inLanguage":"fr-FR","potentialAction":[{"@type":"ReadAction","target":["https:\/\/www.fbf-bff.be\/fr\/franchise-2\/etudes\/"]}]},{"@type":"BreadcrumbList","@id":"https:\/\/www.fbf-bff.be\/fr\/franchise-2\/etudes\/#breadcrumb","itemListElement":[{"@type":"ListItem","position":1,"name":"Home","item":"https:\/\/www.fbf-bff.be\/fr\/"},{"@type":"ListItem","position":2,"name":"Franchise","item":"https:\/\/www.fbf-bff.be\/fr\/franchise-2\/"},{"@type":"ListItem","position":3,"name":"Etudes"}]},{"@type":"WebSite","@id":"https:\/\/www.fbf-bff.be\/#website","url":"https:\/\/www.fbf-bff.be\/","name":"F\u00e9d\u00e9ration Belge de la Franchise","description":"Pour r\u00e9ussir ensemblee","potentialAction":[{"@type":"SearchAction","target":{"@type":"EntryPoint","urlTemplate":"https:\/\/www.fbf-bff.be\/?s={search_term_string}"},"query-input":{"@type":"PropertyValueSpecification","valueRequired":true,"valueName":"search_term_string"}}],"inLanguage":"fr-FR"}]}},"_links":{"self":[{"href":"https:\/\/www.fbf-bff.be\/fr\/wp-json\/wp\/v2\/pages\/590"}],"collection":[{"href":"https:\/\/www.fbf-bff.be\/fr\/wp-json\/wp\/v2\/pages"}],"about":[{"href":"https:\/\/www.fbf-bff.be\/fr\/wp-json\/wp\/v2\/types\/page"}],"author":[{"embeddable":true,"href":"https:\/\/www.fbf-bff.be\/fr\/wp-json\/wp\/v2\/users\/2"}],"replies":[{"embeddable":true,"href":"https:\/\/www.fbf-bff.be\/fr\/wp-json\/wp\/v2\/comments?post=590"}],"version-history":[{"count":8,"href":"https:\/\/www.fbf-bff.be\/fr\/wp-json\/wp\/v2\/pages\/590\/revisions"}],"predecessor-version":[{"id":14860,"href":"https:\/\/www.fbf-bff.be\/fr\/wp-json\/wp\/v2\/pages\/590\/revisions\/14860"}],"up":[{"embeddable":true,"href":"https:\/\/www.fbf-bff.be\/fr\/wp-json\/wp\/v2\/pages\/860"}],"wp:attachment":[{"href":"https:\/\/www.fbf-bff.be\/fr\/wp-json\/wp\/v2\/media?parent=590"}],"curies":[{"name":"wp","href":"https:\/\/api.w.org\/{rel}","templated":true}]}}