{"id":560,"date":"2017-01-19T13:34:07","date_gmt":"2017-01-19T13:34:07","guid":{"rendered":"https:\/\/www.fbf-bff.be\/?page_id=560\/"},"modified":"2023-12-12T13:31:23","modified_gmt":"2023-12-12T12:31:23","slug":"rejoignez-la-fbf","status":"publish","type":"page","link":"https:\/\/www.fbf-bff.be\/fr\/federation\/rejoignez-la-fbf\/","title":{"rendered":"Rejoignez la FBF"},"content":{"rendered":"[vc_row][vc_column][vc_column_text]\r\n<h1><span style=\"color: #99cc00;\">Franchement&nbsp;int\u00e9ress\u00e9?<\/span><\/h1>\r\n<h2><span style=\"color: #000080;\">Candidat Franchis\u00e9<\/span><\/h2>\r\nVous voulez vous lancer ? Cet espace est pour vous. Prenez directement <a href=\"https:\/\/www.fbf-bff.be\/fr\/contact\/\">contact<\/a> avec la F\u00e9d\u00e9ration Belge de la Franchise. Vous profiterez de toutes les informations n\u00e9cessaires pour acqu\u00e9rir une \u00abculture g\u00e9n\u00e9rale franchise \u00bb et vous faire guider dans votre d\u00e9marche.\r\n<h2><span style=\"color: #000080;\">Franchis\u00e9<\/span><\/h2>\r\nLe r\u00e9seau que vous avez int\u00e9gr\u00e9 est-il membre de la F\u00e9d\u00e9ration ? Si oui, les franchis\u00e9s sont repr\u00e9sent\u00e9s au sein du Comit\u00e9 Consultatif des Franchis\u00e9s de la FBF. Si le r\u00e9seau n&rsquo;est pas encore affili\u00e9 \u00e0 la FBF, parlez-en \u00e0 votre franchiseur.\r\n\r\nLes avantages pour un franchis\u00e9 dont l&rsquo;enseigne est membre (ou non) de la FBF: <a href=\"https:\/\/www.fbf-bff.be\/fr\/franchise\/les-avantages-de-la-fbf\/\" target=\"_blank\" rel=\"noopener noreferrer\">toutes les infos ici<\/a>\r\n<h2><span style=\"color: #000080;\">Candidat Franchiseur<\/span><\/h2>\r\nVous voulez devenir franchiseur ? Voici toutes les informations n\u00e9cessaires pour introduire votre candidature en tant que&nbsp;<a href=\"https:\/\/www.fbf-bff.be\/fr\/membres\/membres-starters\/\" target=\"_blank\" rel=\"noopener noreferrer\">membre Starter<\/a>. Pour plus de renseignements, contactez directement le bureau de la f\u00e9d\u00e9ration via&nbsp;<a href=\"https:\/\/www.fbf-bff.be\/fr\/contact\/\" target=\"_blank\" rel=\"noopener noreferrer\">ce lien<\/a>.\r\n<h2><span style=\"color: #000080;\">Franchiseur<\/span><\/h2>\r\nVous avez d\u00e9j\u00e0 un r\u00e9seau de franchise ? Alors, devenez membre junior ou effectif et r\u00e9coltez les fruits de votre professionnalisme en acqu\u00e9rant le label \u00ab membre de la FBF \u00bb. Profitez \u00e9galement de toutes les opportunit\u00e9s que vous offre la F\u00e9d\u00e9ration. Vous y trouverez un espace de rencontre, des membres comme vous, avec lesquels vous pourrez partager vos exp\u00e9riences.&nbsp;\r\n\r\n<a href=\"https:\/\/www.fbf-bff.be\/fr\/franchiseur\/devenir-membre-de-la-fbf\/\" target=\"_blank\" rel=\"noopener noreferrer\">Comment devenir membre de la FBF ?<\/a>\r\n\r\n<a href=\"https:\/\/www.fbf-bff.be\/wp-content\/uploads\/2023\/12\/Tarifs-2024.pdf\" target=\"_blank\" rel=\"noopener\">Consultez ici les tarifs 2024 des cotisations des membres<\/a> [\/vc_column_text][\/vc_column][\/vc_row]","protected":false},"excerpt":{"rendered":"<p>[vc_row][vc_column][vc_column_text]<br \/>\nFranchement&nbsp;int\u00e9ress\u00e9?<br \/>\nCandidat Franchis\u00e9<br \/>\nVous voulez vous lancer ? Cet espace est pour vous. Prenez directement contact avec la F\u00e9d\u00e9ration Belge de la Franchise. Vous profiterez de toutes les informations n\u00e9cessaires pour acqu\u00e9rir une \u00abculture g\u00e9n\u00e9rale franchise \u00bb et vous faire guider dans votre d\u00e9marche.<br \/>\nFranchis\u00e9<br \/>\nLe r\u00e9seau que vous &#8230;<\/p>\n","protected":false},"author":2,"featured_media":0,"parent":861,"menu_order":0,"comment_status":"closed","ping_status":"closed","template":"template_leftnav.php","meta":{"ngg_post_thumbnail":0,"footnotes":""},"acf":[],"yoast_head":"<!-- This site is optimized with the Yoast SEO plugin v23.5 - https:\/\/yoast.com\/wordpress\/plugins\/seo\/ -->\n<title>Rejoignez la FBF - F\u00e9d\u00e9ration Belge de la Franchise<\/title>\n<meta name=\"description\" content=\"Que vous soyez candidat franchis\u00e9, franchis\u00e9, candidat franchiseur ou franchiseur, voici tous les avantages d\u2019un r\u00e9seau \u00e0 devenir membre de la FBF\" \/>\n<meta name=\"robots\" content=\"index, follow, max-snippet:-1, max-image-preview:large, max-video-preview:-1\" \/>\n<link rel=\"canonical\" href=\"https:\/\/www.fbf-bff.be\/fr\/federation\/rejoignez-la-fbf\/\" \/>\n<meta property=\"og:locale\" content=\"fr_FR\" \/>\n<meta property=\"og:type\" content=\"article\" \/>\n<meta property=\"og:title\" content=\"Rejoignez la FBF - F\u00e9d\u00e9ration Belge de la Franchise\" \/>\n<meta property=\"og:description\" content=\"Que vous soyez candidat franchis\u00e9, franchis\u00e9, candidat franchiseur ou franchiseur, voici tous les avantages d\u2019un r\u00e9seau \u00e0 devenir membre de la FBF\" \/>\n<meta property=\"og:url\" content=\"https:\/\/www.fbf-bff.be\/fr\/federation\/rejoignez-la-fbf\/\" \/>\n<meta property=\"og:site_name\" content=\"F\u00e9d\u00e9ration Belge de la Franchise\" \/>\n<meta property=\"article:modified_time\" content=\"2023-12-12T12:31:23+00:00\" \/>\n<meta property=\"og:image\" content=\"https:\/\/www.fbf-bff.be\/wp-content\/uploads\/2017\/06\/fbf-bff-fb-cover.jpg\" \/>\n\t<meta property=\"og:image:width\" content=\"1200\" \/>\n\t<meta property=\"og:image:height\" content=\"630\" \/>\n\t<meta property=\"og:image:type\" content=\"image\/jpeg\" \/>\n<meta name=\"twitter:card\" content=\"summary_large_image\" \/>\n<meta name=\"twitter:label1\" content=\"Dur\u00e9e de lecture estim\u00e9e\" \/>\n\t<meta name=\"twitter:data1\" content=\"1 minute\" \/>\n<script type=\"application\/ld+json\" class=\"yoast-schema-graph\">{\"@context\":\"https:\/\/schema.org\",\"@graph\":[{\"@type\":\"WebPage\",\"@id\":\"https:\/\/www.fbf-bff.be\/fr\/federation\/rejoignez-la-fbf\/\",\"url\":\"https:\/\/www.fbf-bff.be\/fr\/federation\/rejoignez-la-fbf\/\",\"name\":\"Rejoignez la FBF - F\u00e9d\u00e9ration Belge de la Franchise\",\"isPartOf\":{\"@id\":\"https:\/\/www.fbf-bff.be\/#website\"},\"datePublished\":\"2017-01-19T13:34:07+00:00\",\"dateModified\":\"2023-12-12T12:31:23+00:00\",\"description\":\"Que vous soyez candidat franchis\u00e9, franchis\u00e9, candidat franchiseur ou franchiseur, voici tous les avantages d\u2019un r\u00e9seau \u00e0 devenir membre de la FBF\",\"breadcrumb\":{\"@id\":\"https:\/\/www.fbf-bff.be\/fr\/federation\/rejoignez-la-fbf\/#breadcrumb\"},\"inLanguage\":\"fr-FR\",\"potentialAction\":[{\"@type\":\"ReadAction\",\"target\":[\"https:\/\/www.fbf-bff.be\/fr\/federation\/rejoignez-la-fbf\/\"]}]},{\"@type\":\"BreadcrumbList\",\"@id\":\"https:\/\/www.fbf-bff.be\/fr\/federation\/rejoignez-la-fbf\/#breadcrumb\",\"itemListElement\":[{\"@type\":\"ListItem\",\"position\":1,\"name\":\"Home\",\"item\":\"https:\/\/www.fbf-bff.be\/fr\/\"},{\"@type\":\"ListItem\",\"position\":2,\"name\":\"F\u00e9d\u00e9ration\",\"item\":\"https:\/\/www.fbf-bff.be\/fr\/federation\/\"},{\"@type\":\"ListItem\",\"position\":3,\"name\":\"Rejoignez la FBF\"}]},{\"@type\":\"WebSite\",\"@id\":\"https:\/\/www.fbf-bff.be\/#website\",\"url\":\"https:\/\/www.fbf-bff.be\/\",\"name\":\"F\u00e9d\u00e9ration Belge de la Franchise\",\"description\":\"Pour r\u00e9ussir ensemblee\",\"potentialAction\":[{\"@type\":\"SearchAction\",\"target\":{\"@type\":\"EntryPoint\",\"urlTemplate\":\"https:\/\/www.fbf-bff.be\/?s={search_term_string}\"},\"query-input\":{\"@type\":\"PropertyValueSpecification\",\"valueRequired\":true,\"valueName\":\"search_term_string\"}}],\"inLanguage\":\"fr-FR\"}]}<\/script>\n<!-- \/ Yoast SEO plugin. -->","yoast_head_json":{"title":"Rejoignez la FBF - F\u00e9d\u00e9ration Belge de la Franchise","description":"Que vous soyez candidat franchis\u00e9, franchis\u00e9, candidat franchiseur ou franchiseur, voici tous les avantages d\u2019un r\u00e9seau \u00e0 devenir membre de la FBF","robots":{"index":"index","follow":"follow","max-snippet":"max-snippet:-1","max-image-preview":"max-image-preview:large","max-video-preview":"max-video-preview:-1"},"canonical":"https:\/\/www.fbf-bff.be\/fr\/federation\/rejoignez-la-fbf\/","og_locale":"fr_FR","og_type":"article","og_title":"Rejoignez la FBF - F\u00e9d\u00e9ration Belge de la Franchise","og_description":"Que vous soyez candidat franchis\u00e9, franchis\u00e9, candidat franchiseur ou franchiseur, voici tous les avantages d\u2019un r\u00e9seau \u00e0 devenir membre de la FBF","og_url":"https:\/\/www.fbf-bff.be\/fr\/federation\/rejoignez-la-fbf\/","og_site_name":"F\u00e9d\u00e9ration Belge de la Franchise","article_modified_time":"2023-12-12T12:31:23+00:00","og_image":[{"width":1200,"height":630,"url":"https:\/\/www.fbf-bff.be\/wp-content\/uploads\/2017\/06\/fbf-bff-fb-cover.jpg","type":"image\/jpeg"}],"twitter_card":"summary_large_image","twitter_misc":{"Dur\u00e9e de lecture estim\u00e9e":"1 minute"},"schema":{"@context":"https:\/\/schema.org","@graph":[{"@type":"WebPage","@id":"https:\/\/www.fbf-bff.be\/fr\/federation\/rejoignez-la-fbf\/","url":"https:\/\/www.fbf-bff.be\/fr\/federation\/rejoignez-la-fbf\/","name":"Rejoignez la FBF - F\u00e9d\u00e9ration Belge de la Franchise","isPartOf":{"@id":"https:\/\/www.fbf-bff.be\/#website"},"datePublished":"2017-01-19T13:34:07+00:00","dateModified":"2023-12-12T12:31:23+00:00","description":"Que vous soyez candidat franchis\u00e9, franchis\u00e9, candidat franchiseur ou franchiseur, voici tous les avantages d\u2019un r\u00e9seau \u00e0 devenir membre de la FBF","breadcrumb":{"@id":"https:\/\/www.fbf-bff.be\/fr\/federation\/rejoignez-la-fbf\/#breadcrumb"},"inLanguage":"fr-FR","potentialAction":[{"@type":"ReadAction","target":["https:\/\/www.fbf-bff.be\/fr\/federation\/rejoignez-la-fbf\/"]}]},{"@type":"BreadcrumbList","@id":"https:\/\/www.fbf-bff.be\/fr\/federation\/rejoignez-la-fbf\/#breadcrumb","itemListElement":[{"@type":"ListItem","position":1,"name":"Home","item":"https:\/\/www.fbf-bff.be\/fr\/"},{"@type":"ListItem","position":2,"name":"F\u00e9d\u00e9ration","item":"https:\/\/www.fbf-bff.be\/fr\/federation\/"},{"@type":"ListItem","position":3,"name":"Rejoignez la FBF"}]},{"@type":"WebSite","@id":"https:\/\/www.fbf-bff.be\/#website","url":"https:\/\/www.fbf-bff.be\/","name":"F\u00e9d\u00e9ration Belge de la Franchise","description":"Pour r\u00e9ussir ensemblee","potentialAction":[{"@type":"SearchAction","target":{"@type":"EntryPoint","urlTemplate":"https:\/\/www.fbf-bff.be\/?s={search_term_string}"},"query-input":{"@type":"PropertyValueSpecification","valueRequired":true,"valueName":"search_term_string"}}],"inLanguage":"fr-FR"}]}},"_links":{"self":[{"href":"https:\/\/www.fbf-bff.be\/fr\/wp-json\/wp\/v2\/pages\/560"}],"collection":[{"href":"https:\/\/www.fbf-bff.be\/fr\/wp-json\/wp\/v2\/pages"}],"about":[{"href":"https:\/\/www.fbf-bff.be\/fr\/wp-json\/wp\/v2\/types\/page"}],"author":[{"embeddable":true,"href":"https:\/\/www.fbf-bff.be\/fr\/wp-json\/wp\/v2\/users\/2"}],"replies":[{"embeddable":true,"href":"https:\/\/www.fbf-bff.be\/fr\/wp-json\/wp\/v2\/comments?post=560"}],"version-history":[{"count":9,"href":"https:\/\/www.fbf-bff.be\/fr\/wp-json\/wp\/v2\/pages\/560\/revisions"}],"predecessor-version":[{"id":16561,"href":"https:\/\/www.fbf-bff.be\/fr\/wp-json\/wp\/v2\/pages\/560\/revisions\/16561"}],"up":[{"embeddable":true,"href":"https:\/\/www.fbf-bff.be\/fr\/wp-json\/wp\/v2\/pages\/861"}],"wp:attachment":[{"href":"https:\/\/www.fbf-bff.be\/fr\/wp-json\/wp\/v2\/media?parent=560"}],"curies":[{"name":"wp","href":"https:\/\/api.w.org\/{rel}","templated":true}]}}