{"id":546,"date":"2017-01-19T13:13:05","date_gmt":"2017-01-19T13:13:05","guid":{"rendered":"https:\/\/www.fbf-bff.be\/?page_id=546\/"},"modified":"2020-09-11T11:18:51","modified_gmt":"2020-09-11T11:18:51","slug":"nos-valeurs","status":"publish","type":"page","link":"https:\/\/www.fbf-bff.be\/fr\/federation\/nos-valeurs\/","title":{"rendered":"Nos valeurs"},"content":{"rendered":"[vc_row][vc_column][vc_column_text]\r\n<h1><span style=\"color: #99cc00;\">Partageons les valeurs&nbsp;d\u00e9fendues par la FBF<\/span><\/h1>\r\n<h2><span style=\"color: #000080;\">Une franchise \u00e9thique et authentique\r\n<\/span><\/h2>\r\nToute franchise comprend trois parties qui sont \u00e9troitement li\u00e9es&nbsp;: le franchiseur, le franchis\u00e9 et le r\u00e9seau. Il n\u2019y a pas d\u2019avenir pour les r\u00e9seaux de franchise si les relations entre ces trois parties ne tendent pas vers un \u00e9quilibre \u00e9quitable pour tous les partenaires. Pour assurer la p\u00e9rennit\u00e9 de son r\u00e9seau, le franchiseur \u00e0 besoin de franchis\u00e9s qui gagnent dignement leur vie.\r\n\r\nUn r\u00e9seau de franchise doit se construire avec sagesse, prudence, r\u00e9alisme, et en pratiquant r\u00e9solument le respect de l\u2019\u00e9thique. Il lui faut \u00e9carter tout risque d\u2019entrainer des partenaires franchis\u00e9s dans un projet qui ne serait pas abouti, dans une aventure risqu\u00e9e, dans une d\u00e9marche qui ne serait pas confort\u00e9e par des r\u00e9sultats positifs d\u00e9j\u00e0 acquis par le concept de franchise propos\u00e9. D\u2019autre part, \u00e9tablir un rapport de force in\u00e9gal entre franchiseur et franchis\u00e9s ne cadre pas avec le sens des valeurs que d\u00e9fend la F\u00e9d\u00e9ration Belge de la Franchise tel que d\u00e9fini dans \u00ab <a href=\"https:\/\/www.fbf-bff.be\/wp-content\/uploads\/2020\/08\/Charte-\u00e9thique-de-la-FBF.pdf\" target=\"_blank\" rel=\"noopener noreferrer\">La Charte de la Franchise Ethique <\/a><a href=\"https:\/\/www.fbf-bff.be\/wp-content\/uploads\/2020\/08\/Charte-\u00e9thique-de-la-FBF.pdf\" target=\"_blank\" rel=\"noopener noreferrer\">et Authentique<\/a><a href=\"https:\/\/www.fbf-bff.be\/wp-content\/uploads\/2020\/08\/Charte-\u00e9thique-de-la-FBF.pdf\" target=\"_blank\" rel=\"noopener noreferrer\"> de la FBF<\/a> \u00bb.\r\n\r\n&nbsp;[\/vc_column_text][\/vc_column][\/vc_row]","protected":false},"excerpt":{"rendered":"<p>[vc_row][vc_column][vc_column_text]<br \/>\nPartageons les valeurs&nbsp;d\u00e9fendues par la FBF<br \/>\nUne franchise \u00e9thique et authentique<\/p>\n<p>Toute franchise comprend trois parties qui sont \u00e9troitement li\u00e9es&nbsp;: le franchiseur, le franchis\u00e9 et le r\u00e9seau. Il n\u2019y a pas d\u2019avenir pour les r\u00e9seaux de franchise si les relations entre ces trois parties ne tendent pas vers &#8230;<\/p>\n","protected":false},"author":2,"featured_media":0,"parent":861,"menu_order":0,"comment_status":"closed","ping_status":"closed","template":"template_leftnav.php","meta":{"ngg_post_thumbnail":0,"footnotes":""},"acf":[],"yoast_head":"<!-- This site is optimized with the Yoast SEO plugin v23.5 - https:\/\/yoast.com\/wordpress\/plugins\/seo\/ -->\n<title>Les valeurs de la F\u00e9d\u00e9ration Belge de la Franchise<\/title>\n<meta name=\"description\" content=\"La F\u00e9d\u00e9ration Belge de la Franchise d\u00e9fend le d\u00e9veloppement sain, harmonieux et \u00e9quilibr\u00e9 de la franchise comme moyen de d\u00e9veloppement des entreprises.\" \/>\n<meta name=\"robots\" content=\"index, follow, max-snippet:-1, max-image-preview:large, max-video-preview:-1\" \/>\n<link rel=\"canonical\" href=\"https:\/\/www.fbf-bff.be\/fr\/federation\/nos-valeurs\/\" \/>\n<meta property=\"og:locale\" content=\"fr_FR\" \/>\n<meta property=\"og:type\" content=\"article\" \/>\n<meta property=\"og:title\" content=\"Les valeurs de la F\u00e9d\u00e9ration Belge de la Franchise\" \/>\n<meta property=\"og:description\" content=\"La F\u00e9d\u00e9ration Belge de la Franchise d\u00e9fend le d\u00e9veloppement sain, harmonieux et \u00e9quilibr\u00e9 de la franchise comme moyen de d\u00e9veloppement des entreprises.\" \/>\n<meta property=\"og:url\" content=\"https:\/\/www.fbf-bff.be\/fr\/federation\/nos-valeurs\/\" \/>\n<meta property=\"og:site_name\" content=\"F\u00e9d\u00e9ration Belge de la Franchise\" \/>\n<meta property=\"article:modified_time\" content=\"2020-09-11T11:18:51+00:00\" \/>\n<meta property=\"og:image\" content=\"https:\/\/www.fbf-bff.be\/wp-content\/uploads\/2017\/06\/fbf-bff-fb-cover.jpg\" \/>\n\t<meta property=\"og:image:width\" content=\"1200\" \/>\n\t<meta property=\"og:image:height\" content=\"630\" \/>\n\t<meta property=\"og:image:type\" content=\"image\/jpeg\" \/>\n<meta name=\"twitter:card\" content=\"summary_large_image\" \/>\n<meta name=\"twitter:label1\" content=\"Dur\u00e9e de lecture estim\u00e9e\" \/>\n\t<meta name=\"twitter:data1\" content=\"1 minute\" \/>\n<script type=\"application\/ld+json\" class=\"yoast-schema-graph\">{\"@context\":\"https:\/\/schema.org\",\"@graph\":[{\"@type\":\"WebPage\",\"@id\":\"https:\/\/www.fbf-bff.be\/fr\/federation\/nos-valeurs\/\",\"url\":\"https:\/\/www.fbf-bff.be\/fr\/federation\/nos-valeurs\/\",\"name\":\"Les valeurs de la F\u00e9d\u00e9ration Belge de la Franchise\",\"isPartOf\":{\"@id\":\"https:\/\/www.fbf-bff.be\/#website\"},\"datePublished\":\"2017-01-19T13:13:05+00:00\",\"dateModified\":\"2020-09-11T11:18:51+00:00\",\"description\":\"La F\u00e9d\u00e9ration Belge de la Franchise d\u00e9fend le d\u00e9veloppement sain, harmonieux et \u00e9quilibr\u00e9 de la franchise comme moyen de d\u00e9veloppement des entreprises.\",\"breadcrumb\":{\"@id\":\"https:\/\/www.fbf-bff.be\/fr\/federation\/nos-valeurs\/#breadcrumb\"},\"inLanguage\":\"fr-FR\",\"potentialAction\":[{\"@type\":\"ReadAction\",\"target\":[\"https:\/\/www.fbf-bff.be\/fr\/federation\/nos-valeurs\/\"]}]},{\"@type\":\"BreadcrumbList\",\"@id\":\"https:\/\/www.fbf-bff.be\/fr\/federation\/nos-valeurs\/#breadcrumb\",\"itemListElement\":[{\"@type\":\"ListItem\",\"position\":1,\"name\":\"Home\",\"item\":\"https:\/\/www.fbf-bff.be\/fr\/\"},{\"@type\":\"ListItem\",\"position\":2,\"name\":\"F\u00e9d\u00e9ration\",\"item\":\"https:\/\/www.fbf-bff.be\/fr\/federation\/\"},{\"@type\":\"ListItem\",\"position\":3,\"name\":\"Nos valeurs\"}]},{\"@type\":\"WebSite\",\"@id\":\"https:\/\/www.fbf-bff.be\/#website\",\"url\":\"https:\/\/www.fbf-bff.be\/\",\"name\":\"F\u00e9d\u00e9ration Belge de la Franchise\",\"description\":\"Pour r\u00e9ussir ensemblee\",\"potentialAction\":[{\"@type\":\"SearchAction\",\"target\":{\"@type\":\"EntryPoint\",\"urlTemplate\":\"https:\/\/www.fbf-bff.be\/?s={search_term_string}\"},\"query-input\":{\"@type\":\"PropertyValueSpecification\",\"valueRequired\":true,\"valueName\":\"search_term_string\"}}],\"inLanguage\":\"fr-FR\"}]}<\/script>\n<!-- \/ Yoast SEO plugin. -->","yoast_head_json":{"title":"Les valeurs de la F\u00e9d\u00e9ration Belge de la Franchise","description":"La F\u00e9d\u00e9ration Belge de la Franchise d\u00e9fend le d\u00e9veloppement sain, harmonieux et \u00e9quilibr\u00e9 de la franchise comme moyen de d\u00e9veloppement des entreprises.","robots":{"index":"index","follow":"follow","max-snippet":"max-snippet:-1","max-image-preview":"max-image-preview:large","max-video-preview":"max-video-preview:-1"},"canonical":"https:\/\/www.fbf-bff.be\/fr\/federation\/nos-valeurs\/","og_locale":"fr_FR","og_type":"article","og_title":"Les valeurs de la F\u00e9d\u00e9ration Belge de la Franchise","og_description":"La F\u00e9d\u00e9ration Belge de la Franchise d\u00e9fend le d\u00e9veloppement sain, harmonieux et \u00e9quilibr\u00e9 de la franchise comme moyen de d\u00e9veloppement des entreprises.","og_url":"https:\/\/www.fbf-bff.be\/fr\/federation\/nos-valeurs\/","og_site_name":"F\u00e9d\u00e9ration Belge de la Franchise","article_modified_time":"2020-09-11T11:18:51+00:00","og_image":[{"width":1200,"height":630,"url":"https:\/\/www.fbf-bff.be\/wp-content\/uploads\/2017\/06\/fbf-bff-fb-cover.jpg","type":"image\/jpeg"}],"twitter_card":"summary_large_image","twitter_misc":{"Dur\u00e9e de lecture estim\u00e9e":"1 minute"},"schema":{"@context":"https:\/\/schema.org","@graph":[{"@type":"WebPage","@id":"https:\/\/www.fbf-bff.be\/fr\/federation\/nos-valeurs\/","url":"https:\/\/www.fbf-bff.be\/fr\/federation\/nos-valeurs\/","name":"Les valeurs de la F\u00e9d\u00e9ration Belge de la Franchise","isPartOf":{"@id":"https:\/\/www.fbf-bff.be\/#website"},"datePublished":"2017-01-19T13:13:05+00:00","dateModified":"2020-09-11T11:18:51+00:00","description":"La F\u00e9d\u00e9ration Belge de la Franchise d\u00e9fend le d\u00e9veloppement sain, harmonieux et \u00e9quilibr\u00e9 de la franchise comme moyen de d\u00e9veloppement des entreprises.","breadcrumb":{"@id":"https:\/\/www.fbf-bff.be\/fr\/federation\/nos-valeurs\/#breadcrumb"},"inLanguage":"fr-FR","potentialAction":[{"@type":"ReadAction","target":["https:\/\/www.fbf-bff.be\/fr\/federation\/nos-valeurs\/"]}]},{"@type":"BreadcrumbList","@id":"https:\/\/www.fbf-bff.be\/fr\/federation\/nos-valeurs\/#breadcrumb","itemListElement":[{"@type":"ListItem","position":1,"name":"Home","item":"https:\/\/www.fbf-bff.be\/fr\/"},{"@type":"ListItem","position":2,"name":"F\u00e9d\u00e9ration","item":"https:\/\/www.fbf-bff.be\/fr\/federation\/"},{"@type":"ListItem","position":3,"name":"Nos valeurs"}]},{"@type":"WebSite","@id":"https:\/\/www.fbf-bff.be\/#website","url":"https:\/\/www.fbf-bff.be\/","name":"F\u00e9d\u00e9ration Belge de la Franchise","description":"Pour r\u00e9ussir ensemblee","potentialAction":[{"@type":"SearchAction","target":{"@type":"EntryPoint","urlTemplate":"https:\/\/www.fbf-bff.be\/?s={search_term_string}"},"query-input":{"@type":"PropertyValueSpecification","valueRequired":true,"valueName":"search_term_string"}}],"inLanguage":"fr-FR"}]}},"_links":{"self":[{"href":"https:\/\/www.fbf-bff.be\/fr\/wp-json\/wp\/v2\/pages\/546"}],"collection":[{"href":"https:\/\/www.fbf-bff.be\/fr\/wp-json\/wp\/v2\/pages"}],"about":[{"href":"https:\/\/www.fbf-bff.be\/fr\/wp-json\/wp\/v2\/types\/page"}],"author":[{"embeddable":true,"href":"https:\/\/www.fbf-bff.be\/fr\/wp-json\/wp\/v2\/users\/2"}],"replies":[{"embeddable":true,"href":"https:\/\/www.fbf-bff.be\/fr\/wp-json\/wp\/v2\/comments?post=546"}],"version-history":[{"count":5,"href":"https:\/\/www.fbf-bff.be\/fr\/wp-json\/wp\/v2\/pages\/546\/revisions"}],"predecessor-version":[{"id":2300,"href":"https:\/\/www.fbf-bff.be\/fr\/wp-json\/wp\/v2\/pages\/546\/revisions\/2300"}],"up":[{"embeddable":true,"href":"https:\/\/www.fbf-bff.be\/fr\/wp-json\/wp\/v2\/pages\/861"}],"wp:attachment":[{"href":"https:\/\/www.fbf-bff.be\/fr\/wp-json\/wp\/v2\/media?parent=546"}],"curies":[{"name":"wp","href":"https:\/\/api.w.org\/{rel}","templated":true}]}}