{"id":542,"date":"2017-01-19T13:09:00","date_gmt":"2017-01-19T13:09:00","guid":{"rendered":"https:\/\/www.fbf-bff.be\/?page_id=542\/"},"modified":"2020-09-11T11:01:43","modified_gmt":"2020-09-11T11:01:43","slug":"role-et-objectifs-de-la-fbf","status":"publish","type":"page","link":"https:\/\/www.fbf-bff.be\/fr\/federation\/role-et-objectifs-de-la-fbf\/","title":{"rendered":"R\u00f4le et objectifs de la FBF"},"content":{"rendered":"[vc_row][vc_column][vc_column_text]\r\n<h2><span style=\"color: #99cc00;\">Une organisation au&nbsp;service des entreprises<\/span><\/h2>\r\nCr\u00e9\u00e9e en mars 1992, la FBF trouve son origine dans l\u2019initiative d\u2019un groupe de personnalit\u00e9s dynamiques, actives dans le monde de la franchise. Dot\u00e9e aujourd\u2019hui d\u2019une structure constitu\u00e9e d\u2019un secr\u00e9tariat permanent et de plusieurs commissions de travail, la FBF est bien arm\u00e9e pour remplir sa mission : regrouper ses membres en les associant le plus \u00e9troitement possible \u00e0 la construction d\u2019une franchise toujours plus dynamique et plus \u00e9quilibr\u00e9e ainsi qu\u2019au renforcement du label de franchise authentique, garanties de qualit\u00e9 et de d\u00e9ontologie, donc de cr\u00e9dibilit\u00e9 aupr\u00e8s des pouvoirs publics, des franchiseurs, des franchis\u00e9s et des candidats franchis\u00e9s.&nbsp;\r\n<h3><span style=\"color: #000080;\">Les objectifs et les services<\/span><\/h3>\r\n<ol>\r\n \t<li>Contribuer au d\u00e9veloppement sain, harmonieux et \u00e9quilibr\u00e9 de la franchise comme moyen de d\u00e9veloppement des entreprises dans le respect des int\u00e9r\u00eats des franchiseurs et des franchis\u00e9s et ainsi que des usages consacr\u00e9s par le&nbsp;<a href=\"https:\/\/www.fbf-bff.be\/fr\/federation\/code-de-deontologie\/\" target=\"_blank\" rel=\"noopener noreferrer\">Code de D\u00e9ontologie Europ\u00e9en.<\/a><\/li>\r\n \t<li>Repr\u00e9senter et d\u00e9fendre les int\u00e9r\u00eats mat\u00e9riels et moraux des franchiseurs belges et de leurs r\u00e9seaux, aussi bien en Belgique qu\u2019\u00e0 l\u2019\u00e9tranger.<\/li>\r\n \t<li>Promouvoir la franchise aupr\u00e8s des pouvoirs publics, des diff\u00e9rents secteurs \u00e9conomiques et de l\u2019opinion publique.<\/li>\r\n \t<li>Assister ses membres, les franchiseurs, sur toute question relative au bon d\u00e9veloppement de leurs r\u00e9seaux de franchise.<\/li>\r\n \t<li>R\u00e9aliser des \u00e9tudes d\u2019ordre juridique, \u00e9conomique, fiscal, administratif ou autre, relative \u00e0 la franchise.<\/li>\r\n \t<li>Prendre des contacts utiles au plan national, europ\u00e9en ou international afin de r\u00e9aliser son objectif social et d\u2019accro\u00eetre la repr\u00e9sentativit\u00e9 des franchiseurs dans les diff\u00e9rents organismes officiels.<\/li>\r\n \t<li>Repr\u00e9senter la Belgique aupr\u00e8s de la F\u00e9d\u00e9ration Europ\u00e9enne de la Franchise (<a href=\"http:\/\/www.eff-franchise.com\/\" target=\"_blank\" rel=\"noopener noreferrer\">EFF<\/a>) dont elle est membre fondateur.<\/li>\r\n \t<li>Organiser des activit\u00e9s afin atteindre ces objectifs.<\/li>\r\n<\/ol>\r\n<h3><span style=\"color: #000080;\">Le fonctionnement de la FBF<\/span><\/h3>\r\nLe fonctionnement de la F\u00e9d\u00e9ration Belge de la Franchise se caract\u00e9rise par la tr\u00e8s haute exigence de participation demand\u00e9e \u00e0 ses membres. Au c\u0153ur des actions de la FBF, les commissions de travail assurent la s\u00e9lection, l\u2019organisation et la r\u00e9alisation de tous les projets entrepris. Celles-ci sont compos\u00e9es de membres franchiseurs et franchis\u00e9s ainsi que de membres associ\u00e9s selon leurs sp\u00e9cificit\u00e9s. Les membres de la FBF cr\u00e9ent ainsi une dynamique participative o\u00f9 chacun endosse une responsabilit\u00e9 dans un domaine de sa comp\u00e9tence afin de remplir les objectifs de la f\u00e9d\u00e9ration. Un secr\u00e9tariat assure les missions de gestion quotidienne, d\u2019organisation et de services aux membres et non membres.\r\n\r\n<strong>La F\u00e9d\u00e9ration est \u00e9galement repr\u00e9sent\u00e9e au sein de la Commission d&rsquo;arbitrage.<\/strong>[\/vc_column_text][\/vc_column][\/vc_row]","protected":false},"excerpt":{"rendered":"<p>[vc_row][vc_column][vc_column_text]<br \/>\nUne organisation au&nbsp;service des entreprises<br \/>\nCr\u00e9\u00e9e en mars 1992, la FBF trouve son origine dans l\u2019initiative d\u2019un groupe de personnalit\u00e9s dynamiques, actives dans le monde de la franchise. Dot\u00e9e aujourd\u2019hui d\u2019une structure constitu\u00e9e d\u2019un secr\u00e9tariat permanent et de plusieurs commissions de travail, la FBF est bien arm\u00e9e pour remplir &#8230;<\/p>\n","protected":false},"author":2,"featured_media":0,"parent":861,"menu_order":0,"comment_status":"closed","ping_status":"closed","template":"template_leftnav.php","meta":{"ngg_post_thumbnail":0,"footnotes":""},"acf":[],"yoast_head":"<!-- This site is optimized with the Yoast SEO plugin v23.5 - https:\/\/yoast.com\/wordpress\/plugins\/seo\/ -->\n<title>R\u00f4le et objectifs de la FBF - F\u00e9d\u00e9ration Belge de la Franchise<\/title>\n<meta name=\"description\" content=\"La FBF a pour mission d&#039;associer ses membres \u00e0 la construction d\u2019une franchise toujours plus dynamique et plus \u00e9quilibr\u00e9e.\" \/>\n<meta name=\"robots\" content=\"index, follow, max-snippet:-1, max-image-preview:large, max-video-preview:-1\" \/>\n<link rel=\"canonical\" href=\"https:\/\/www.fbf-bff.be\/fr\/federation\/role-et-objectifs-de-la-fbf\/\" \/>\n<meta property=\"og:locale\" content=\"fr_FR\" \/>\n<meta property=\"og:type\" content=\"article\" \/>\n<meta property=\"og:title\" content=\"R\u00f4le et objectifs de la FBF - F\u00e9d\u00e9ration Belge de la Franchise\" \/>\n<meta property=\"og:description\" content=\"La FBF a pour mission d&#039;associer ses membres \u00e0 la construction d\u2019une franchise toujours plus dynamique et plus \u00e9quilibr\u00e9e.\" \/>\n<meta property=\"og:url\" content=\"https:\/\/www.fbf-bff.be\/fr\/federation\/role-et-objectifs-de-la-fbf\/\" \/>\n<meta property=\"og:site_name\" content=\"F\u00e9d\u00e9ration Belge de la Franchise\" \/>\n<meta property=\"article:modified_time\" content=\"2020-09-11T11:01:43+00:00\" \/>\n<meta property=\"og:image\" content=\"https:\/\/www.fbf-bff.be\/wp-content\/uploads\/2017\/06\/fbf-bff-fb-cover.jpg\" \/>\n\t<meta property=\"og:image:width\" content=\"1200\" \/>\n\t<meta property=\"og:image:height\" content=\"630\" \/>\n\t<meta property=\"og:image:type\" content=\"image\/jpeg\" \/>\n<meta name=\"twitter:card\" content=\"summary_large_image\" \/>\n<meta name=\"twitter:label1\" content=\"Dur\u00e9e de lecture estim\u00e9e\" \/>\n\t<meta name=\"twitter:data1\" content=\"2 minutes\" \/>\n<script type=\"application\/ld+json\" class=\"yoast-schema-graph\">{\"@context\":\"https:\/\/schema.org\",\"@graph\":[{\"@type\":\"WebPage\",\"@id\":\"https:\/\/www.fbf-bff.be\/fr\/federation\/role-et-objectifs-de-la-fbf\/\",\"url\":\"https:\/\/www.fbf-bff.be\/fr\/federation\/role-et-objectifs-de-la-fbf\/\",\"name\":\"R\u00f4le et objectifs de la FBF - F\u00e9d\u00e9ration Belge de la Franchise\",\"isPartOf\":{\"@id\":\"https:\/\/www.fbf-bff.be\/#website\"},\"datePublished\":\"2017-01-19T13:09:00+00:00\",\"dateModified\":\"2020-09-11T11:01:43+00:00\",\"description\":\"La FBF a pour mission d'associer ses membres \u00e0 la construction d\u2019une franchise toujours plus dynamique et plus \u00e9quilibr\u00e9e.\",\"breadcrumb\":{\"@id\":\"https:\/\/www.fbf-bff.be\/fr\/federation\/role-et-objectifs-de-la-fbf\/#breadcrumb\"},\"inLanguage\":\"fr-FR\",\"potentialAction\":[{\"@type\":\"ReadAction\",\"target\":[\"https:\/\/www.fbf-bff.be\/fr\/federation\/role-et-objectifs-de-la-fbf\/\"]}]},{\"@type\":\"BreadcrumbList\",\"@id\":\"https:\/\/www.fbf-bff.be\/fr\/federation\/role-et-objectifs-de-la-fbf\/#breadcrumb\",\"itemListElement\":[{\"@type\":\"ListItem\",\"position\":1,\"name\":\"Home\",\"item\":\"https:\/\/www.fbf-bff.be\/fr\/\"},{\"@type\":\"ListItem\",\"position\":2,\"name\":\"F\u00e9d\u00e9ration\",\"item\":\"https:\/\/www.fbf-bff.be\/fr\/federation\/\"},{\"@type\":\"ListItem\",\"position\":3,\"name\":\"R\u00f4le et objectifs de la FBF\"}]},{\"@type\":\"WebSite\",\"@id\":\"https:\/\/www.fbf-bff.be\/#website\",\"url\":\"https:\/\/www.fbf-bff.be\/\",\"name\":\"F\u00e9d\u00e9ration Belge de la Franchise\",\"description\":\"Pour r\u00e9ussir ensemblee\",\"potentialAction\":[{\"@type\":\"SearchAction\",\"target\":{\"@type\":\"EntryPoint\",\"urlTemplate\":\"https:\/\/www.fbf-bff.be\/?s={search_term_string}\"},\"query-input\":{\"@type\":\"PropertyValueSpecification\",\"valueRequired\":true,\"valueName\":\"search_term_string\"}}],\"inLanguage\":\"fr-FR\"}]}<\/script>\n<!-- \/ Yoast SEO plugin. -->","yoast_head_json":{"title":"R\u00f4le et objectifs de la FBF - F\u00e9d\u00e9ration Belge de la Franchise","description":"La FBF a pour mission d'associer ses membres \u00e0 la construction d\u2019une franchise toujours plus dynamique et plus \u00e9quilibr\u00e9e.","robots":{"index":"index","follow":"follow","max-snippet":"max-snippet:-1","max-image-preview":"max-image-preview:large","max-video-preview":"max-video-preview:-1"},"canonical":"https:\/\/www.fbf-bff.be\/fr\/federation\/role-et-objectifs-de-la-fbf\/","og_locale":"fr_FR","og_type":"article","og_title":"R\u00f4le et objectifs de la FBF - F\u00e9d\u00e9ration Belge de la Franchise","og_description":"La FBF a pour mission d'associer ses membres \u00e0 la construction d\u2019une franchise toujours plus dynamique et plus \u00e9quilibr\u00e9e.","og_url":"https:\/\/www.fbf-bff.be\/fr\/federation\/role-et-objectifs-de-la-fbf\/","og_site_name":"F\u00e9d\u00e9ration Belge de la Franchise","article_modified_time":"2020-09-11T11:01:43+00:00","og_image":[{"width":1200,"height":630,"url":"https:\/\/www.fbf-bff.be\/wp-content\/uploads\/2017\/06\/fbf-bff-fb-cover.jpg","type":"image\/jpeg"}],"twitter_card":"summary_large_image","twitter_misc":{"Dur\u00e9e de lecture estim\u00e9e":"2 minutes"},"schema":{"@context":"https:\/\/schema.org","@graph":[{"@type":"WebPage","@id":"https:\/\/www.fbf-bff.be\/fr\/federation\/role-et-objectifs-de-la-fbf\/","url":"https:\/\/www.fbf-bff.be\/fr\/federation\/role-et-objectifs-de-la-fbf\/","name":"R\u00f4le et objectifs de la FBF - F\u00e9d\u00e9ration Belge de la Franchise","isPartOf":{"@id":"https:\/\/www.fbf-bff.be\/#website"},"datePublished":"2017-01-19T13:09:00+00:00","dateModified":"2020-09-11T11:01:43+00:00","description":"La FBF a pour mission d'associer ses membres \u00e0 la construction d\u2019une franchise toujours plus dynamique et plus \u00e9quilibr\u00e9e.","breadcrumb":{"@id":"https:\/\/www.fbf-bff.be\/fr\/federation\/role-et-objectifs-de-la-fbf\/#breadcrumb"},"inLanguage":"fr-FR","potentialAction":[{"@type":"ReadAction","target":["https:\/\/www.fbf-bff.be\/fr\/federation\/role-et-objectifs-de-la-fbf\/"]}]},{"@type":"BreadcrumbList","@id":"https:\/\/www.fbf-bff.be\/fr\/federation\/role-et-objectifs-de-la-fbf\/#breadcrumb","itemListElement":[{"@type":"ListItem","position":1,"name":"Home","item":"https:\/\/www.fbf-bff.be\/fr\/"},{"@type":"ListItem","position":2,"name":"F\u00e9d\u00e9ration","item":"https:\/\/www.fbf-bff.be\/fr\/federation\/"},{"@type":"ListItem","position":3,"name":"R\u00f4le et objectifs de la FBF"}]},{"@type":"WebSite","@id":"https:\/\/www.fbf-bff.be\/#website","url":"https:\/\/www.fbf-bff.be\/","name":"F\u00e9d\u00e9ration Belge de la Franchise","description":"Pour r\u00e9ussir ensemblee","potentialAction":[{"@type":"SearchAction","target":{"@type":"EntryPoint","urlTemplate":"https:\/\/www.fbf-bff.be\/?s={search_term_string}"},"query-input":{"@type":"PropertyValueSpecification","valueRequired":true,"valueName":"search_term_string"}}],"inLanguage":"fr-FR"}]}},"_links":{"self":[{"href":"https:\/\/www.fbf-bff.be\/fr\/wp-json\/wp\/v2\/pages\/542"}],"collection":[{"href":"https:\/\/www.fbf-bff.be\/fr\/wp-json\/wp\/v2\/pages"}],"about":[{"href":"https:\/\/www.fbf-bff.be\/fr\/wp-json\/wp\/v2\/types\/page"}],"author":[{"embeddable":true,"href":"https:\/\/www.fbf-bff.be\/fr\/wp-json\/wp\/v2\/users\/2"}],"replies":[{"embeddable":true,"href":"https:\/\/www.fbf-bff.be\/fr\/wp-json\/wp\/v2\/comments?post=542"}],"version-history":[{"count":5,"href":"https:\/\/www.fbf-bff.be\/fr\/wp-json\/wp\/v2\/pages\/542\/revisions"}],"predecessor-version":[{"id":2298,"href":"https:\/\/www.fbf-bff.be\/fr\/wp-json\/wp\/v2\/pages\/542\/revisions\/2298"}],"up":[{"embeddable":true,"href":"https:\/\/www.fbf-bff.be\/fr\/wp-json\/wp\/v2\/pages\/861"}],"wp:attachment":[{"href":"https:\/\/www.fbf-bff.be\/fr\/wp-json\/wp\/v2\/media?parent=542"}],"curies":[{"name":"wp","href":"https:\/\/api.w.org\/{rel}","templated":true}]}}