{"id":526,"date":"2016-12-07T15:01:51","date_gmt":"2016-12-07T15:01:51","guid":{"rendered":"https:\/\/www.fbf-bff.be\/leden\/effectieve-leden\/"},"modified":"2025-03-23T14:31:20","modified_gmt":"2025-03-23T13:31:20","slug":"membres-effectifs","status":"publish","type":"page","link":"https:\/\/www.fbf-bff.be\/fr\/membres\/membres-effectifs\/","title":{"rendered":"Membres effectifs"},"content":{"rendered":"[vc_row][vc_column][vc_column_text]\r\n<h1><span class=\"Grand_titre_bleu\" style=\"color: #000080;\">Membres effectifs<\/span><\/h1>\r\n<div id=\"DivMembreEff\">\r\n<div class=\"contentTxtPage\">\r\n<h2 class=\"Grand_titre_bleu\"><span style=\"color: #99cc00;\">Vous \u00eates franchiseur?<\/span><\/h2>\r\nPour adh\u00e9rer \u00e0 la FBF, tout candidat devra :\r\n<ul>\r\n \t<li><strong>t\u00e9moigner d&rsquo;un int\u00e9r\u00eat certain pour la franchise<\/strong><\/li>\r\n \t<li><strong>s&rsquo;engager \u00e0 respecter sans r\u00e9serve<\/strong> :\r\n<ul>\r\n \t<li>les <a href=\"https:\/\/www.fbf-bff.be\/opportunites\/statuts.html\" target=\"_blank\" rel=\"noopener noreferrer\" class=\"broken_link\">statuts<\/a> de la F\u00e9d\u00e9ration<\/li>\r\n \t<li>l<a href=\"https:\/\/www.fbf-bff.be\/wp-content\/uploads\/2020\/08\/Charte-\u00e9thique-de-la-FBF.pdf\">a charte \u00e9thique et authentique<\/a> de la F\u00e9d\u00e9ration<\/li>\r\n \t<li>le <a href=\"https:\/\/www.fbf-bff.be\/opportunites\/code-de-deontologie-fbf\/\" target=\"_blank\" rel=\"noopener noreferrer\" class=\"broken_link\">Code de D\u00e9ontologie Europ\u00e9en<\/a><\/li>\r\n<\/ul>\r\n<\/li>\r\n \t<li><strong>faire usage d&rsquo;un Document d&rsquo;Informations Pr\u00e9contractuelles<\/strong> (DIP) au contenu conforme \u00e0 <a href=\"http:\/\/www.ejustice.just.fgov.be\/cgi_loi\/change_lg.pl?language=fr&amp;la=F&amp;table_name=loi&amp;cn=2014040221\" target=\"_blank\" rel=\"noopener noreferrer\">la loi du 02\/04\/2014<\/a>.<\/li>\r\n<\/ul>\r\nLe candidat pr\u00e9sentera une requ\u00eate \u00e9crite et motiv\u00e9e au conseil d&rsquo;administration dans laquelle il se portera garant du respect de ces conditions.\r\n\r\nTout candidat membre \u00a0\u00bb effectif \u00ab\u00a0, avant de pouvoir \u00eatre agr\u00e9\u00e9 comme membre \u00ab\u00a0junior\u00a0\u00bb ou, le cas \u00e9ch\u00e9ant, comme membre \u00ab\u00a0effectif\u00a0\u00bb , devra r\u00e9pondre aux <a href=\"https:\/\/www.fbf-bff.be\/fr\/franchiseur\/devenir-membre-de-la-fbf\/\" target=\"_blank\" rel=\"noopener noreferrer\">crit\u00e8res d&rsquo;admission<\/a>.\r\n\r\nLes membres effectifs de la F\u00e9d\u00e9ration Belge de la Franchise peuvent apposer le logo de la F\u00e9d\u00e9ration sur tous leurs documents officiels.\r\n<h2 class=\"Grand_titre_vert\"><span style=\"color: #99cc00;\">Vous \u00eates candidat Franchiseur?<\/span><\/h2>\r\nTout candidat franchiseur peut, sous certaines conditions, b\u00e9n\u00e9ficier d&rsquo;un coaching particulier de la F\u00e9d\u00e9ration afin :\r\n<ul id=\"space\">\r\n \t<li>d&rsquo;\u00e9tudier la faisabilit\u00e9 de son projet de franchise<\/li>\r\n \t<li>de faciliter le lancement du r\u00e9seau<\/li>\r\n<\/ul>\r\nToute entreprise qui souhaite d\u00e9velopper son activit\u00e9 en franchise peut obtenir le statut particulier de <a href=\"https:\/\/www.fbf-bff.be\/fr\/membres\/membres-starters\/\">\u00ab\u00a0starter\u00a0\u00bb<\/a> afin d&rsquo;obtenir un accompagnement sp\u00e9cifique de la F\u00e9d\u00e9ration.\r\n\r\nConsultez ici <a href=\"https:\/\/www.fbf-bff.be\/wp-content\/uploads\/2023\/12\/Tarifs-2024.pdf\" target=\"_blank\" rel=\"noopener\">nos tarifs de cotisation 2025<\/a> et les <a href=\"https:\/\/www.fbf-bff.be\/fr\/federation\/statuts\/\" target=\"_blank\" rel=\"noopener noreferrer\">statuts de la FBF<\/a>\r\n\r\nLes membres effectifs de la F\u00e9d\u00e9ration Belge de la Franchise :\r\n\r\n<\/div>\r\n<\/div>\r\n[\/vc_column_text]\r\n    <div class=\"formulas_grid_sc\">\r\n        <div class=\"formulas_grid_sc_inner equal-height\">\r\n                                                <div class=\"item has-border\" >\r\n                        <a href=\"https:\/\/www.fbf-bff.be\/fr\/formulas\/albert-heijn\/\">\r\n                            <img decoding=\"async\" src=\"https:\/\/www.fbf-bff.be\/wp-content\/uploads\/2016\/12\/AlbertHeijn-1.jpg\" alt=\"Albert Heijn\">\r\n                        <\/a>\r\n                    <\/div>\r\n                                    <div class=\"item has-border\" >\r\n                        <a href=\"https:\/\/www.fbf-bff.be\/fr\/formulas\/atelier-co-pains\/\">\r\n                            <img decoding=\"async\" src=\"https:\/\/www.fbf-bff.be\/wp-content\/uploads\/2024\/02\/Copy-of-Logo-Adaptation-format-site-FBF-Atelier-co-pains.png\" alt=\"Atelier Co-Pains\">\r\n                        <\/a>\r\n                    <\/div>\r\n                                    <div class=\"item has-border\" >\r\n                        <a href=\"https:\/\/www.fbf-bff.be\/fr\/formulas\/auctim\/\">\r\n                            <img decoding=\"async\" src=\"https:\/\/www.fbf-bff.be\/wp-content\/uploads\/2022\/10\/D.V.R.-Management2.png\" alt=\"Auctim\">\r\n                        <\/a>\r\n                    <\/div>\r\n                                    <div class=\"item has-border\" >\r\n                        <a href=\"https:\/\/www.fbf-bff.be\/fr\/formulas\/auto-5\/\">\r\n                            <img decoding=\"async\" src=\"https:\/\/www.fbf-bff.be\/wp-content\/uploads\/2016\/12\/Auto5.jpg\" alt=\"Auto 5\">\r\n                        <\/a>\r\n                    <\/div>\r\n                                    <div class=\"item has-border\" >\r\n                        <a href=\"https:\/\/www.fbf-bff.be\/fr\/formulas\/belchicken-2\/\">\r\n                            <img decoding=\"async\" src=\"https:\/\/www.fbf-bff.be\/wp-content\/uploads\/2021\/09\/0001.jpg\" alt=\"BELCHICKEN\">\r\n                        <\/a>\r\n                    <\/div>\r\n                                    <div class=\"item has-border\" >\r\n                        <a href=\"https:\/\/www.fbf-bff.be\/fr\/formulas\/brico\/\">\r\n                            <img decoding=\"async\" src=\"https:\/\/www.fbf-bff.be\/wp-content\/uploads\/2017\/02\/D.V.R.-Management3.png\" alt=\"Brico\">\r\n                        <\/a>\r\n                    <\/div>\r\n                                    <div class=\"item has-border\" >\r\n                        <a href=\"https:\/\/www.fbf-bff.be\/fr\/formulas\/brico-city\/\">\r\n                            <img decoding=\"async\" src=\"https:\/\/www.fbf-bff.be\/wp-content\/uploads\/2017\/02\/BricoCity-RGB-YG-1.jpg\" alt=\"Brico City\">\r\n                        <\/a>\r\n                    <\/div>\r\n                                    <div class=\"item has-border\" >\r\n                        <a href=\"https:\/\/www.fbf-bff.be\/fr\/formulas\/burger-king\/\">\r\n                            <img decoding=\"async\" src=\"https:\/\/www.fbf-bff.be\/wp-content\/uploads\/2019\/07\/30CM-300PPP-LOGO.png\" alt=\"Burger King\">\r\n                        <\/a>\r\n                    <\/div>\r\n                                    <div class=\"item has-border\" >\r\n                        <a href=\"https:\/\/www.fbf-bff.be\/fr\/formulas\/carrefour-express\/\">\r\n                            <img decoding=\"async\" src=\"https:\/\/www.fbf-bff.be\/wp-content\/uploads\/2017\/05\/CarrefourExpress.jpg\" alt=\"Carrefour Express\">\r\n                        <\/a>\r\n                    <\/div>\r\n                                    <div class=\"item has-border\" >\r\n                        <a href=\"https:\/\/www.fbf-bff.be\/fr\/formulas\/carrefour-market\/\">\r\n                            <img decoding=\"async\" src=\"https:\/\/www.fbf-bff.be\/wp-content\/uploads\/2017\/05\/CarrefourMarket-1.jpg\" alt=\"Carrefour Market\">\r\n                        <\/a>\r\n                    <\/div>\r\n                                    <div class=\"item has-border\" >\r\n                        <a href=\"https:\/\/www.fbf-bff.be\/fr\/formulas\/damart\/\">\r\n                            <img decoding=\"async\" src=\"https:\/\/www.fbf-bff.be\/wp-content\/uploads\/2016\/12\/Damart.jpg\" alt=\"Damart\">\r\n                        <\/a>\r\n                    <\/div>\r\n                                    <div class=\"item has-border\" >\r\n                        <a href=\"https:\/\/www.fbf-bff.be\/fr\/formulas\/daniel-moquet-signe-vos-allees\/\">\r\n                            <img decoding=\"async\" src=\"https:\/\/www.fbf-bff.be\/wp-content\/uploads\/2017\/05\/DanielMoquet.jpg\" alt=\"Daniel Moquet Signe Vos All\u00e9es\">\r\n                        <\/a>\r\n                    <\/div>\r\n                                    <div class=\"item has-border\" >\r\n                        <a href=\"https:\/\/www.fbf-bff.be\/fr\/formulas\/delitraiteur\/\">\r\n                            <img decoding=\"async\" src=\"https:\/\/www.fbf-bff.be\/wp-content\/uploads\/2017\/02\/image002-1.png\" alt=\"Delitraiteur\">\r\n                        <\/a>\r\n                    <\/div>\r\n                                    <div class=\"item has-border\" >\r\n                        <a href=\"https:\/\/www.fbf-bff.be\/fr\/formulas\/dominos-pizza\/\">\r\n                            <img decoding=\"async\" src=\"https:\/\/www.fbf-bff.be\/wp-content\/uploads\/2016\/12\/Dominos.jpg\" alt=\"Domino&rsquo;s Pizza\">\r\n                        <\/a>\r\n                    <\/div>\r\n                                    <div class=\"item has-border\" >\r\n                        <a href=\"https:\/\/www.fbf-bff.be\/fr\/formulas\/elephant-bleu\/\">\r\n                            <img decoding=\"async\" src=\"https:\/\/www.fbf-bff.be\/wp-content\/uploads\/2016\/12\/ElephantBleu.jpg\" alt=\"Elephant Bleu\">\r\n                        <\/a>\r\n                    <\/div>\r\n                                    <div class=\"item has-border\" >\r\n                        <a href=\"https:\/\/www.fbf-bff.be\/fr\/formulas\/hubo\/\">\r\n                            <img decoding=\"async\" src=\"https:\/\/www.fbf-bff.be\/wp-content\/uploads\/2016\/12\/Hubo.jpg\" alt=\"Hubo\">\r\n                        <\/a>\r\n                    <\/div>\r\n                                    <div class=\"item has-border\" >\r\n                        <a href=\"https:\/\/www.fbf-bff.be\/fr\/formulas\/intermachre\/\">\r\n                            <img decoding=\"async\" src=\"https:\/\/www.fbf-bff.be\/wp-content\/uploads\/2016\/12\/Intermarch\u00e9.jpg\" alt=\"Intermachr\u00e9\">\r\n                        <\/a>\r\n                    <\/div>\r\n                                    <div class=\"item has-border\" >\r\n                        <a href=\"https:\/\/www.fbf-bff.be\/fr\/formulas\/ixina\/\">\r\n                            <img decoding=\"async\" src=\"https:\/\/www.fbf-bff.be\/wp-content\/uploads\/2017\/02\/D.V.R.-Management5.png\" alt=\"Ixina\">\r\n                        <\/a>\r\n                    <\/div>\r\n                                    <div class=\"item has-border\" >\r\n                        <a href=\"https:\/\/www.fbf-bff.be\/fr\/formulas\/jumbo\/\">\r\n                            <img decoding=\"async\" src=\"https:\/\/www.fbf-bff.be\/wp-content\/uploads\/2022\/12\/Logo-Jumbo.jpg\" alt=\"JUMBO\">\r\n                        <\/a>\r\n                    <\/div>\r\n                                    <div class=\"item has-border\" >\r\n                        <a href=\"https:\/\/www.fbf-bff.be\/fr\/formulas\/kids-us\/\">\r\n                            <img decoding=\"async\" src=\"https:\/\/www.fbf-bff.be\/wp-content\/uploads\/2017\/05\/KidsAndUs.jpg\" alt=\"Kids &#038; Us\">\r\n                        <\/a>\r\n                    <\/div>\r\n                                    <div class=\"item has-border\" >\r\n                        <a href=\"https:\/\/www.fbf-bff.be\/fr\/formulas\/le-pain-quotidien\/\">\r\n                            <img decoding=\"async\" src=\"https:\/\/www.fbf-bff.be\/wp-content\/uploads\/2023\/09\/Copy-of-Copy-of-Logo-Adaptation-format-site-FBF.png\" alt=\"Le Pain Quotidien\">\r\n                        <\/a>\r\n                    <\/div>\r\n                                    <div class=\"item has-border\" >\r\n                        <a href=\"https:\/\/www.fbf-bff.be\/fr\/formulas\/leonidas\/\">\r\n                            <img decoding=\"async\" src=\"https:\/\/www.fbf-bff.be\/wp-content\/uploads\/2017\/02\/Leonidas_CMYK.jpg\" alt=\"Leonidas\">\r\n                        <\/a>\r\n                    <\/div>\r\n                                    <div class=\"item has-border\" >\r\n                        <a href=\"https:\/\/www.fbf-bff.be\/fr\/formulas\/lunchgarden\/\">\r\n                            <img decoding=\"async\" src=\"https:\/\/www.fbf-bff.be\/wp-content\/uploads\/2016\/12\/LunchGarden.jpg\" alt=\"Lunchgarden\">\r\n                        <\/a>\r\n                    <\/div>\r\n                                    <div class=\"item has-border\" >\r\n                        <a href=\"https:\/\/www.fbf-bff.be\/fr\/formulas\/mcdonalds\/\">\r\n                            <img decoding=\"async\" src=\"https:\/\/www.fbf-bff.be\/wp-content\/uploads\/2017\/05\/McDonalds.jpg\" alt=\"McDonald&rsquo;s\">\r\n                        <\/a>\r\n                    <\/div>\r\n                                    <div class=\"item has-border\" >\r\n                        <a href=\"https:\/\/www.fbf-bff.be\/fr\/formulas\/midas\/\">\r\n                            <img decoding=\"async\" src=\"https:\/\/www.fbf-bff.be\/wp-content\/uploads\/2017\/02\/Sans-titre.png\" alt=\"Midas\">\r\n                        <\/a>\r\n                    <\/div>\r\n                                    <div class=\"item has-border\" >\r\n                        <a href=\"https:\/\/www.fbf-bff.be\/fr\/formulas\/mobalpa\/\">\r\n                            <img decoding=\"async\" src=\"https:\/\/www.fbf-bff.be\/wp-content\/uploads\/2017\/02\/Logo-Adaptation-format-site-FBF1.png\" alt=\"Mobalpa\">\r\n                        <\/a>\r\n                    <\/div>\r\n                                    <div class=\"item has-border\" >\r\n                        <a href=\"https:\/\/www.fbf-bff.be\/fr\/formulas\/mr-bricolage\/\">\r\n                            <img decoding=\"async\" src=\"https:\/\/www.fbf-bff.be\/wp-content\/uploads\/2016\/12\/MrBricolage.jpg\" alt=\"Mr. Bricolage\">\r\n                        <\/a>\r\n                    <\/div>\r\n                                    <div class=\"item has-border\" >\r\n                        <a href=\"https:\/\/www.fbf-bff.be\/fr\/formulas\/orchestra\/\">\r\n                            <img decoding=\"async\" src=\"https:\/\/www.fbf-bff.be\/wp-content\/uploads\/2024\/03\/logo-orchestra.png\" alt=\"Orchestra\">\r\n                        <\/a>\r\n                    <\/div>\r\n                                    <div class=\"item has-border\" >\r\n                        <a href=\"https:\/\/www.fbf-bff.be\/fr\/formulas\/pizza-hut\/\">\r\n                            <img decoding=\"async\" src=\"https:\/\/www.fbf-bff.be\/wp-content\/uploads\/2016\/12\/PizzaHut.jpg\" alt=\"Pizza Hut\">\r\n                        <\/a>\r\n                    <\/div>\r\n                                    <div class=\"item has-border\" >\r\n                        <a href=\"https:\/\/www.fbf-bff.be\/fr\/formulas\/poils-et-plumes\/\">\r\n                            <img decoding=\"async\" src=\"https:\/\/www.fbf-bff.be\/wp-content\/uploads\/2016\/12\/PoilsetPlumes.jpg\" alt=\"Poils et Plumes\">\r\n                        <\/a>\r\n                    <\/div>\r\n                                    <div class=\"item has-border\" >\r\n                        <a href=\"https:\/\/www.fbf-bff.be\/fr\/formulas\/point-chaud\/\">\r\n                            <img decoding=\"async\" src=\"https:\/\/www.fbf-bff.be\/wp-content\/uploads\/2016\/12\/PointChaud.jpg\" alt=\"Point Chaud\">\r\n                        <\/a>\r\n                    <\/div>\r\n                                    <div class=\"item has-border\" >\r\n                        <a href=\"https:\/\/www.fbf-bff.be\/fr\/formulas\/poivreetsel\/\">\r\n                            <img decoding=\"async\" src=\"https:\/\/www.fbf-bff.be\/wp-content\/uploads\/2025\/04\/logo.jpg\" alt=\"Poivre et sel\">\r\n                        <\/a>\r\n                    <\/div>\r\n                                    <div class=\"item has-border\" >\r\n                        <a href=\"https:\/\/www.fbf-bff.be\/fr\/formulas\/quick\/\">\r\n                            <img decoding=\"async\" src=\"https:\/\/www.fbf-bff.be\/wp-content\/uploads\/2016\/12\/Quick.jpg\" alt=\"Quick\">\r\n                        <\/a>\r\n                    <\/div>\r\n                                    <div class=\"item has-border\" >\r\n                        <a href=\"https:\/\/www.fbf-bff.be\/fr\/formulas\/reddy-keukens-cuisines\/\">\r\n                            <img decoding=\"async\" src=\"https:\/\/www.fbf-bff.be\/wp-content\/uploads\/2021\/10\/reddy-keukens-logo.jpg\" alt=\"REDDY KEUKENS CUISINES\">\r\n                        <\/a>\r\n                    <\/div>\r\n                                    <div class=\"item has-border\" >\r\n                        <a href=\"https:\/\/www.fbf-bff.be\/fr\/formulas\/spar-compact\/\">\r\n                            <img decoding=\"async\" src=\"https:\/\/www.fbf-bff.be\/wp-content\/uploads\/2017\/05\/Spar.jpg\" alt=\"Spar &#8211; Spar Compact\">\r\n                        <\/a>\r\n                    <\/div>\r\n                                    <div class=\"item has-border\" >\r\n                        <a href=\"https:\/\/www.fbf-bff.be\/fr\/formulas\/valentino-chocolatier\/\">\r\n                            <img decoding=\"async\" src=\"https:\/\/www.fbf-bff.be\/wp-content\/uploads\/2017\/08\/VAL_LogoCar_Black-lowres.jpeg\" alt=\"Valentino Chocolatier\">\r\n                        <\/a>\r\n                    <\/div>\r\n                                    <div class=\"item has-border\" >\r\n                        <a href=\"https:\/\/www.fbf-bff.be\/fr\/formulas\/vanden-borre-kitchen\/\">\r\n                            <img decoding=\"async\" src=\"https:\/\/www.fbf-bff.be\/wp-content\/uploads\/2017\/05\/Sans-titre.png\" alt=\"Vanden Borre Kitchen\">\r\n                        <\/a>\r\n                    <\/div>\r\n                                    <div class=\"item has-border\" >\r\n                        <a href=\"https:\/\/www.fbf-bff.be\/fr\/formulas\/yves-rocher\/\">\r\n                            <img decoding=\"async\" src=\"https:\/\/www.fbf-bff.be\/wp-content\/uploads\/2016\/12\/YvesRocher.jpg\" alt=\"Yves Rocher\">\r\n                        <\/a>\r\n                    <\/div>\r\n                                <div class=\"cf\"><\/div>\r\n                    <\/div>\r\n    <\/div>\r\n\r\n    [vc_empty_space height=\u00a0\u00bb90px\u00a0\u00bb][\/vc_column][\/vc_row]","protected":false},"excerpt":{"rendered":"","protected":false},"author":1,"featured_media":0,"parent":525,"menu_order":0,"comment_status":"closed","ping_status":"closed","template":"template_leftnav.php","meta":{"ngg_post_thumbnail":0,"footnotes":""},"acf":[],"yoast_head":"<!-- This site is optimized with the Yoast SEO plugin v23.5 - https:\/\/yoast.com\/wordpress\/plugins\/seo\/ -->\n<title>Membres effectifs - F\u00e9d\u00e9ration Belge de la Franchise<\/title>\n<meta name=\"robots\" content=\"index, follow, max-snippet:-1, max-image-preview:large, max-video-preview:-1\" \/>\n<link rel=\"canonical\" href=\"https:\/\/www.fbf-bff.be\/fr\/membres\/membres-effectifs\/\" \/>\n<meta property=\"og:locale\" content=\"fr_FR\" \/>\n<meta property=\"og:type\" content=\"article\" \/>\n<meta property=\"og:title\" content=\"Membres effectifs - F\u00e9d\u00e9ration Belge de la Franchise\" \/>\n<meta property=\"og:url\" content=\"https:\/\/www.fbf-bff.be\/fr\/membres\/membres-effectifs\/\" \/>\n<meta property=\"og:site_name\" content=\"F\u00e9d\u00e9ration Belge de la Franchise\" \/>\n<meta property=\"article:modified_time\" content=\"2025-03-23T13:31:20+00:00\" \/>\n<meta property=\"og:image\" content=\"https:\/\/www.fbf-bff.be\/wp-content\/uploads\/2017\/06\/fbf-bff-fb-cover.jpg\" \/>\n\t<meta property=\"og:image:width\" content=\"1200\" \/>\n\t<meta property=\"og:image:height\" content=\"630\" \/>\n\t<meta property=\"og:image:type\" content=\"image\/jpeg\" \/>\n<meta name=\"twitter:card\" content=\"summary_large_image\" \/>\n<meta name=\"twitter:label1\" content=\"Dur\u00e9e de lecture estim\u00e9e\" \/>\n\t<meta name=\"twitter:data1\" content=\"1 minute\" \/>\n<script type=\"application\/ld+json\" class=\"yoast-schema-graph\">{\"@context\":\"https:\/\/schema.org\",\"@graph\":[{\"@type\":\"WebPage\",\"@id\":\"https:\/\/www.fbf-bff.be\/fr\/membres\/membres-effectifs\/\",\"url\":\"https:\/\/www.fbf-bff.be\/fr\/membres\/membres-effectifs\/\",\"name\":\"Membres effectifs - F\u00e9d\u00e9ration Belge de la Franchise\",\"isPartOf\":{\"@id\":\"https:\/\/www.fbf-bff.be\/#website\"},\"datePublished\":\"2016-12-07T15:01:51+00:00\",\"dateModified\":\"2025-03-23T13:31:20+00:00\",\"breadcrumb\":{\"@id\":\"https:\/\/www.fbf-bff.be\/fr\/membres\/membres-effectifs\/#breadcrumb\"},\"inLanguage\":\"fr-FR\",\"potentialAction\":[{\"@type\":\"ReadAction\",\"target\":[\"https:\/\/www.fbf-bff.be\/fr\/membres\/membres-effectifs\/\"]}]},{\"@type\":\"BreadcrumbList\",\"@id\":\"https:\/\/www.fbf-bff.be\/fr\/membres\/membres-effectifs\/#breadcrumb\",\"itemListElement\":[{\"@type\":\"ListItem\",\"position\":1,\"name\":\"Home\",\"item\":\"https:\/\/www.fbf-bff.be\/fr\/\"},{\"@type\":\"ListItem\",\"position\":2,\"name\":\"Membres\",\"item\":\"https:\/\/www.fbf-bff.be\/fr\/membres\/\"},{\"@type\":\"ListItem\",\"position\":3,\"name\":\"Membres effectifs\"}]},{\"@type\":\"WebSite\",\"@id\":\"https:\/\/www.fbf-bff.be\/#website\",\"url\":\"https:\/\/www.fbf-bff.be\/\",\"name\":\"F\u00e9d\u00e9ration Belge de la Franchise\",\"description\":\"Pour r\u00e9ussir ensemblee\",\"potentialAction\":[{\"@type\":\"SearchAction\",\"target\":{\"@type\":\"EntryPoint\",\"urlTemplate\":\"https:\/\/www.fbf-bff.be\/?s={search_term_string}\"},\"query-input\":{\"@type\":\"PropertyValueSpecification\",\"valueRequired\":true,\"valueName\":\"search_term_string\"}}],\"inLanguage\":\"fr-FR\"}]}<\/script>\n<!-- \/ Yoast SEO plugin. -->","yoast_head_json":{"title":"Membres effectifs - F\u00e9d\u00e9ration Belge de la Franchise","robots":{"index":"index","follow":"follow","max-snippet":"max-snippet:-1","max-image-preview":"max-image-preview:large","max-video-preview":"max-video-preview:-1"},"canonical":"https:\/\/www.fbf-bff.be\/fr\/membres\/membres-effectifs\/","og_locale":"fr_FR","og_type":"article","og_title":"Membres effectifs - F\u00e9d\u00e9ration Belge de la Franchise","og_url":"https:\/\/www.fbf-bff.be\/fr\/membres\/membres-effectifs\/","og_site_name":"F\u00e9d\u00e9ration Belge de la Franchise","article_modified_time":"2025-03-23T13:31:20+00:00","og_image":[{"width":1200,"height":630,"url":"https:\/\/www.fbf-bff.be\/wp-content\/uploads\/2017\/06\/fbf-bff-fb-cover.jpg","type":"image\/jpeg"}],"twitter_card":"summary_large_image","twitter_misc":{"Dur\u00e9e de lecture estim\u00e9e":"1 minute"},"schema":{"@context":"https:\/\/schema.org","@graph":[{"@type":"WebPage","@id":"https:\/\/www.fbf-bff.be\/fr\/membres\/membres-effectifs\/","url":"https:\/\/www.fbf-bff.be\/fr\/membres\/membres-effectifs\/","name":"Membres effectifs - F\u00e9d\u00e9ration Belge de la Franchise","isPartOf":{"@id":"https:\/\/www.fbf-bff.be\/#website"},"datePublished":"2016-12-07T15:01:51+00:00","dateModified":"2025-03-23T13:31:20+00:00","breadcrumb":{"@id":"https:\/\/www.fbf-bff.be\/fr\/membres\/membres-effectifs\/#breadcrumb"},"inLanguage":"fr-FR","potentialAction":[{"@type":"ReadAction","target":["https:\/\/www.fbf-bff.be\/fr\/membres\/membres-effectifs\/"]}]},{"@type":"BreadcrumbList","@id":"https:\/\/www.fbf-bff.be\/fr\/membres\/membres-effectifs\/#breadcrumb","itemListElement":[{"@type":"ListItem","position":1,"name":"Home","item":"https:\/\/www.fbf-bff.be\/fr\/"},{"@type":"ListItem","position":2,"name":"Membres","item":"https:\/\/www.fbf-bff.be\/fr\/membres\/"},{"@type":"ListItem","position":3,"name":"Membres effectifs"}]},{"@type":"WebSite","@id":"https:\/\/www.fbf-bff.be\/#website","url":"https:\/\/www.fbf-bff.be\/","name":"F\u00e9d\u00e9ration Belge de la Franchise","description":"Pour r\u00e9ussir ensemblee","potentialAction":[{"@type":"SearchAction","target":{"@type":"EntryPoint","urlTemplate":"https:\/\/www.fbf-bff.be\/?s={search_term_string}"},"query-input":{"@type":"PropertyValueSpecification","valueRequired":true,"valueName":"search_term_string"}}],"inLanguage":"fr-FR"}]}},"_links":{"self":[{"href":"https:\/\/www.fbf-bff.be\/fr\/wp-json\/wp\/v2\/pages\/526"}],"collection":[{"href":"https:\/\/www.fbf-bff.be\/fr\/wp-json\/wp\/v2\/pages"}],"about":[{"href":"https:\/\/www.fbf-bff.be\/fr\/wp-json\/wp\/v2\/types\/page"}],"author":[{"embeddable":true,"href":"https:\/\/www.fbf-bff.be\/fr\/wp-json\/wp\/v2\/users\/1"}],"replies":[{"embeddable":true,"href":"https:\/\/www.fbf-bff.be\/fr\/wp-json\/wp\/v2\/comments?post=526"}],"version-history":[{"count":16,"href":"https:\/\/www.fbf-bff.be\/fr\/wp-json\/wp\/v2\/pages\/526\/revisions"}],"predecessor-version":[{"id":20679,"href":"https:\/\/www.fbf-bff.be\/fr\/wp-json\/wp\/v2\/pages\/526\/revisions\/20679"}],"up":[{"embeddable":true,"href":"https:\/\/www.fbf-bff.be\/fr\/wp-json\/wp\/v2\/pages\/525"}],"wp:attachment":[{"href":"https:\/\/www.fbf-bff.be\/fr\/wp-json\/wp\/v2\/media?parent=526"}],"curies":[{"name":"wp","href":"https:\/\/api.w.org\/{rel}","templated":true}]}}