{"id":15528,"date":"2023-06-14T07:17:23","date_gmt":"2023-06-14T05:17:23","guid":{"rendered":"https:\/\/www.fbf-bff.be\/federation\/franchise-awards-2023\/"},"modified":"2026-01-27T11:27:49","modified_gmt":"2026-01-27T10:27:49","slug":"franchise-awards-2026","status":"publish","type":"page","link":"https:\/\/www.fbf-bff.be\/fr\/federation\/franchise-awards-2026\/","title":{"rendered":"Franchise Awards 2026"},"content":{"rendered":"[vc_row][vc_column][vc_column_text]\r\n<h1><span style=\"color: #99cc00;\">Awards de la Franchise 2026<\/span><\/h1>\r\n<h2><span style=\"color: #000080;\">La F\u00e9d\u00e9ration Belge de la Franchise offre l&rsquo;occasion aux r\u00e9seaux de franchise en Belgique de se distinguer en participant aux FBF Franchise Awards 2026 ! Membres et non membres peuvent se porter candidat pour les cat\u00e9gories franchis\u00e9s et franchiseurs. Les membres associ\u00e9s de la FBF sont invit\u00e9s \u00e0 concourir pour l&rsquo;Award \u00ab\u00a0Services \u00e0 la franchise\u00a0\u00bb.\r\n<\/span><\/h2>\r\n<h2><span class=\"WdYUQQ text-decoration-none text-strikethrough-none\">La remise des prix aura lieu le 3 juin 2026 lors d&rsquo;une soir\u00e9e dinatoire au Salons Waerboom.<\/span><\/h2>\r\nVoici le lien pour vous inscrire \u00e0 la soir\u00e9e: <a href=\"https:\/\/forms.gle\/6TKYRrD2e2KRSTSi8\">inscription<\/a>\r\n\r\n[\/vc_column_text][\/vc_column][\/vc_row][vc_row][vc_column][vc_column_text]\r\n<h2><span style=\"color: #000080;\">Dossiers de participation 2026\r\n<\/span><\/h2>\r\n[\/vc_column_text][\/vc_column][\/vc_row][vc_row][vc_column width=\u00a0\u00bb1\/2&Prime;][vc_single_image image=\u00a0\u00bb17348&Prime; img_size=\u00a0\u00bblarge\u00a0\u00bb][\/vc_column][vc_column width=\u00a0\u00bb1\/2&Prime;][vc_column_text]Cliquez sur les liens pour t\u00e9l\u00e9charger les documents :\r\n<ul>\r\n \t<li><a href=\"https:\/\/forms.gle\/hDXXqfqPoyAyx2627\" target=\"_blank\" rel=\"noopener\">Formulaire d&rsquo;inscription 2026<\/a><\/li>\r\n \t<li><a href=\"https:\/\/www.fbf-bff.be\/wp-content\/uploads\/2026\/01\/Reglement-FBF-Awards-de-la-Franchise-2026.pdf\" target=\"_blank\" rel=\"noopener\">R\u00e8glement et organisation des Awards de la Franchise 2026<\/a><\/li>\r\n \t<li><a href=\"https:\/\/www.fbf-bff.be\/wp-content\/uploads\/2026\/01\/FBF-Franchise-de-lannee-2026.pdf\" target=\"_blank\" rel=\"noopener\">Dossier de candidature \u00ab\u00a0Franchis\u00e9 de l&rsquo;ann\u00e9e 2026\u00a0\u00bb<\/a><\/li>\r\n<\/ul>\r\n<strong>Le dossier de candidature doit \u00eatre remis au plus tard le 15\/04\/2025 par Email \u00e0 <a href=\"mailto:secretariat@fbf-bff.be\">secretariat@fbf-bff.be<\/a><\/strong>[\/vc_column_text][\/vc_column][\/vc_row][vc_row][vc_column width=\u00a0\u00bb1\/2&Prime;][vc_single_image image=\u00a0\u00bb17350&Prime; img_size=\u00a0\u00bblarge\u00a0\u00bb][\/vc_column][vc_column width=\u00a0\u00bb1\/2&Prime;][vc_column_text]Cliquez sur les liens pour t\u00e9l\u00e9charger les documents :\r\n<ul>\r\n \t<li style=\"list-style-type: none;\">\r\n<ul>\r\n \t<li><a href=\"https:\/\/forms.gle\/hDXXqfqPoyAyx2627\" target=\"_blank\" rel=\"noopener\">Formulaire d&rsquo;inscription 2026<\/a><\/li>\r\n \t<li><a href=\"https:\/\/www.fbf-bff.be\/wp-content\/uploads\/2026\/01\/Reglement-FBF-Awards-de-la-Franchise-2026.pdf\" target=\"_blank\" rel=\"noopener\">R\u00e8glement et organisation des Awards de la Franchise 2026<\/a><\/li>\r\n \t<li><a href=\"https:\/\/www.fbf-bff.be\/wp-content\/uploads\/2026\/01\/FBF-Franchiseur-de-lannee-2026-3-a-10-points-de-vente.pdf\" target=\"_blank\" rel=\"noopener\">Dossier de candidature \u00ab\u00a0Franchiseur de l&rsquo;ann\u00e9e 2026 (3 \u00e0 10 points de vente)\u00a0\u00bb<\/a><\/li>\r\n<\/ul>\r\n<\/li>\r\n<\/ul>\r\n<strong>Le dossier de candidature doit \u00eatre remis au plus tard le 8\/04\/2025 par email \u00e0 <a href=\"mailto:secretariat@fbf-bff.be\">secretariat@fbf-bff.be<\/a><\/strong>[\/vc_column_text][\/vc_column][\/vc_row][vc_row][vc_column width=\u00a0\u00bb1\/2&Prime;][vc_single_image image=\u00a0\u00bb17352&Prime; img_size=\u00a0\u00bblarge\u00a0\u00bb][\/vc_column][vc_column width=\u00a0\u00bb1\/2&Prime;][vc_column_text]Cliquez sur les liens pour t\u00e9l\u00e9charger les documents:\r\n<ul>\r\n \t<li><a href=\"https:\/\/forms.gle\/hDXXqfqPoyAyx2627\" target=\"_blank\" rel=\"noopener\">Formulaire d&rsquo;inscription 2026<\/a><\/li>\r\n \t<li><a href=\"https:\/\/www.fbf-bff.be\/wp-content\/uploads\/2026\/01\/Reglement-FBF-Awards-de-la-Franchise-2026.pdf\" target=\"_blank\" rel=\"noopener\">R\u00e8glement et organisation des Awards de la Franchise 2026<\/a><\/li>\r\n \t<li><a href=\"https:\/\/www.fbf-bff.be\/wp-content\/uploads\/2026\/01\/FBF-Franchiseur-de-lannee-2026-plus-de-10-points-de-vente.pdf\" target=\"_blank\" rel=\"noopener\">Dossier de candidature \u00ab\u00a0Franchiseur de l&rsquo;ann\u00e9e 2026 (Plus de 10 points de vente)\u00a0\u00bb<\/a>&nbsp;<\/li>\r\n<\/ul>\r\n<strong>Le dossier de candidature doit \u00eatre remis au plus tard le 8\/4\/2025 par email \u00e0 <a href=\"mailto:secretariat@fbf-bff.be\">secretariat@fbf-bff.be<\/a><\/strong>[\/vc_column_text][\/vc_column][\/vc_row][vc_row][vc_column width=\u00a0\u00bb1\/2&Prime;][vc_single_image image=\u00a0\u00bb17354&Prime; img_size=\u00a0\u00bblarge\u00a0\u00bb][\/vc_column][vc_column width=\u00a0\u00bb1\/2&Prime;][vc_column_text]Cliquez sur les liens pour t\u00e9l\u00e9charger les documents:\r\n<ul>\r\n \t<li><a href=\"https:\/\/forms.gle\/HjHvZXo4QNpiFbvx5\" target=\"_blank\" rel=\"noopener\">Formulaire d&rsquo;inscription 2026<\/a><\/li>\r\n \t<li><a href=\"https:\/\/www.fbf-bff.be\/wp-content\/uploads\/2026\/01\/Reglement-FBF-Awards-de-la-Franchise-2026.pdf\">R\u00e8glement et organisation des Awards de la Franchise 2026<\/a><\/li>\r\n \t<li><a href=\"https:\/\/www.fbf-bff.be\/wp-content\/uploads\/2026\/01\/FBF-Services-a-la-Franchise-de-lannee-2026-Membre-associe-FBF.pdf\" target=\"_blank\" rel=\"noopener\">Dossier de candidature \u00ab\u00a0Services \u00e0 la Franchise de l&rsquo;ann\u00e9e&nbsp; &#8211; Membre associ\u00e9 FBF\u00a0\u00bb<\/a><\/li>\r\n<\/ul>\r\n<strong>Le dossier de candidature doit \u00eatre remis au plus tard le 15\/04\/2025 par Email \u00e0<\/strong><strong> <a href=\"mailto:secretariat@fbf-bff.be\">secretariat@fbf-bff.be<\/a><\/strong>[\/vc_column_text][\/vc_column][\/vc_row][vc_row][vc_column][vc_single_image image=\u00a0\u00bb23101&Prime; img_size=\u00a0\u00bblarge\u00a0\u00bb title=\u00a0\u00bbGagnant: Franchis\u00e9 2025: Karen Pollet &#8211; Carrefour Market\u00a0\u00bb][\/vc_column][\/vc_row][vc_row][vc_column][vc_single_image image=\u00a0\u00bb23099&Prime; img_size=\u00a0\u00bblarge\u00a0\u00bb title=\u00a0\u00bbGagnant: Franchiseur 2025: 3 \u00e0 10 points de vente: Ateliers Co-Pains\u00a0\u00bb][\/vc_column][\/vc_row][vc_row][vc_column][vc_single_image image=\u00a0\u00bb23103&Prime; img_size=\u00a0\u00bblarge\u00a0\u00bb title=\u00a0\u00bbGagnant: Franchiseur 2025: 10 + points de vente: Belchicken\u00a0\u00bb][\/vc_column][\/vc_row][vc_row][vc_column][vc_single_image image=\u00a0\u00bb23105&Prime; img_size=\u00a0\u00bblarge\u00a0\u00bb title=\u00a0\u00bbGagnant: Service to Franchising 2025: Mobilosoft\u00a0\u00bb][\/vc_column][\/vc_row]","protected":false},"excerpt":{"rendered":"<p>[vc_row][vc_column][vc_column_text]<br \/>\nAwards de la Franchise 2026<br \/>\nLa F\u00e9d\u00e9ration Belge de la Franchise offre l&rsquo;occasion aux r\u00e9seaux de franchise en Belgique de se distinguer en participant aux FBF Franchise Awards 2026 ! Membres et non membres peuvent se porter candidat pour les cat\u00e9gories franchis\u00e9s et franchiseurs. Les membres associ\u00e9s de la &#8230;<\/p>\n","protected":false},"author":1,"featured_media":0,"parent":861,"menu_order":0,"comment_status":"closed","ping_status":"closed","template":"template_leftnav.php","meta":{"ngg_post_thumbnail":0,"footnotes":""},"acf":[],"yoast_head":"<!-- This site is optimized with the Yoast SEO plugin v23.5 - https:\/\/yoast.com\/wordpress\/plugins\/seo\/ -->\n<title>Franchise Awards 2026 - F\u00e9d\u00e9ration Belge de la Franchise<\/title>\n<meta name=\"description\" content=\"Les Awards de la FBF 2025 s&#039;ouvrent aux franchiseurs et franchis\u00e9s en Belgique. La remise des prix aura lieu le 3 juin 2025.\" \/>\n<meta name=\"robots\" content=\"index, follow, max-snippet:-1, max-image-preview:large, max-video-preview:-1\" \/>\n<link rel=\"canonical\" href=\"https:\/\/www.fbf-bff.be\/fr\/federation\/franchise-awards-2026\/\" \/>\n<meta property=\"og:locale\" content=\"fr_FR\" \/>\n<meta property=\"og:type\" content=\"article\" \/>\n<meta property=\"og:title\" content=\"Franchise Awards 2026 - F\u00e9d\u00e9ration Belge de la Franchise\" \/>\n<meta property=\"og:description\" content=\"Les Awards de la FBF 2025 s&#039;ouvrent aux franchiseurs et franchis\u00e9s en Belgique. La remise des prix aura lieu le 3 juin 2025.\" \/>\n<meta property=\"og:url\" content=\"https:\/\/www.fbf-bff.be\/fr\/federation\/franchise-awards-2026\/\" \/>\n<meta property=\"og:site_name\" content=\"F\u00e9d\u00e9ration Belge de la Franchise\" \/>\n<meta property=\"article:modified_time\" content=\"2026-01-27T10:27:49+00:00\" \/>\n<meta property=\"og:image\" content=\"https:\/\/www.fbf-bff.be\/wp-content\/uploads\/2017\/06\/fbf-bff-fb-cover.jpg\" \/>\n\t<meta property=\"og:image:width\" content=\"1200\" \/>\n\t<meta property=\"og:image:height\" content=\"630\" \/>\n\t<meta property=\"og:image:type\" content=\"image\/jpeg\" \/>\n<meta name=\"twitter:card\" content=\"summary_large_image\" \/>\n<meta name=\"twitter:label1\" content=\"Dur\u00e9e de lecture estim\u00e9e\" \/>\n\t<meta name=\"twitter:data1\" content=\"4 minutes\" \/>\n<script type=\"application\/ld+json\" class=\"yoast-schema-graph\">{\"@context\":\"https:\/\/schema.org\",\"@graph\":[{\"@type\":\"WebPage\",\"@id\":\"https:\/\/www.fbf-bff.be\/fr\/federation\/franchise-awards-2026\/\",\"url\":\"https:\/\/www.fbf-bff.be\/fr\/federation\/franchise-awards-2026\/\",\"name\":\"Franchise Awards 2026 - F\u00e9d\u00e9ration Belge de la Franchise\",\"isPartOf\":{\"@id\":\"https:\/\/www.fbf-bff.be\/#website\"},\"datePublished\":\"2023-06-14T05:17:23+00:00\",\"dateModified\":\"2026-01-27T10:27:49+00:00\",\"description\":\"Les Awards de la FBF 2025 s'ouvrent aux franchiseurs et franchis\u00e9s en Belgique. La remise des prix aura lieu le 3 juin 2025.\",\"breadcrumb\":{\"@id\":\"https:\/\/www.fbf-bff.be\/fr\/federation\/franchise-awards-2026\/#breadcrumb\"},\"inLanguage\":\"fr-FR\",\"potentialAction\":[{\"@type\":\"ReadAction\",\"target\":[\"https:\/\/www.fbf-bff.be\/fr\/federation\/franchise-awards-2026\/\"]}]},{\"@type\":\"BreadcrumbList\",\"@id\":\"https:\/\/www.fbf-bff.be\/fr\/federation\/franchise-awards-2026\/#breadcrumb\",\"itemListElement\":[{\"@type\":\"ListItem\",\"position\":1,\"name\":\"Home\",\"item\":\"https:\/\/www.fbf-bff.be\/fr\/\"},{\"@type\":\"ListItem\",\"position\":2,\"name\":\"F\u00e9d\u00e9ration\",\"item\":\"https:\/\/www.fbf-bff.be\/fr\/federation\/\"},{\"@type\":\"ListItem\",\"position\":3,\"name\":\"Franchise Awards 2026\"}]},{\"@type\":\"WebSite\",\"@id\":\"https:\/\/www.fbf-bff.be\/#website\",\"url\":\"https:\/\/www.fbf-bff.be\/\",\"name\":\"F\u00e9d\u00e9ration Belge de la Franchise\",\"description\":\"Pour r\u00e9ussir ensemblee\",\"potentialAction\":[{\"@type\":\"SearchAction\",\"target\":{\"@type\":\"EntryPoint\",\"urlTemplate\":\"https:\/\/www.fbf-bff.be\/?s={search_term_string}\"},\"query-input\":{\"@type\":\"PropertyValueSpecification\",\"valueRequired\":true,\"valueName\":\"search_term_string\"}}],\"inLanguage\":\"fr-FR\"}]}<\/script>\n<!-- \/ Yoast SEO plugin. -->","yoast_head_json":{"title":"Franchise Awards 2026 - F\u00e9d\u00e9ration Belge de la Franchise","description":"Les Awards de la FBF 2025 s'ouvrent aux franchiseurs et franchis\u00e9s en Belgique. La remise des prix aura lieu le 3 juin 2025.","robots":{"index":"index","follow":"follow","max-snippet":"max-snippet:-1","max-image-preview":"max-image-preview:large","max-video-preview":"max-video-preview:-1"},"canonical":"https:\/\/www.fbf-bff.be\/fr\/federation\/franchise-awards-2026\/","og_locale":"fr_FR","og_type":"article","og_title":"Franchise Awards 2026 - F\u00e9d\u00e9ration Belge de la Franchise","og_description":"Les Awards de la FBF 2025 s'ouvrent aux franchiseurs et franchis\u00e9s en Belgique. La remise des prix aura lieu le 3 juin 2025.","og_url":"https:\/\/www.fbf-bff.be\/fr\/federation\/franchise-awards-2026\/","og_site_name":"F\u00e9d\u00e9ration Belge de la Franchise","article_modified_time":"2026-01-27T10:27:49+00:00","og_image":[{"width":1200,"height":630,"url":"https:\/\/www.fbf-bff.be\/wp-content\/uploads\/2017\/06\/fbf-bff-fb-cover.jpg","type":"image\/jpeg"}],"twitter_card":"summary_large_image","twitter_misc":{"Dur\u00e9e de lecture estim\u00e9e":"4 minutes"},"schema":{"@context":"https:\/\/schema.org","@graph":[{"@type":"WebPage","@id":"https:\/\/www.fbf-bff.be\/fr\/federation\/franchise-awards-2026\/","url":"https:\/\/www.fbf-bff.be\/fr\/federation\/franchise-awards-2026\/","name":"Franchise Awards 2026 - F\u00e9d\u00e9ration Belge de la Franchise","isPartOf":{"@id":"https:\/\/www.fbf-bff.be\/#website"},"datePublished":"2023-06-14T05:17:23+00:00","dateModified":"2026-01-27T10:27:49+00:00","description":"Les Awards de la FBF 2025 s'ouvrent aux franchiseurs et franchis\u00e9s en Belgique. La remise des prix aura lieu le 3 juin 2025.","breadcrumb":{"@id":"https:\/\/www.fbf-bff.be\/fr\/federation\/franchise-awards-2026\/#breadcrumb"},"inLanguage":"fr-FR","potentialAction":[{"@type":"ReadAction","target":["https:\/\/www.fbf-bff.be\/fr\/federation\/franchise-awards-2026\/"]}]},{"@type":"BreadcrumbList","@id":"https:\/\/www.fbf-bff.be\/fr\/federation\/franchise-awards-2026\/#breadcrumb","itemListElement":[{"@type":"ListItem","position":1,"name":"Home","item":"https:\/\/www.fbf-bff.be\/fr\/"},{"@type":"ListItem","position":2,"name":"F\u00e9d\u00e9ration","item":"https:\/\/www.fbf-bff.be\/fr\/federation\/"},{"@type":"ListItem","position":3,"name":"Franchise Awards 2026"}]},{"@type":"WebSite","@id":"https:\/\/www.fbf-bff.be\/#website","url":"https:\/\/www.fbf-bff.be\/","name":"F\u00e9d\u00e9ration Belge de la Franchise","description":"Pour r\u00e9ussir ensemblee","potentialAction":[{"@type":"SearchAction","target":{"@type":"EntryPoint","urlTemplate":"https:\/\/www.fbf-bff.be\/?s={search_term_string}"},"query-input":{"@type":"PropertyValueSpecification","valueRequired":true,"valueName":"search_term_string"}}],"inLanguage":"fr-FR"}]}},"_links":{"self":[{"href":"https:\/\/www.fbf-bff.be\/fr\/wp-json\/wp\/v2\/pages\/15528"}],"collection":[{"href":"https:\/\/www.fbf-bff.be\/fr\/wp-json\/wp\/v2\/pages"}],"about":[{"href":"https:\/\/www.fbf-bff.be\/fr\/wp-json\/wp\/v2\/types\/page"}],"author":[{"embeddable":true,"href":"https:\/\/www.fbf-bff.be\/fr\/wp-json\/wp\/v2\/users\/1"}],"replies":[{"embeddable":true,"href":"https:\/\/www.fbf-bff.be\/fr\/wp-json\/wp\/v2\/comments?post=15528"}],"version-history":[{"count":66,"href":"https:\/\/www.fbf-bff.be\/fr\/wp-json\/wp\/v2\/pages\/15528\/revisions"}],"predecessor-version":[{"id":23140,"href":"https:\/\/www.fbf-bff.be\/fr\/wp-json\/wp\/v2\/pages\/15528\/revisions\/23140"}],"up":[{"embeddable":true,"href":"https:\/\/www.fbf-bff.be\/fr\/wp-json\/wp\/v2\/pages\/861"}],"wp:attachment":[{"href":"https:\/\/www.fbf-bff.be\/fr\/wp-json\/wp\/v2\/media?parent=15528"}],"curies":[{"name":"wp","href":"https:\/\/api.w.org\/{rel}","templated":true}]}}