{"id":13594,"date":"2022-08-04T14:45:44","date_gmt":"2022-08-04T12:45:44","guid":{"rendered":"https:\/\/www.fbf-bff.be\/resources\/"},"modified":"2024-02-02T14:39:25","modified_gmt":"2024-02-02T13:39:25","slug":"resources","status":"publish","type":"page","link":"https:\/\/www.fbf-bff.be\/fr\/resources\/","title":{"rendered":"Ressources"},"content":{"rendered":"[vc_row][vc_column][vc_column_text]Que vous soyez en train de vous lancer en franchise ou d\u00e9j\u00e0 franchis\u00e9 ou franchiseur, retrouvez ici des ressources et outils vous permettant de d\u00e9couvrir ou approfondir votre connaissance de la franchise[\/vc_column_text][\/vc_column][\/vc_row][vc_row el_id=\u00a0\u00bbvideos\u00a0\u00bb][vc_column][vc_column_text]\r\n<h1>Vid\u00e9os<\/h1>\r\n[\/vc_column_text][\/vc_column][\/vc_row][vc_row][vc_column width=\u00a0\u00bb1\/2&Prime;][vc_video link=\u00a0\u00bbhttps:\/\/www.youtube.com\/watch?v=VAy0Ot4KPX0&amp;t=1s\u00a0\u00bb][\/vc_column][vc_column width=\u00a0\u00bb1\/2&Prime;][vc_custom_heading text=\u00a0\u00bbQu&rsquo;est-ce que la franchise ?\u00a0\u00bb font_container=\u00a0\u00bbtag:h2|font_size:14|text_align:left|color:%2320517c\u00a0\u00bb google_fonts=\u00a0\u00bbfont_family:Open%20Sans%3A300%2C300italic%2Cregular%2Citalic%2C600%2C600italic%2C700%2C700italic%2C800%2C800italic|font_style:700%20bold%20regular%3A700%3Anormal\u00a0\u00bb][vc_column_text]Qu&rsquo;est-ce que la franchise ?\r\nD\u00e9couvrez en quelques minutes les grands principes du partenariat entre un franchiseur et un franchis\u00e9 ainsi que les avantages de choisir le business model de la franchise.[\/vc_column_text][\/vc_column][\/vc_row][vc_row][vc_column width=\u00a0\u00bb1\/2&Prime;][vc_video link=\u00a0\u00bbhttps:\/\/youtu.be\/D7_XBnDr_1w\u00a0\u00bb][\/vc_column][vc_column width=\u00a0\u00bb1\/2&Prime;][vc_custom_heading text=\u00a0\u00bbComment piloter et animer efficacement votre r\u00e9seau de franchise ?\u00a0\u00bb font_container=\u00a0\u00bbtag:h2|font_size:14|text_align:left|color:%2320517c\u00a0\u00bb google_fonts=\u00a0\u00bbfont_family:Open%20Sans%3A300%2C300italic%2Cregular%2Citalic%2C600%2C600italic%2C700%2C700italic%2C800%2C800italic|font_style:700%20bold%20regular%3A700%3Anormal\u00a0\u00bb][vc_column_text]D\u00e9couvrez les conseils de Synergee, membre associ\u00e9 de la FBF, pour mesurer, quantifier, analyser l\u2019activit\u00e9 de votre r\u00e9seau et mettre en place un cercle vertueux de la performance.[\/vc_column_text][\/vc_column][\/vc_row][vc_row][vc_column width=\u00a0\u00bb1\/2&Prime;][vc_video link=\u00a0\u00bbhttps:\/\/youtu.be\/cNk503tbKFw\u00a0\u00bb][\/vc_column][vc_column width=\u00a0\u00bb1\/2&Prime;][vc_custom_heading text=\u00a0\u00bbE-formation : Les fondamentaux du marketing digital local\u00a0\u00bb font_container=\u00a0\u00bbtag:h2|font_size:14|text_align:left|color:%2320517c\u00a0\u00bb google_fonts=\u00a0\u00bbfont_family:Open%20Sans%3A300%2C300italic%2Cregular%2Citalic%2C600%2C600italic%2C700%2C700italic%2C800%2C800italic|font_style:700%20bold%20regular%3A700%3Anormal\u00a0\u00bb][vc_column_text]Gr\u00e2ce \u00e0 Mobilosoft, membre associ\u00e9 de la FBF, am\u00e9liorez la visibilit\u00e9 en ligne de vos franchises et g\u00e9n\u00e9rez plus de trafic en point de vente avec la Mobilosoft School !\r\nFormez-vous gratuitement aux fondamentaux du marketing digital local avec l\u2019e-formation certifiante en 9 modules.[\/vc_column_text][vc_btn title=\u00a0\u00bbJe profite de l\u2019offre !\u00a0\u00bb color=\u00a0\u00bbprimary\u00a0\u00bb i_icon_fontawesome=\u00a0\u00bbfar fa-paper-plane\u00a0\u00bb add_icon=\u00a0\u00bbtrue\u00a0\u00bb link=\u00a0\u00bburl:https%3A%2F%2Fbit.ly%2F3KhnfRW|target:_blank\u00a0\u00bb][\/vc_column][\/vc_row][vc_row][vc_column width=\u00a0\u00bb1\/2&Prime;][vc_video link=\u00a0\u00bbhttps:\/\/www.youtube.com\/watch?v=zrVyYtvJDA4&Prime;][\/vc_column][vc_column width=\u00a0\u00bb1\/2&Prime;][vc_custom_heading text=\u00a0\u00bbLa loi actuelle sur les implantations commerciales en Wallonie\u00a0\u00bb font_container=\u00a0\u00bbtag:h2|font_size:14|text_align:left|color:%2320517c\u00a0\u00bb google_fonts=\u00a0\u00bbfont_family:Open%20Sans%3A300%2C300italic%2Cregular%2Citalic%2C600%2C600italic%2C700%2C700italic%2C800%2C800italic|font_style:700%20bold%20regular%3A700%3Anormal\u00a0\u00bb][vc_column_text]Les contraintes l\u00e9gales et administratives sont souvent un frein pour ouvrir un point de vente.&nbsp; Afin de fluidifier cette \u00e9tape, GeoConsulting vous accompagne dans les proc\u00e9dures d\u2019obtention de permis d\u2019implantations commerciales.\r\nNathalie Andry vous explique les diff\u00e9rentes \u00e9tapes de ces proc\u00e9dures et vous accompagne tout au long de celles-ci. Elle se fera un plaisir de vous rencontrer pour discuter de votre projet.&nbsp; Attention en 2024, ces l\u00e9gislations vont \u00e9voluer et entraineront des modifications importantes dans les proc\u00e9dures actuelles. Contactez GeoConsulting pour en savoir plus et vous y pr\u00e9parer.[\/vc_column_text][\/vc_column][\/vc_row][vc_row][vc_column][vc_column_text]\r\n<h1>Publications<\/h1>\r\n[\/vc_column_text][\/vc_column][\/vc_row][vc_row][vc_column][vc_column_text]Pour plus d&rsquo;informations sur ces publications, contactez-nous \u00e0 info@fbf-bff.be.[\/vc_column_text][\/vc_column][\/vc_row][vc_row][vc_column width=\u00a0\u00bb1\/4&Prime;][vc_single_image image=\u00a0\u00bb16112&Prime;][\/vc_column][vc_column width=\u00a0\u00bb1\/4&Prime;][vc_column_text]\r\n<div class=\"title\">\r\n<div class=\"title\"><strong>Guide de la Franchise<\/strong><\/div>\r\n<div class=\"auteur\"><span class=\"auteurTitle\">Auteur :&nbsp;<\/span>F\u00e9d\u00e9ration Belge de la Franchise<\/div>\r\n<div class=\"summary\">Cr\u00e9\u00e9 par la F\u00e9d\u00e9ration Belge de la Franchise, ce livre vous donnera acc\u00e8s aux informations n\u00e9cessaires avant votre lancement en Franchise.&nbsp;<\/div>\r\n<\/div>\r\n[\/vc_column_text][\/vc_column][vc_column width=\u00a0\u00bb1\/4&Prime;][vc_single_image image=\u00a0\u00bb16110&Prime;][\/vc_column][vc_column width=\u00a0\u00bb1\/4&Prime;][vc_column_text]\r\n<div class=\"title\">\r\n<div class=\"title\"><strong>Le Tour de la franchise en 65 questions<\/strong><\/div>\r\n<div class=\"auteur\"><span class=\"auteurTitle\">Auteur : <\/span>Didier DEPREAY\u2013 Marc GERON<\/div>\r\n<div class=\"summary\">La question de la franchise en Belgique en 8 rubriques : d\u00e9finitions et g\u00e9n\u00e9ralit\u00e9s, le r\u00e9seau de franchise, le lancement d&rsquo;une unit\u00e9 franchis\u00e9e, l&rsquo;aspect financier, le contrat, l&rsquo;organisation des relations commerciales, la fin de la collaboration, les conseils pratiques. Parution 30\/03\/2021<\/div>\r\n<\/div>\r\n[\/vc_column_text][\/vc_column][\/vc_row][vc_row][vc_column width=\u00a0\u00bb1\/4&Prime;][vc_single_image image=\u00a0\u00bb16122&Prime;][\/vc_column][vc_column width=\u00a0\u00bb1\/4&Prime;][vc_column_text]\r\n<div class=\"title\">\r\n<div class=\"title\">\r\n<div class=\"title\"><strong>Contrat de franchise&nbsp;\r\n<\/strong>Auteurs: Patrick Kileste et C\u00e9cile Staudt<\/div>\r\n<div>Date de parution: 23\/09\/2014<\/div>\r\n<\/div>\r\n<\/div>\r\n[\/vc_column_text][\/vc_column][vc_column width=\u00a0\u00bb1\/4&Prime;][vc_single_image image=\u00a0\u00bb13596&Prime;][\/vc_column][vc_column width=\u00a0\u00bb1\/4&Prime;][vc_column_text]\r\n<div class=\"title\">\r\n<div class=\"title\">\r\n<div class=\"title\"><strong>Code de d\u00e9ontologie europ\u00e9en \u2013 Guidelines sur l\u2019obligation d\u2019information pr\u00e9contractuelle \u2013 Les annexes nationales\r\n<\/strong>Auteur: F\u00e9d\u00e9ration Europ\u00e9enne de la Franchise, \u00e9dition 2020\r\n(Copie gratuite sur demande \u00e0 la FBF,&nbsp;<a href=\"https:\/\/www.fbf-bff.be\/wp-content\/uploads\/2020\/06\/2020-EUROPEAN-CODE-of-ETHICS-for-FRANCHISING-GUIDELINES-on-PRECONTRACTUAL-DISCLOSURE-OBLIGATIONS.pdf\">version t\u00e9l\u00e9chargeable ici<\/a>)<\/div>\r\n<\/div>\r\n<\/div>\r\n[\/vc_column_text][\/vc_column][\/vc_row][vc_row][vc_column width=\u00a0\u00bb1\/4&Prime;][vc_single_image image=\u00a0\u00bb16956&Prime;][\/vc_column][vc_column width=\u00a0\u00bb1\/4&Prime;][vc_column_text]<strong>La franchise en Belgique &#8211; Aspects pratiques et juridiques<\/strong>\r\nAuteurs: Patrick Kileste, Jean Samper, Manon de Neubourg\r\nDate de parution : 1\u00e8re \u00e9dition 2023\r\n\r\nLe pr\u00e9sent guide a pour objectif d\u2019appr\u00e9hender les avantages et les inconv\u00e9nients, les cl\u00e9s du succ\u00e8s et les probl\u00e9matiques \u00e9ventuelles du syst\u00e8me de franchise.[\/vc_column_text][\/vc_column][vc_column width=\u00a0\u00bb1\/4&Prime;][\/vc_column][vc_column width=\u00a0\u00bb1\/4&Prime;][\/vc_column][\/vc_row][vc_row][vc_column width=\u00a0\u00bb1\/4&Prime;][vc_single_image image=\u00a0\u00bb16116&Prime;][\/vc_column][vc_column width=\u00a0\u00bb1\/4&Prime;][vc_column_text]\r\n<div class=\"title\"><strong>L\u2019information pr\u00e9contractuelle et la Commission d\u2019arbitrage<\/strong><\/div>\r\n<div class=\"auteur\"><span class=\"auteurTitle\">Auteur :&nbsp;<\/span>Pierre Demolin<\/div>\r\n<div class=\"summary\">Quelles sont les obligations d\u2019information qu\u2019il convient de respecter avant de signer un contrat de partenariat commercial (franchise, agence, concession) pour en \u00e9viter la nullit\u00e9 ?<\/div>\r\n<div>Date de parution: 9\/10\/2014<\/div>\r\n[\/vc_column_text][\/vc_column][vc_column width=\u00a0\u00bb1\/4&Prime;][vc_single_image image=\u00a0\u00bb16125&Prime; img_size=\u00a0\u00bbmedium\u00a0\u00bb][\/vc_column][vc_column width=\u00a0\u00bb1\/4&Prime;][vc_column_text]\r\n<div class=\"title\"><strong>Franchise Internationale et alliances strat\u00e9giques<\/strong><\/div>\r\n<div class=\"auteur\"><span class=\"auteurTitle\">Auteur :&nbsp;<\/span>Paola Cacchi Dimeglio<\/div>\r\n<div class=\"summary\">Outil n\u00e9cessaire \u00e0 la gestion de la n\u00e9gociation et des litiges en franchise internationale<\/div>\r\n<div>Date de parution : 4\/07\/2011<\/div>\r\n[\/vc_column_text][\/vc_column][\/vc_row][vc_row][vc_column width=\u00a0\u00bb1\/4&Prime;][vc_single_image image=\u00a0\u00bb1557&Prime; img_size=\u00a0\u00bbmedium\u00a0\u00bb][\/vc_column][vc_column width=\u00a0\u00bb1\/4&Prime;][vc_column_text]\r\n<div class=\"title\"><strong>Aper\u00e7u juridique\r\n<\/strong><\/div>\r\n<div class=\"summary\">Hommage \u00e0 Andr\u00e9 Lombart<\/div>\r\n<div>Date de parution : 24\/02\/2014<\/div>\r\n[\/vc_column_text][\/vc_column][vc_column width=\u00a0\u00bb1\/4&Prime;][vc_single_image image=\u00a0\u00bb16114&Prime;][\/vc_column][vc_column width=\u00a0\u00bb1\/4&Prime;][vc_column_text]\r\n<div class=\"title\"><strong>La Franchise<\/strong><\/div>\r\n<div class=\"auteur\"><span class=\"auteurTitle\">Auteur :&nbsp;<\/span>Gilbert MELLINGER<\/div>\r\n<div>Date de parution: 2010<\/div>\r\n[\/vc_column_text][\/vc_column][\/vc_row][vc_row][vc_column width=\u00a0\u00bb1\/4&Prime;][vc_single_image image=\u00a0\u00bb16118&Prime;][vc_column_text]\r\n\r\nI am text block. Click edit button to change this text. Lorem ipsum dolor sit amet, consectetur adipiscing elit. Ut elit tellus, luctus nec ullamcorper mattis, pulvinar dapibus leo.\r\n\r\n[\/vc_column_text][\/vc_column][vc_column width=\u00a0\u00bb1\/4&Prime;][vc_column_text]\r\n<div class=\"title\">\r\n<div class=\"title\">\r\n<div class=\"title\"><strong>Le Tour de la franchise en 60 questions<\/strong><\/div>\r\n<div class=\"auteur\"><span class=\"auteurTitle\">Auteur :&nbsp;<\/span>Andr\u00e9 LOMBART \u2013 Dominique SERVAIS<\/div>\r\n<div>Date de parution : 2006<\/div>\r\n<div class=\"summary\">Avant de se lancer dans la franchise, de nombreuses questions sont \u00e0 envisager. Cet ouvrage apporte des r\u00e9ponses pratiques et circonstanci\u00e9es et tient \u00e9galement compte avec la loi sur l\u2019information pr\u00e9contractuelle.<\/div>\r\n<\/div>\r\n<\/div>\r\n[\/vc_column_text][\/vc_column][vc_column width=\u00a0\u00bb1\/4&Prime;][vc_single_image image=\u00a0\u00bb16120&Prime;][\/vc_column][vc_column width=\u00a0\u00bb1\/4&Prime;][vc_column_text]\r\n<div class=\"title\">\r\n<div class=\"title\">\r\n<div class=\"title\"><b><strong>E-commerce et r\u00e9seaux de franchise<\/strong>\r\n<\/b>Auteurs: R\u00e9mi de Balmann, Fr\u00e9d\u00e9ric Fournier, Gilbert Mellinger, Eric Schahl&nbsp;<\/div>\r\n<div>Parution 1\/01\/2012<\/div>\r\n<\/div>\r\n<\/div>\r\n[\/vc_column_text][\/vc_column][\/vc_row][vc_row][vc_column][vc_column_text]\r\n<h1>L\u00e9gislation<\/h1>\r\n[\/vc_column_text][\/vc_column][\/vc_row][vc_row][vc_column width=\u00a0\u00bb1\/2&Prime;][vc_column_text]<strong>Code de d\u00e9ontologie europ\u00e9en<\/strong>[\/vc_column_text][vc_column_text]Ce <a href=\"https:\/\/www.fbf-bff.be\/fr\/franchise\/code-de-deontologie-europeen-de-la-franchise\/\" target=\"_blank\" rel=\"noopener\">Code de D\u00e9ontologie Europ\u00e9en<\/a> est la mise \u00e0 jour du Code cr\u00e9\u00e9 en 1972 par la F\u00e9d\u00e9ration Europ\u00e9enne de la Franchise ( EFF).\r\nChaque F\u00e9d\u00e9ration ou Association nationale de l\u2019<a href=\"http:\/\/www.eff-franchise.com\/\">EFF<\/a>&nbsp;a particip\u00e9 \u00e0 sa r\u00e9daction et en assure la promotion, l\u2019interpr\u00e9tation et l\u2019adaptation utiles dans son propre pays.\r\nCe Code de D\u00e9ontologie se veut \u00eatre un code des bons usages et de bonne conduite des utilisateurs de la franchise en Europe.[\/vc_column_text][\/vc_column][vc_column width=\u00a0\u00bb1\/2&Prime;][vc_column_text]<strong>Loi du 2 avril 2014<\/strong>[\/vc_column_text][vc_column_text]Consultez <a href=\"https:\/\/franchisingbelgium.be\/wp-content\/uploads\/2016\/03\/loi-D.I.P.-28-05-2014.pdf\" target=\"_blank\" rel=\"noopener\">la loi du 2 avril 2014 relative \u00e0 l\u2019information pr\u00e9contractuelle<\/a>.[\/vc_column_text][\/vc_column][\/vc_row]","protected":false},"excerpt":{"rendered":"<p>[vc_row][vc_column][vc_column_text]Que vous soyez en train de vous lancer en franchise ou d\u00e9j\u00e0 franchis\u00e9 ou franchiseur, retrouvez ici des ressources et outils vous permettant de d\u00e9couvrir ou approfondir votre connaissance de la franchise[\/vc_column_text][\/vc_column][\/vc_row][vc_row el_id=\u00a0\u00bbvideos\u00a0\u00bb][vc_column][vc_column_text]<br \/>\nVid\u00e9os<br \/>\n[\/vc_column_text][\/vc_column][\/vc_row][vc_row][vc_column width=\u00a0\u00bb1\/2&Prime;][vc_video link=\u00a0\u00bbhttps:\/\/www.youtube.com\/watch?v=VAy0Ot4KPX0&amp;t=1s\u00a0\u00bb][\/vc_column][vc_column width=\u00a0\u00bb1\/2&Prime;][vc_custom_heading text=\u00a0\u00bbQu&rsquo;est-ce que la franchise ?\u00a0\u00bb font_container=\u00a0\u00bbtag:h2|font_size:14|text_align:left|color:%2320517c\u00a0\u00bb google_fonts=\u00a0\u00bbfont_family:Open%20Sans%3A300%2C300italic%2Cregular%2Citalic%2C600%2C600italic%2C700%2C700italic%2C800%2C800italic|font_style:700%20bold%20regular%3A700%3Anormal\u00a0\u00bb][vc_column_text]Qu&rsquo;est-ce que la franchise ?<br \/>\nD\u00e9couvrez &#8230;<\/p>\n","protected":false},"author":1,"featured_media":0,"parent":0,"menu_order":0,"comment_status":"closed","ping_status":"closed","template":"","meta":{"ngg_post_thumbnail":0,"footnotes":""},"acf":[],"yoast_head":"<!-- This site is optimized with the Yoast SEO plugin v23.5 - https:\/\/yoast.com\/wordpress\/plugins\/seo\/ -->\n<title>Vid\u00e9os, ouvrages et publications - F\u00e9d\u00e9ration Belge de la Franchise<\/title>\n<meta name=\"description\" content=\"Retrouvez ici les outils, ressources vid\u00e9os, livres et publications pour d\u00e9couvrir et approfondir votre connaissance de la franchise\" \/>\n<meta name=\"robots\" content=\"index, follow, max-snippet:-1, max-image-preview:large, max-video-preview:-1\" \/>\n<link rel=\"canonical\" href=\"https:\/\/www.fbf-bff.be\/fr\/resources\/\" \/>\n<meta property=\"og:locale\" content=\"fr_FR\" \/>\n<meta property=\"og:type\" content=\"article\" \/>\n<meta property=\"og:title\" content=\"Vid\u00e9os, ouvrages et publications - F\u00e9d\u00e9ration Belge de la Franchise\" \/>\n<meta property=\"og:description\" content=\"Retrouvez ici les outils, ressources vid\u00e9os, livres et publications pour d\u00e9couvrir et approfondir votre connaissance de la franchise\" \/>\n<meta property=\"og:url\" content=\"https:\/\/www.fbf-bff.be\/fr\/resources\/\" \/>\n<meta property=\"og:site_name\" content=\"F\u00e9d\u00e9ration Belge de la Franchise\" \/>\n<meta property=\"article:modified_time\" content=\"2024-02-02T13:39:25+00:00\" \/>\n<meta property=\"og:image\" content=\"https:\/\/www.fbf-bff.be\/wp-content\/uploads\/2017\/06\/fbf-bff-fb-cover.jpg\" \/>\n\t<meta property=\"og:image:width\" content=\"1200\" \/>\n\t<meta property=\"og:image:height\" content=\"630\" \/>\n\t<meta property=\"og:image:type\" content=\"image\/jpeg\" \/>\n<meta name=\"twitter:card\" content=\"summary_large_image\" \/>\n<meta name=\"twitter:label1\" content=\"Dur\u00e9e de lecture estim\u00e9e\" \/>\n\t<meta name=\"twitter:data1\" content=\"4 minutes\" \/>\n<script type=\"application\/ld+json\" class=\"yoast-schema-graph\">{\"@context\":\"https:\/\/schema.org\",\"@graph\":[{\"@type\":\"WebPage\",\"@id\":\"https:\/\/www.fbf-bff.be\/fr\/resources\/\",\"url\":\"https:\/\/www.fbf-bff.be\/fr\/resources\/\",\"name\":\"Vid\u00e9os, ouvrages et publications - F\u00e9d\u00e9ration Belge de la Franchise\",\"isPartOf\":{\"@id\":\"https:\/\/www.fbf-bff.be\/#website\"},\"datePublished\":\"2022-08-04T12:45:44+00:00\",\"dateModified\":\"2024-02-02T13:39:25+00:00\",\"description\":\"Retrouvez ici les outils, ressources vid\u00e9os, livres et publications pour d\u00e9couvrir et approfondir votre connaissance de la franchise\",\"breadcrumb\":{\"@id\":\"https:\/\/www.fbf-bff.be\/fr\/resources\/#breadcrumb\"},\"inLanguage\":\"fr-FR\",\"potentialAction\":[{\"@type\":\"ReadAction\",\"target\":[\"https:\/\/www.fbf-bff.be\/fr\/resources\/\"]}]},{\"@type\":\"BreadcrumbList\",\"@id\":\"https:\/\/www.fbf-bff.be\/fr\/resources\/#breadcrumb\",\"itemListElement\":[{\"@type\":\"ListItem\",\"position\":1,\"name\":\"Home\",\"item\":\"https:\/\/www.fbf-bff.be\/fr\/\"},{\"@type\":\"ListItem\",\"position\":2,\"name\":\"Ressources\"}]},{\"@type\":\"WebSite\",\"@id\":\"https:\/\/www.fbf-bff.be\/#website\",\"url\":\"https:\/\/www.fbf-bff.be\/\",\"name\":\"F\u00e9d\u00e9ration Belge de la Franchise\",\"description\":\"Pour r\u00e9ussir ensemblee\",\"potentialAction\":[{\"@type\":\"SearchAction\",\"target\":{\"@type\":\"EntryPoint\",\"urlTemplate\":\"https:\/\/www.fbf-bff.be\/?s={search_term_string}\"},\"query-input\":{\"@type\":\"PropertyValueSpecification\",\"valueRequired\":true,\"valueName\":\"search_term_string\"}}],\"inLanguage\":\"fr-FR\"}]}<\/script>\n<!-- \/ Yoast SEO plugin. -->","yoast_head_json":{"title":"Vid\u00e9os, ouvrages et publications - F\u00e9d\u00e9ration Belge de la Franchise","description":"Retrouvez ici les outils, ressources vid\u00e9os, livres et publications pour d\u00e9couvrir et approfondir votre connaissance de la franchise","robots":{"index":"index","follow":"follow","max-snippet":"max-snippet:-1","max-image-preview":"max-image-preview:large","max-video-preview":"max-video-preview:-1"},"canonical":"https:\/\/www.fbf-bff.be\/fr\/resources\/","og_locale":"fr_FR","og_type":"article","og_title":"Vid\u00e9os, ouvrages et publications - F\u00e9d\u00e9ration Belge de la Franchise","og_description":"Retrouvez ici les outils, ressources vid\u00e9os, livres et publications pour d\u00e9couvrir et approfondir votre connaissance de la franchise","og_url":"https:\/\/www.fbf-bff.be\/fr\/resources\/","og_site_name":"F\u00e9d\u00e9ration Belge de la Franchise","article_modified_time":"2024-02-02T13:39:25+00:00","og_image":[{"width":1200,"height":630,"url":"https:\/\/www.fbf-bff.be\/wp-content\/uploads\/2017\/06\/fbf-bff-fb-cover.jpg","type":"image\/jpeg"}],"twitter_card":"summary_large_image","twitter_misc":{"Dur\u00e9e de lecture estim\u00e9e":"4 minutes"},"schema":{"@context":"https:\/\/schema.org","@graph":[{"@type":"WebPage","@id":"https:\/\/www.fbf-bff.be\/fr\/resources\/","url":"https:\/\/www.fbf-bff.be\/fr\/resources\/","name":"Vid\u00e9os, ouvrages et publications - F\u00e9d\u00e9ration Belge de la Franchise","isPartOf":{"@id":"https:\/\/www.fbf-bff.be\/#website"},"datePublished":"2022-08-04T12:45:44+00:00","dateModified":"2024-02-02T13:39:25+00:00","description":"Retrouvez ici les outils, ressources vid\u00e9os, livres et publications pour d\u00e9couvrir et approfondir votre connaissance de la franchise","breadcrumb":{"@id":"https:\/\/www.fbf-bff.be\/fr\/resources\/#breadcrumb"},"inLanguage":"fr-FR","potentialAction":[{"@type":"ReadAction","target":["https:\/\/www.fbf-bff.be\/fr\/resources\/"]}]},{"@type":"BreadcrumbList","@id":"https:\/\/www.fbf-bff.be\/fr\/resources\/#breadcrumb","itemListElement":[{"@type":"ListItem","position":1,"name":"Home","item":"https:\/\/www.fbf-bff.be\/fr\/"},{"@type":"ListItem","position":2,"name":"Ressources"}]},{"@type":"WebSite","@id":"https:\/\/www.fbf-bff.be\/#website","url":"https:\/\/www.fbf-bff.be\/","name":"F\u00e9d\u00e9ration Belge de la Franchise","description":"Pour r\u00e9ussir ensemblee","potentialAction":[{"@type":"SearchAction","target":{"@type":"EntryPoint","urlTemplate":"https:\/\/www.fbf-bff.be\/?s={search_term_string}"},"query-input":{"@type":"PropertyValueSpecification","valueRequired":true,"valueName":"search_term_string"}}],"inLanguage":"fr-FR"}]}},"_links":{"self":[{"href":"https:\/\/www.fbf-bff.be\/fr\/wp-json\/wp\/v2\/pages\/13594"}],"collection":[{"href":"https:\/\/www.fbf-bff.be\/fr\/wp-json\/wp\/v2\/pages"}],"about":[{"href":"https:\/\/www.fbf-bff.be\/fr\/wp-json\/wp\/v2\/types\/page"}],"author":[{"embeddable":true,"href":"https:\/\/www.fbf-bff.be\/fr\/wp-json\/wp\/v2\/users\/1"}],"replies":[{"embeddable":true,"href":"https:\/\/www.fbf-bff.be\/fr\/wp-json\/wp\/v2\/comments?post=13594"}],"version-history":[{"count":18,"href":"https:\/\/www.fbf-bff.be\/fr\/wp-json\/wp\/v2\/pages\/13594\/revisions"}],"predecessor-version":[{"id":16958,"href":"https:\/\/www.fbf-bff.be\/fr\/wp-json\/wp\/v2\/pages\/13594\/revisions\/16958"}],"wp:attachment":[{"href":"https:\/\/www.fbf-bff.be\/fr\/wp-json\/wp\/v2\/media?parent=13594"}],"curies":[{"name":"wp","href":"https:\/\/api.w.org\/{rel}","templated":true}]}}