{"id":1174,"date":"2017-04-25T13:07:20","date_gmt":"2017-04-25T13:07:20","guid":{"rendered":"https:\/\/www.fbf-bff.be\/?page_id=1174\/"},"modified":"2023-12-12T13:38:56","modified_gmt":"2023-12-12T12:38:56","slug":"membres-starters","status":"publish","type":"page","link":"https:\/\/www.fbf-bff.be\/fr\/membres\/membres-starters\/","title":{"rendered":"Membres Starters"},"content":{"rendered":"[vc_row][vc_column][vc_column_text]\r\n<h1><span style=\"color: #000080;\">Les membres Starters et l&rsquo;assistance propos\u00e9e par la FBF<\/span><\/h1>\r\nLe statut \u00ab Starter \u00bb est accord\u00e9 \u00e0 une firme qui d\u00e9marre un projet de franchise sans r\u00e9pondre encore aux crit\u00e8res d\u2019un membre Junior ou Effectif, mais qui a l\u2019intention de s\u2019y conformer dans les 2 ans.\r\n\r\nLa volont\u00e9 de la FBF de voir la franchise exerc\u00e9e de mani\u00e8re professionnelle et en conformit\u00e9 avec le <a href=\"https:\/\/www.fbf-bff.be\/opportunites\/code-de-deontologie-fbf\/\" class=\"broken_link\">Code de D\u00e9ontologie Europ\u00e9en<\/a> sous la devise \u00ab In franchising, even the best is not enough ! \u00bb est \u00e0 la base du statut \u00ab Starter \u00bb cr\u00e9\u00e9 pour une nouvelle cat\u00e9gorie de membres.\r\n<h2><span style=\"color: #99cc00;\">Comment obtenir le statut \u00ab Starter \u00bb ?<\/span><\/h2>\r\n<span style=\"color: #000080;\">PROCEDURE D\u2019ADMISSION<\/span>\r\n<ol>\r\n \t<li>Le candidat membre \u00ab Starter \u00bb est invit\u00e9, suite \u00e0 un premier contact avec la FBF, \u00e0 renvoyer au secr\u00e9tariat une fiche de renseignements, d\u00fbment compl\u00e9t\u00e9e.<\/li>\r\n \t<li>En m\u00eame temps le candidat est invit\u00e9 \u00e0 verser la somme de 300 \u20ac (acompte sur la cotisation annuelle) au compte BE75 2100 6657 1051 de la FBF. Ce versement lui donne droit :<\/li>\r\n<\/ol>\r\n<ul>\r\n \t<li style=\"list-style-type: none;\">\r\n<ul>\r\n \t<li>\u00e0 la participation au s\u00e9minaire \u00ab Se lancer en Franchise \u00bb aux conditions tarifaires privil\u00e9gi\u00e9es des membres de la F\u00e9d\u00e9ration.<\/li>\r\n \t<li>\u00e0 une rencontre avec un expert d\u00e9l\u00e9gu\u00e9 par la F\u00e9d\u00e9ration.<\/li>\r\n<\/ul>\r\n<\/li>\r\n<\/ul>\r\n<ol start=\"3\">\r\n \t<li>La F\u00e9d\u00e9ration d\u00e9l\u00e8gue un consultant-expert en franchise, membre de la FBF, aupr\u00e8s du candidat, afin de lui pr\u00e9senter plus avant le syst\u00e8me de franchise et son <a href=\"https:\/\/www.fbf-bff.be\/opportunites\/code-de-deontologie-fbf\/\" class=\"broken_link\">Code de D\u00e9ontologie<\/a> ainsi que les \u00e9l\u00e9ments devant \u00eatre mis en avant pour la pr\u00e9sentation de son projet, \u00e0 savoir :<\/li>\r\n<\/ol>\r\n<ul>\r\n \t<li style=\"list-style-type: none;\">\r\n<ul>\r\n \t<li>le contrat de franchise<\/li>\r\n \t<li>le business plan<\/li>\r\n \t<li>le concept (manuels, \u2026)<\/li>\r\n \t<li>les informations relatives au projet pilote.<\/li>\r\n<\/ul>\r\n<\/li>\r\n<\/ul>\r\n<p style=\"padding-left: 40px;\">L\u2019expert remettra \u00e0 la Commission d\u2019admission un rapport d\u2019appr\u00e9ciation concernant le projet du candidat.<\/p>\r\n\r\n<ol start=\"4\">\r\n \t<li>La Commission examine la candidature sur base du dossier remis par le candidat et de celui remis par le consultant-expert. Elle donne ou non son agr\u00e9ment \u00e0 la candidature. Si le dossier de motivation est refus\u00e9, le candidat en est avis\u00e9. Il pourra r\u00e9introduire sa demande durant l\u2019ann\u00e9e en cours en renvoyant un nouveau dossier.<\/li>\r\n \t<li>C\u2019est le Conseil d\u2019Administration qui, sur proposition de la Commission d\u2019admission, statue en dernier ressort quant \u00e0 l\u2019agr\u00e9ment d\u2019un membre \u00ab Starter \u00bb.<\/li>\r\n<\/ol>\r\n<span style=\"color: #000080;\">MEMBRE STARTER DE LA F.B.F.<\/span>\r\n\r\nA dater de son agr\u00e9ment par le Conseil d\u2019Administration, le candidat b\u00e9n\u00e9ficie effectivement du statut de \u00ab Starter \u00bb apr\u00e8s versement du solde de sa cotisation annuelle.&nbsp; Durant les deux ans qui suivront son agr\u00e9ation, le \u00ab Starter \u00bb pourra, sur demande et chaque semestre, faire le point sur l\u2019\u00e9tat d\u2019avancement de son projet avec un franchiseur qu\u2019il aura rencontr\u00e9 au pr\u00e9alable, le mentor.\r\n\r\nLa cotisation \u00ab Starter \u00bb donne droit aux avantages dont b\u00e9n\u00e9ficient les membres de la F\u00e9d\u00e9ration sans qu\u2019elle implique la reconnaissance officielle de l\u2019int\u00e9ress\u00e9 en tant que Franchiseur membre de la F\u00e9d\u00e9ration. Cette qualit\u00e9 lui sera reconnue d\u00e8s le moment o\u00f9 il acc\u00e9dera au statut de membre \u00ab JUNIOR \u00bb.\r\n\r\nLe statut de \u00ab Starter\u00bb est conc\u00e9d\u00e9 pour une p\u00e9riode de deux ann\u00e9es cons\u00e9cutives maximum. En suite de quoi, la soci\u00e9t\u00e9 concern\u00e9e soit acc\u00e8de au statut de \u00ab Junior\u00bb si elle en remplit les crit\u00e8res ou alors elle cesse de b\u00e9n\u00e9ficier du statut de \u00abStarter\u00bb.\r\n\r\nConsultez ici nos <a href=\"https:\/\/www.fbf-bff.be\/wp-content\/uploads\/2023\/12\/Tarifs-2024.pdf\" target=\"_blank\" rel=\"noopener\">tarifs de cotisation 2024<\/a> et les <a href=\"https:\/\/www.fbf-bff.be\/fr\/federation\/statuts\/\">statuts de la FBF<\/a>\r\n\r\n&nbsp;[\/vc_column_text][\/vc_column][\/vc_row]","protected":false},"excerpt":{"rendered":"<p>[vc_row][vc_column][vc_column_text]<br \/>\nLes membres Starters et l&rsquo;assistance propos\u00e9e par la FBF<br \/>\nLe statut \u00ab Starter \u00bb est accord\u00e9 \u00e0 une firme qui d\u00e9marre un projet de franchise sans r\u00e9pondre encore aux crit\u00e8res d\u2019un membre Junior ou Effectif, mais qui a l\u2019intention de s\u2019y conformer dans les 2 ans.<\/p>\n<p>La volont\u00e9 &#8230;<\/p>\n","protected":false},"author":2,"featured_media":0,"parent":525,"menu_order":0,"comment_status":"closed","ping_status":"closed","template":"template_leftnav.php","meta":{"ngg_post_thumbnail":0,"footnotes":""},"acf":[],"yoast_head":"<!-- This site is optimized with the Yoast SEO plugin v23.5 - https:\/\/yoast.com\/wordpress\/plugins\/seo\/ -->\n<title>Membres Starters - F\u00e9d\u00e9ration Belge de la Franchise<\/title>\n<meta name=\"description\" content=\"Comment devient-on membre Starter de la F\u00e9d\u00e9ration Belge de la Franchise ? Candidature, conditions d&#039;admission, avantages, accompagnement de la F\u00e9d\u00e9ration.\" \/>\n<meta name=\"robots\" content=\"index, follow, max-snippet:-1, max-image-preview:large, max-video-preview:-1\" \/>\n<link rel=\"canonical\" href=\"https:\/\/www.fbf-bff.be\/fr\/membres\/membres-starters\/\" \/>\n<meta property=\"og:locale\" content=\"fr_FR\" \/>\n<meta property=\"og:type\" content=\"article\" \/>\n<meta property=\"og:title\" content=\"Membres Starters - F\u00e9d\u00e9ration Belge de la Franchise\" \/>\n<meta property=\"og:description\" content=\"Comment devient-on membre Starter de la F\u00e9d\u00e9ration Belge de la Franchise ? Candidature, conditions d&#039;admission, avantages, accompagnement de la F\u00e9d\u00e9ration.\" \/>\n<meta property=\"og:url\" content=\"https:\/\/www.fbf-bff.be\/fr\/membres\/membres-starters\/\" \/>\n<meta property=\"og:site_name\" content=\"F\u00e9d\u00e9ration Belge de la Franchise\" \/>\n<meta property=\"article:modified_time\" content=\"2023-12-12T12:38:56+00:00\" \/>\n<meta property=\"og:image\" content=\"https:\/\/www.fbf-bff.be\/wp-content\/uploads\/2017\/06\/fbf-bff-fb-cover.jpg\" \/>\n\t<meta property=\"og:image:width\" content=\"1200\" \/>\n\t<meta property=\"og:image:height\" content=\"630\" \/>\n\t<meta property=\"og:image:type\" content=\"image\/jpeg\" \/>\n<meta name=\"twitter:card\" content=\"summary_large_image\" \/>\n<meta name=\"twitter:label1\" content=\"Dur\u00e9e de lecture estim\u00e9e\" \/>\n\t<meta name=\"twitter:data1\" content=\"3 minutes\" \/>\n<script type=\"application\/ld+json\" class=\"yoast-schema-graph\">{\"@context\":\"https:\/\/schema.org\",\"@graph\":[{\"@type\":\"WebPage\",\"@id\":\"https:\/\/www.fbf-bff.be\/fr\/membres\/membres-starters\/\",\"url\":\"https:\/\/www.fbf-bff.be\/fr\/membres\/membres-starters\/\",\"name\":\"Membres Starters - F\u00e9d\u00e9ration Belge de la Franchise\",\"isPartOf\":{\"@id\":\"https:\/\/www.fbf-bff.be\/#website\"},\"datePublished\":\"2017-04-25T13:07:20+00:00\",\"dateModified\":\"2023-12-12T12:38:56+00:00\",\"description\":\"Comment devient-on membre Starter de la F\u00e9d\u00e9ration Belge de la Franchise ? Candidature, conditions d'admission, avantages, accompagnement de la F\u00e9d\u00e9ration.\",\"breadcrumb\":{\"@id\":\"https:\/\/www.fbf-bff.be\/fr\/membres\/membres-starters\/#breadcrumb\"},\"inLanguage\":\"fr-FR\",\"potentialAction\":[{\"@type\":\"ReadAction\",\"target\":[\"https:\/\/www.fbf-bff.be\/fr\/membres\/membres-starters\/\"]}]},{\"@type\":\"BreadcrumbList\",\"@id\":\"https:\/\/www.fbf-bff.be\/fr\/membres\/membres-starters\/#breadcrumb\",\"itemListElement\":[{\"@type\":\"ListItem\",\"position\":1,\"name\":\"Home\",\"item\":\"https:\/\/www.fbf-bff.be\/fr\/\"},{\"@type\":\"ListItem\",\"position\":2,\"name\":\"Membres\",\"item\":\"https:\/\/www.fbf-bff.be\/fr\/membres\/\"},{\"@type\":\"ListItem\",\"position\":3,\"name\":\"Membres Starters\"}]},{\"@type\":\"WebSite\",\"@id\":\"https:\/\/www.fbf-bff.be\/#website\",\"url\":\"https:\/\/www.fbf-bff.be\/\",\"name\":\"F\u00e9d\u00e9ration Belge de la Franchise\",\"description\":\"Pour r\u00e9ussir ensemblee\",\"potentialAction\":[{\"@type\":\"SearchAction\",\"target\":{\"@type\":\"EntryPoint\",\"urlTemplate\":\"https:\/\/www.fbf-bff.be\/?s={search_term_string}\"},\"query-input\":{\"@type\":\"PropertyValueSpecification\",\"valueRequired\":true,\"valueName\":\"search_term_string\"}}],\"inLanguage\":\"fr-FR\"}]}<\/script>\n<!-- \/ Yoast SEO plugin. -->","yoast_head_json":{"title":"Membres Starters - F\u00e9d\u00e9ration Belge de la Franchise","description":"Comment devient-on membre Starter de la F\u00e9d\u00e9ration Belge de la Franchise ? Candidature, conditions d'admission, avantages, accompagnement de la F\u00e9d\u00e9ration.","robots":{"index":"index","follow":"follow","max-snippet":"max-snippet:-1","max-image-preview":"max-image-preview:large","max-video-preview":"max-video-preview:-1"},"canonical":"https:\/\/www.fbf-bff.be\/fr\/membres\/membres-starters\/","og_locale":"fr_FR","og_type":"article","og_title":"Membres Starters - F\u00e9d\u00e9ration Belge de la Franchise","og_description":"Comment devient-on membre Starter de la F\u00e9d\u00e9ration Belge de la Franchise ? Candidature, conditions d'admission, avantages, accompagnement de la F\u00e9d\u00e9ration.","og_url":"https:\/\/www.fbf-bff.be\/fr\/membres\/membres-starters\/","og_site_name":"F\u00e9d\u00e9ration Belge de la Franchise","article_modified_time":"2023-12-12T12:38:56+00:00","og_image":[{"width":1200,"height":630,"url":"https:\/\/www.fbf-bff.be\/wp-content\/uploads\/2017\/06\/fbf-bff-fb-cover.jpg","type":"image\/jpeg"}],"twitter_card":"summary_large_image","twitter_misc":{"Dur\u00e9e de lecture estim\u00e9e":"3 minutes"},"schema":{"@context":"https:\/\/schema.org","@graph":[{"@type":"WebPage","@id":"https:\/\/www.fbf-bff.be\/fr\/membres\/membres-starters\/","url":"https:\/\/www.fbf-bff.be\/fr\/membres\/membres-starters\/","name":"Membres Starters - F\u00e9d\u00e9ration Belge de la Franchise","isPartOf":{"@id":"https:\/\/www.fbf-bff.be\/#website"},"datePublished":"2017-04-25T13:07:20+00:00","dateModified":"2023-12-12T12:38:56+00:00","description":"Comment devient-on membre Starter de la F\u00e9d\u00e9ration Belge de la Franchise ? Candidature, conditions d'admission, avantages, accompagnement de la F\u00e9d\u00e9ration.","breadcrumb":{"@id":"https:\/\/www.fbf-bff.be\/fr\/membres\/membres-starters\/#breadcrumb"},"inLanguage":"fr-FR","potentialAction":[{"@type":"ReadAction","target":["https:\/\/www.fbf-bff.be\/fr\/membres\/membres-starters\/"]}]},{"@type":"BreadcrumbList","@id":"https:\/\/www.fbf-bff.be\/fr\/membres\/membres-starters\/#breadcrumb","itemListElement":[{"@type":"ListItem","position":1,"name":"Home","item":"https:\/\/www.fbf-bff.be\/fr\/"},{"@type":"ListItem","position":2,"name":"Membres","item":"https:\/\/www.fbf-bff.be\/fr\/membres\/"},{"@type":"ListItem","position":3,"name":"Membres Starters"}]},{"@type":"WebSite","@id":"https:\/\/www.fbf-bff.be\/#website","url":"https:\/\/www.fbf-bff.be\/","name":"F\u00e9d\u00e9ration Belge de la Franchise","description":"Pour r\u00e9ussir ensemblee","potentialAction":[{"@type":"SearchAction","target":{"@type":"EntryPoint","urlTemplate":"https:\/\/www.fbf-bff.be\/?s={search_term_string}"},"query-input":{"@type":"PropertyValueSpecification","valueRequired":true,"valueName":"search_term_string"}}],"inLanguage":"fr-FR"}]}},"_links":{"self":[{"href":"https:\/\/www.fbf-bff.be\/fr\/wp-json\/wp\/v2\/pages\/1174"}],"collection":[{"href":"https:\/\/www.fbf-bff.be\/fr\/wp-json\/wp\/v2\/pages"}],"about":[{"href":"https:\/\/www.fbf-bff.be\/fr\/wp-json\/wp\/v2\/types\/page"}],"author":[{"embeddable":true,"href":"https:\/\/www.fbf-bff.be\/fr\/wp-json\/wp\/v2\/users\/2"}],"replies":[{"embeddable":true,"href":"https:\/\/www.fbf-bff.be\/fr\/wp-json\/wp\/v2\/comments?post=1174"}],"version-history":[{"count":12,"href":"https:\/\/www.fbf-bff.be\/fr\/wp-json\/wp\/v2\/pages\/1174\/revisions"}],"predecessor-version":[{"id":16571,"href":"https:\/\/www.fbf-bff.be\/fr\/wp-json\/wp\/v2\/pages\/1174\/revisions\/16571"}],"up":[{"embeddable":true,"href":"https:\/\/www.fbf-bff.be\/fr\/wp-json\/wp\/v2\/pages\/525"}],"wp:attachment":[{"href":"https:\/\/www.fbf-bff.be\/fr\/wp-json\/wp\/v2\/media?parent=1174"}],"curies":[{"name":"wp","href":"https:\/\/api.w.org\/{rel}","templated":true}]}}