{"id":1166,"date":"2017-04-25T12:33:05","date_gmt":"2017-04-25T12:33:05","guid":{"rendered":"https:\/\/www.fbf-bff.be\/?page_id=1166\/"},"modified":"2023-12-12T13:37:00","modified_gmt":"2023-12-12T12:37:00","slug":"membres-junior","status":"publish","type":"page","link":"https:\/\/www.fbf-bff.be\/fr\/membres\/membres-junior\/","title":{"rendered":"Membres Junior"},"content":{"rendered":"[vc_row][vc_column][vc_column_text]\r\n<h1><span style=\"color: #000080;\">Vous \u00eates candidat&nbsp;Franchiseur?<\/span><\/h1>\r\nTout candidat franchiseur peut, sous certaines conditions, b\u00e9n\u00e9ficier d&rsquo;un coaching particulier de la F\u00e9d\u00e9ration afin :\r\n<ul>\r\n \t<li>d&rsquo;\u00e9tudier la faisabilit\u00e9 de son projet de franchise<\/li>\r\n \t<li>de faciliter le lancement du r\u00e9seau<\/li>\r\n<\/ul>\r\nLe candidat pr\u00e9sentera une requ\u00eate \u00e9crite et motiv\u00e9e au conseil d&rsquo;administration dans laquelle il se portera garant du respect de ces conditions.\r\n\r\nTout candidat membre \u00ab\u00a0effectif\u00a0\u00bb, r\u00e9pondant aux crit\u00e8res d&rsquo;admission, pourra d&rsquo;abord \u00eatre agr\u00e9\u00e9 comme membre \u00ab\u00a0junior\u00a0\u00bb, pendant une p\u00e9riode d&rsquo;essai d&rsquo;un an.\r\n\r\nLes membres juniors de la F\u00e9d\u00e9ration Belge de la Franchise peuvent apposer le logo de la F\u00e9d\u00e9ration sur tous leurs documents officiels.\r\n\r\nConsultez ici les <a href=\"https:\/\/www.fbf-bff.be\/wp-content\/uploads\/2023\/12\/Tarifs-2024.pdf\" target=\"_blank\" rel=\"noopener\">tarifs de cotisation 2024<\/a> et les&nbsp;<a href=\"https:\/\/www.fbf-bff.be\/fr\/federation\/statuts\/\" target=\"_blank\" rel=\"noopener noreferrer\">statuts de la FBF<\/a>.\r\n\r\n&nbsp;[\/vc_column_text][\/vc_column][\/vc_row][vc_row][vc_column]\r\n    <div class=\"formulas_grid_sc\">\r\n        <div class=\"formulas_grid_sc_inner equal-height\">\r\n                                                <div class=\"item has-border\" >\r\n                        <a href=\"https:\/\/www.fbf-bff.be\/fr\/formulas\/avenir-renovations\/\">\r\n                            <img decoding=\"async\" src=\"https:\/\/www.fbf-bff.be\/wp-content\/uploads\/2025\/06\/Copy-of-Copy-of-In-extenso-logo.png\" alt=\"AVENIR RENOVATIONS\">\r\n                        <\/a>\r\n                    <\/div>\r\n                                    <div class=\"item has-border\" >\r\n                        <a href=\"https:\/\/www.fbf-bff.be\/fr\/formulas\/coffee-beanz\/\">\r\n                            <img decoding=\"async\" src=\"https:\/\/www.fbf-bff.be\/wp-content\/uploads\/2024\/11\/1-1.jpg\" alt=\"Coffee Beanz\">\r\n                        <\/a>\r\n                    <\/div>\r\n                                    <div class=\"item has-border\" >\r\n                        <a href=\"https:\/\/www.fbf-bff.be\/fr\/formulas\/dierendonck-holding-sa\/\">\r\n                            <img decoding=\"async\" src=\"https:\/\/www.fbf-bff.be\/wp-content\/uploads\/2025\/07\/DIERENDONCK.png\" alt=\"Dierendonck Holding SA\">\r\n                        <\/a>\r\n                    <\/div>\r\n                                    <div class=\"item has-border\" >\r\n                        <a href=\"https:\/\/www.fbf-bff.be\/fr\/formulas\/frithouse\/\">\r\n                            <img decoding=\"async\" src=\"https:\/\/www.fbf-bff.be\/wp-content\/uploads\/2024\/03\/logo-r2.png\" alt=\"Frit&rsquo;House&rsquo;L\">\r\n                        <\/a>\r\n                    <\/div>\r\n                                    <div class=\"item has-border\" >\r\n                        <a href=\"https:\/\/www.fbf-bff.be\/fr\/formulas\/rapidautoglas-2\/\">\r\n                            <img decoding=\"async\" src=\"https:\/\/www.fbf-bff.be\/wp-content\/uploads\/2017\/02\/logo-1.png\" alt=\"Rapid Auto Glas\">\r\n                        <\/a>\r\n                    <\/div>\r\n                                    <div class=\"item has-border\" >\r\n                        <a href=\"https:\/\/www.fbf-bff.be\/fr\/formulas\/reparstores\/\">\r\n                            <img decoding=\"async\" src=\"https:\/\/www.fbf-bff.be\/wp-content\/uploads\/2024\/03\/logo-repar-stores-1.png\" alt=\"Repar&rsquo;stores\">\r\n                        <\/a>\r\n                    <\/div>\r\n                                <div class=\"cf\"><\/div>\r\n                    <\/div>\r\n    <\/div>\r\n\r\n    [\/vc_column][\/vc_row][vc_row][vc_column][vc_empty_space][\/vc_column][\/vc_row]","protected":false},"excerpt":{"rendered":"","protected":false},"author":2,"featured_media":0,"parent":525,"menu_order":0,"comment_status":"closed","ping_status":"closed","template":"template_leftnav.php","meta":{"ngg_post_thumbnail":0,"footnotes":""},"acf":[],"yoast_head":"<!-- This site is optimized with the Yoast SEO plugin v23.5 - https:\/\/yoast.com\/wordpress\/plugins\/seo\/ -->\n<title>Membres Junior - F\u00e9d\u00e9ration Belge de la Franchise<\/title>\n<meta name=\"description\" content=\"Avant de devenir un membre effectif de la FBF, un candidat membre peut b\u00e9n\u00e9ficier d&#039;un accompagnement d&#039;une ann\u00e9e en tant que membre Junior.\" \/>\n<meta name=\"robots\" content=\"index, follow, max-snippet:-1, max-image-preview:large, max-video-preview:-1\" \/>\n<link rel=\"canonical\" href=\"https:\/\/www.fbf-bff.be\/fr\/membres\/membres-junior\/\" \/>\n<meta property=\"og:locale\" content=\"fr_FR\" \/>\n<meta property=\"og:type\" content=\"article\" \/>\n<meta property=\"og:title\" content=\"Membres Junior - F\u00e9d\u00e9ration Belge de la Franchise\" \/>\n<meta property=\"og:description\" content=\"Avant de devenir un membre effectif de la FBF, un candidat membre peut b\u00e9n\u00e9ficier d&#039;un accompagnement d&#039;une ann\u00e9e en tant que membre Junior.\" \/>\n<meta property=\"og:url\" content=\"https:\/\/www.fbf-bff.be\/fr\/membres\/membres-junior\/\" \/>\n<meta property=\"og:site_name\" content=\"F\u00e9d\u00e9ration Belge de la Franchise\" \/>\n<meta property=\"article:modified_time\" content=\"2023-12-12T12:37:00+00:00\" \/>\n<meta property=\"og:image\" content=\"https:\/\/www.fbf-bff.be\/wp-content\/uploads\/2017\/06\/fbf-bff-fb-cover.jpg\" \/>\n\t<meta property=\"og:image:width\" content=\"1200\" \/>\n\t<meta property=\"og:image:height\" content=\"630\" \/>\n\t<meta property=\"og:image:type\" content=\"image\/jpeg\" \/>\n<meta name=\"twitter:card\" content=\"summary_large_image\" \/>\n<meta name=\"twitter:label1\" content=\"Dur\u00e9e de lecture estim\u00e9e\" \/>\n\t<meta name=\"twitter:data1\" content=\"1 minute\" \/>\n<script type=\"application\/ld+json\" class=\"yoast-schema-graph\">{\"@context\":\"https:\/\/schema.org\",\"@graph\":[{\"@type\":\"WebPage\",\"@id\":\"https:\/\/www.fbf-bff.be\/fr\/membres\/membres-junior\/\",\"url\":\"https:\/\/www.fbf-bff.be\/fr\/membres\/membres-junior\/\",\"name\":\"Membres Junior - F\u00e9d\u00e9ration Belge de la Franchise\",\"isPartOf\":{\"@id\":\"https:\/\/www.fbf-bff.be\/#website\"},\"datePublished\":\"2017-04-25T12:33:05+00:00\",\"dateModified\":\"2023-12-12T12:37:00+00:00\",\"description\":\"Avant de devenir un membre effectif de la FBF, un candidat membre peut b\u00e9n\u00e9ficier d'un accompagnement d'une ann\u00e9e en tant que membre Junior.\",\"breadcrumb\":{\"@id\":\"https:\/\/www.fbf-bff.be\/fr\/membres\/membres-junior\/#breadcrumb\"},\"inLanguage\":\"fr-FR\",\"potentialAction\":[{\"@type\":\"ReadAction\",\"target\":[\"https:\/\/www.fbf-bff.be\/fr\/membres\/membres-junior\/\"]}]},{\"@type\":\"BreadcrumbList\",\"@id\":\"https:\/\/www.fbf-bff.be\/fr\/membres\/membres-junior\/#breadcrumb\",\"itemListElement\":[{\"@type\":\"ListItem\",\"position\":1,\"name\":\"Home\",\"item\":\"https:\/\/www.fbf-bff.be\/fr\/\"},{\"@type\":\"ListItem\",\"position\":2,\"name\":\"Membres\",\"item\":\"https:\/\/www.fbf-bff.be\/fr\/membres\/\"},{\"@type\":\"ListItem\",\"position\":3,\"name\":\"Membres Junior\"}]},{\"@type\":\"WebSite\",\"@id\":\"https:\/\/www.fbf-bff.be\/#website\",\"url\":\"https:\/\/www.fbf-bff.be\/\",\"name\":\"F\u00e9d\u00e9ration Belge de la Franchise\",\"description\":\"Pour r\u00e9ussir ensemblee\",\"potentialAction\":[{\"@type\":\"SearchAction\",\"target\":{\"@type\":\"EntryPoint\",\"urlTemplate\":\"https:\/\/www.fbf-bff.be\/?s={search_term_string}\"},\"query-input\":{\"@type\":\"PropertyValueSpecification\",\"valueRequired\":true,\"valueName\":\"search_term_string\"}}],\"inLanguage\":\"fr-FR\"}]}<\/script>\n<!-- \/ Yoast SEO plugin. -->","yoast_head_json":{"title":"Membres Junior - F\u00e9d\u00e9ration Belge de la Franchise","description":"Avant de devenir un membre effectif de la FBF, un candidat membre peut b\u00e9n\u00e9ficier d'un accompagnement d'une ann\u00e9e en tant que membre Junior.","robots":{"index":"index","follow":"follow","max-snippet":"max-snippet:-1","max-image-preview":"max-image-preview:large","max-video-preview":"max-video-preview:-1"},"canonical":"https:\/\/www.fbf-bff.be\/fr\/membres\/membres-junior\/","og_locale":"fr_FR","og_type":"article","og_title":"Membres Junior - F\u00e9d\u00e9ration Belge de la Franchise","og_description":"Avant de devenir un membre effectif de la FBF, un candidat membre peut b\u00e9n\u00e9ficier d'un accompagnement d'une ann\u00e9e en tant que membre Junior.","og_url":"https:\/\/www.fbf-bff.be\/fr\/membres\/membres-junior\/","og_site_name":"F\u00e9d\u00e9ration Belge de la Franchise","article_modified_time":"2023-12-12T12:37:00+00:00","og_image":[{"width":1200,"height":630,"url":"https:\/\/www.fbf-bff.be\/wp-content\/uploads\/2017\/06\/fbf-bff-fb-cover.jpg","type":"image\/jpeg"}],"twitter_card":"summary_large_image","twitter_misc":{"Dur\u00e9e de lecture estim\u00e9e":"1 minute"},"schema":{"@context":"https:\/\/schema.org","@graph":[{"@type":"WebPage","@id":"https:\/\/www.fbf-bff.be\/fr\/membres\/membres-junior\/","url":"https:\/\/www.fbf-bff.be\/fr\/membres\/membres-junior\/","name":"Membres Junior - F\u00e9d\u00e9ration Belge de la Franchise","isPartOf":{"@id":"https:\/\/www.fbf-bff.be\/#website"},"datePublished":"2017-04-25T12:33:05+00:00","dateModified":"2023-12-12T12:37:00+00:00","description":"Avant de devenir un membre effectif de la FBF, un candidat membre peut b\u00e9n\u00e9ficier d'un accompagnement d'une ann\u00e9e en tant que membre Junior.","breadcrumb":{"@id":"https:\/\/www.fbf-bff.be\/fr\/membres\/membres-junior\/#breadcrumb"},"inLanguage":"fr-FR","potentialAction":[{"@type":"ReadAction","target":["https:\/\/www.fbf-bff.be\/fr\/membres\/membres-junior\/"]}]},{"@type":"BreadcrumbList","@id":"https:\/\/www.fbf-bff.be\/fr\/membres\/membres-junior\/#breadcrumb","itemListElement":[{"@type":"ListItem","position":1,"name":"Home","item":"https:\/\/www.fbf-bff.be\/fr\/"},{"@type":"ListItem","position":2,"name":"Membres","item":"https:\/\/www.fbf-bff.be\/fr\/membres\/"},{"@type":"ListItem","position":3,"name":"Membres Junior"}]},{"@type":"WebSite","@id":"https:\/\/www.fbf-bff.be\/#website","url":"https:\/\/www.fbf-bff.be\/","name":"F\u00e9d\u00e9ration Belge de la Franchise","description":"Pour r\u00e9ussir ensemblee","potentialAction":[{"@type":"SearchAction","target":{"@type":"EntryPoint","urlTemplate":"https:\/\/www.fbf-bff.be\/?s={search_term_string}"},"query-input":{"@type":"PropertyValueSpecification","valueRequired":true,"valueName":"search_term_string"}}],"inLanguage":"fr-FR"}]}},"_links":{"self":[{"href":"https:\/\/www.fbf-bff.be\/fr\/wp-json\/wp\/v2\/pages\/1166"}],"collection":[{"href":"https:\/\/www.fbf-bff.be\/fr\/wp-json\/wp\/v2\/pages"}],"about":[{"href":"https:\/\/www.fbf-bff.be\/fr\/wp-json\/wp\/v2\/types\/page"}],"author":[{"embeddable":true,"href":"https:\/\/www.fbf-bff.be\/fr\/wp-json\/wp\/v2\/users\/2"}],"replies":[{"embeddable":true,"href":"https:\/\/www.fbf-bff.be\/fr\/wp-json\/wp\/v2\/comments?post=1166"}],"version-history":[{"count":12,"href":"https:\/\/www.fbf-bff.be\/fr\/wp-json\/wp\/v2\/pages\/1166\/revisions"}],"predecessor-version":[{"id":16567,"href":"https:\/\/www.fbf-bff.be\/fr\/wp-json\/wp\/v2\/pages\/1166\/revisions\/16567"}],"up":[{"embeddable":true,"href":"https:\/\/www.fbf-bff.be\/fr\/wp-json\/wp\/v2\/pages\/525"}],"wp:attachment":[{"href":"https:\/\/www.fbf-bff.be\/fr\/wp-json\/wp\/v2\/media?parent=1166"}],"curies":[{"name":"wp","href":"https:\/\/api.w.org\/{rel}","templated":true}]}}