{"id":11410,"date":"2021-11-09T12:01:08","date_gmt":"2021-11-09T11:01:08","guid":{"rendered":"https:\/\/www.fbf-bff.be\/federation\/code-de-deontologie-copy-2\/"},"modified":"2022-09-19T09:47:42","modified_gmt":"2022-09-19T07:47:42","slug":"lignes-directrices-de-la-fbf","status":"publish","type":"page","link":"https:\/\/www.fbf-bff.be\/fr\/federation\/lignes-directrices-de-la-fbf\/","title":{"rendered":"Lignes Directrices"},"content":{"rendered":"[vc_row][vc_column][vc_column_text]\r\n<h1><strong><span style=\"color: #99cc00;\">Les Lignes Directrices de la F\u00e9d\u00e9ration Belge de la Franchise (2021)\r\n<\/span><\/strong><\/h1>\r\nLes lignes directrices exposent des principes sur lesquels se fonde l\u2019appr\u00e9ciation de la FBF du cadre juridique de la franchise au regard du R\u00e8glement d\u2019Exemption Vertical Europ\u00e9en 330\/22, des R\u00e8gles d\u00e9finies par les Autorit\u00e9s nationales et europ\u00e9ennes de la concurrence et de l\u2019application du Code de D\u00e9ontologie Europ\u00e9en de la F\u00e9d\u00e9ration Europ\u00e9enne de la Franchise (EFF).\r\n<h3><strong>Objectif :<\/strong><\/h3>\r\nL\u2019objectif est de fournir un cadre afin d\u2019aider les franchiseurs \u00e0 d\u00e9finir les politiques \u00e0 adopter aux plans contractuels et op\u00e9rationnels et les modalit\u00e9s de gestion des relations avec leurs franchis\u00e9s dans le respect de l\u2019int\u00e9r\u00eat g\u00e9n\u00e9ral de leur r\u00e9seau.\r\nElles ne sont pas contraignantes dans le but de respecter la libert\u00e9 contractuelle des parties et de la n\u00e9cessaire cr\u00e9ativit\u00e9 organisationnelle li\u00e9e aux sp\u00e9cificit\u00e9s sectorielles et conceptuelles.\r\n<h3><strong>La FBF<\/strong><\/h3>\r\n<ul>\r\n \t<li>continuera \u00e0 \u00e9valuer l&rsquo;applicabilit\u00e9 de ses lignes directrices sur la base d&rsquo;informations provenant du march\u00e9 et des autorit\u00e9s nationales de la concurrence<\/li>\r\n \t<li>pourra les r\u00e9viser \u00e0 la lumi\u00e8re des d\u00e9veloppements futurs et de l&rsquo;\u00e9tat d&rsquo;avancement de ses travaux.<\/li>\r\n<\/ul>\r\n<h3><strong>Ces Lignes Directrices devraient permettre de\r\n<\/strong><\/h3>\r\n<ul>\r\n \t<li>r\u00e9duire les \u00e9carts d\u2019interpr\u00e9tation de l\u2019\u00e9thique et de l\u2019\u00e9quit\u00e9 dans un r\u00e9seau entre les franchiseurs et les franchis\u00e9s,<\/li>\r\n \t<li>rapprocher les franchis\u00e9s de l\u2019int\u00e9r\u00eat g\u00e9n\u00e9ral des r\u00e9seaux,<\/li>\r\n \t<li>guider les franchiseurs et les franchis\u00e9s dans le d\u00e9veloppement et l\u2019utilisation responsables de modalit\u00e9s de gestion licites et \u00e9thiques.<\/li>\r\n<\/ul>\r\n<h3><strong>Les Lignes Directrices<\/strong><\/h3>\r\n<a href=\"https:\/\/www.fbf-bff.be\/wp-content\/uploads\/2021\/11\/T-FBF-La-transmission-dune-entreprise-franchisee.pdf\" target=\"_blank\" rel=\"noopener\">La transmission d&rsquo;une entreprise franchis\u00e9e<\/a>\r\n\r\n<a href=\"https:\/\/www.fbf-bff.be\/wp-content\/uploads\/2021\/11\/T-FBF-Le-renouvellement-dun-contrat-de-franchise.pdf\" target=\"_blank\" rel=\"noopener\">Le renouvellement d&rsquo;un contrat de franchise<\/a>\r\n\r\n<a href=\"https:\/\/www.fbf-bff.be\/wp-content\/uploads\/2021\/11\/T-FBF-Les-instances-de-dialogue-au-sein-des-reseaux-de-franchise.pdf\" target=\"_blank\" rel=\"noopener\">Les instances de dialogue au sein des r\u00e9seaux de franchise<\/a>\r\n\r\n<a href=\"https:\/\/www.fbf-bff.be\/wp-content\/uploads\/2021\/11\/T-FBF-Levolution-des-reseaux-de-franchise.pdf\" target=\"_blank\" rel=\"noopener\">L&rsquo;\u00e9volution des r\u00e9seaux de franchise<\/a>\r\n\r\n<a href=\"https:\/\/www.fbf-bff.be\/wp-content\/uploads\/2021\/12\/T-FBF-Le-reseau-face-au-consommateur-et-le-consommateur-face-a-la-franchise.docx.pdf\" target=\"_blank\" rel=\"noopener\">Le r\u00e9seau face au consommateur et le consommateur face \u00e0 la franchise<\/a>\r\n\r\n<a href=\"https:\/\/www.fbf-bff.be\/wp-content\/uploads\/2021\/11\/T-FBF-Levolution-du-concept.pdf\" target=\"_blank\" rel=\"noopener\">L&rsquo;\u00e9volution du concept<\/a>[\/vc_column_text][\/vc_column][\/vc_row]","protected":false},"excerpt":{"rendered":"<p>[vc_row][vc_column][vc_column_text]<br \/>\nLes Lignes Directrices de la F\u00e9d\u00e9ration Belge de la Franchise (2021)<\/p>\n<p>Les lignes directrices exposent des principes sur lesquels se fonde l\u2019appr\u00e9ciation de la FBF du cadre juridique de la franchise au regard du R\u00e8glement d\u2019Exemption Vertical Europ\u00e9en 330\/22, des R\u00e8gles d\u00e9finies par les Autorit\u00e9s nationales et europ\u00e9ennes &#8230;<\/p>\n","protected":false},"author":2,"featured_media":0,"parent":861,"menu_order":0,"comment_status":"closed","ping_status":"closed","template":"template_leftnav.php","meta":{"ngg_post_thumbnail":0,"footnotes":""},"acf":[],"yoast_head":"<!-- This site is optimized with the Yoast SEO plugin v23.5 - https:\/\/yoast.com\/wordpress\/plugins\/seo\/ -->\n<title>Lignes Directrices de la F\u00e9d\u00e9ration Belge de la Franchise<\/title>\n<meta name=\"description\" content=\"Les Lignes Directrices de la FBF visent \u00e0 promouvoir et \u00e0 soutenir le respect des fondamentaux juridiques de la franchise pour faciliter le consensus entre les parties prenantes sur des sujets sensibles.\" \/>\n<meta name=\"robots\" content=\"index, follow, max-snippet:-1, max-image-preview:large, max-video-preview:-1\" \/>\n<link rel=\"canonical\" href=\"https:\/\/www.fbf-bff.be\/fr\/federation\/lignes-directrices-de-la-fbf\/\" \/>\n<meta property=\"og:locale\" content=\"fr_FR\" \/>\n<meta property=\"og:type\" content=\"article\" \/>\n<meta property=\"og:title\" content=\"Lignes Directrices de la F\u00e9d\u00e9ration Belge de la Franchise\" \/>\n<meta property=\"og:description\" content=\"Les Lignes Directrices de la FBF visent \u00e0 promouvoir et \u00e0 soutenir le respect des fondamentaux juridiques de la franchise pour faciliter le consensus entre les parties prenantes sur des sujets sensibles.\" \/>\n<meta property=\"og:url\" content=\"https:\/\/www.fbf-bff.be\/fr\/federation\/lignes-directrices-de-la-fbf\/\" \/>\n<meta property=\"og:site_name\" content=\"F\u00e9d\u00e9ration Belge de la Franchise\" \/>\n<meta property=\"article:modified_time\" content=\"2022-09-19T07:47:42+00:00\" \/>\n<meta property=\"og:image\" content=\"https:\/\/www.fbf-bff.be\/wp-content\/uploads\/2017\/06\/fbf-bff-fb-cover.jpg\" \/>\n\t<meta property=\"og:image:width\" content=\"1200\" \/>\n\t<meta property=\"og:image:height\" content=\"630\" \/>\n\t<meta property=\"og:image:type\" content=\"image\/jpeg\" \/>\n<meta name=\"twitter:card\" content=\"summary_large_image\" \/>\n<meta name=\"twitter:label1\" content=\"Dur\u00e9e de lecture estim\u00e9e\" \/>\n\t<meta name=\"twitter:data1\" content=\"2 minutes\" \/>\n<script type=\"application\/ld+json\" class=\"yoast-schema-graph\">{\"@context\":\"https:\/\/schema.org\",\"@graph\":[{\"@type\":\"WebPage\",\"@id\":\"https:\/\/www.fbf-bff.be\/fr\/federation\/lignes-directrices-de-la-fbf\/\",\"url\":\"https:\/\/www.fbf-bff.be\/fr\/federation\/lignes-directrices-de-la-fbf\/\",\"name\":\"Lignes Directrices de la F\u00e9d\u00e9ration Belge de la Franchise\",\"isPartOf\":{\"@id\":\"https:\/\/www.fbf-bff.be\/#website\"},\"datePublished\":\"2021-11-09T11:01:08+00:00\",\"dateModified\":\"2022-09-19T07:47:42+00:00\",\"description\":\"Les Lignes Directrices de la FBF visent \u00e0 promouvoir et \u00e0 soutenir le respect des fondamentaux juridiques de la franchise pour faciliter le consensus entre les parties prenantes sur des sujets sensibles.\",\"breadcrumb\":{\"@id\":\"https:\/\/www.fbf-bff.be\/fr\/federation\/lignes-directrices-de-la-fbf\/#breadcrumb\"},\"inLanguage\":\"fr-FR\",\"potentialAction\":[{\"@type\":\"ReadAction\",\"target\":[\"https:\/\/www.fbf-bff.be\/fr\/federation\/lignes-directrices-de-la-fbf\/\"]}]},{\"@type\":\"BreadcrumbList\",\"@id\":\"https:\/\/www.fbf-bff.be\/fr\/federation\/lignes-directrices-de-la-fbf\/#breadcrumb\",\"itemListElement\":[{\"@type\":\"ListItem\",\"position\":1,\"name\":\"Home\",\"item\":\"https:\/\/www.fbf-bff.be\/fr\/\"},{\"@type\":\"ListItem\",\"position\":2,\"name\":\"F\u00e9d\u00e9ration\",\"item\":\"https:\/\/www.fbf-bff.be\/fr\/federation\/\"},{\"@type\":\"ListItem\",\"position\":3,\"name\":\"Lignes Directrices\"}]},{\"@type\":\"WebSite\",\"@id\":\"https:\/\/www.fbf-bff.be\/#website\",\"url\":\"https:\/\/www.fbf-bff.be\/\",\"name\":\"F\u00e9d\u00e9ration Belge de la Franchise\",\"description\":\"Pour r\u00e9ussir ensemblee\",\"potentialAction\":[{\"@type\":\"SearchAction\",\"target\":{\"@type\":\"EntryPoint\",\"urlTemplate\":\"https:\/\/www.fbf-bff.be\/?s={search_term_string}\"},\"query-input\":{\"@type\":\"PropertyValueSpecification\",\"valueRequired\":true,\"valueName\":\"search_term_string\"}}],\"inLanguage\":\"fr-FR\"}]}<\/script>\n<!-- \/ Yoast SEO plugin. -->","yoast_head_json":{"title":"Lignes Directrices de la F\u00e9d\u00e9ration Belge de la Franchise","description":"Les Lignes Directrices de la FBF visent \u00e0 promouvoir et \u00e0 soutenir le respect des fondamentaux juridiques de la franchise pour faciliter le consensus entre les parties prenantes sur des sujets sensibles.","robots":{"index":"index","follow":"follow","max-snippet":"max-snippet:-1","max-image-preview":"max-image-preview:large","max-video-preview":"max-video-preview:-1"},"canonical":"https:\/\/www.fbf-bff.be\/fr\/federation\/lignes-directrices-de-la-fbf\/","og_locale":"fr_FR","og_type":"article","og_title":"Lignes Directrices de la F\u00e9d\u00e9ration Belge de la Franchise","og_description":"Les Lignes Directrices de la FBF visent \u00e0 promouvoir et \u00e0 soutenir le respect des fondamentaux juridiques de la franchise pour faciliter le consensus entre les parties prenantes sur des sujets sensibles.","og_url":"https:\/\/www.fbf-bff.be\/fr\/federation\/lignes-directrices-de-la-fbf\/","og_site_name":"F\u00e9d\u00e9ration Belge de la Franchise","article_modified_time":"2022-09-19T07:47:42+00:00","og_image":[{"width":1200,"height":630,"url":"https:\/\/www.fbf-bff.be\/wp-content\/uploads\/2017\/06\/fbf-bff-fb-cover.jpg","type":"image\/jpeg"}],"twitter_card":"summary_large_image","twitter_misc":{"Dur\u00e9e de lecture estim\u00e9e":"2 minutes"},"schema":{"@context":"https:\/\/schema.org","@graph":[{"@type":"WebPage","@id":"https:\/\/www.fbf-bff.be\/fr\/federation\/lignes-directrices-de-la-fbf\/","url":"https:\/\/www.fbf-bff.be\/fr\/federation\/lignes-directrices-de-la-fbf\/","name":"Lignes Directrices de la F\u00e9d\u00e9ration Belge de la Franchise","isPartOf":{"@id":"https:\/\/www.fbf-bff.be\/#website"},"datePublished":"2021-11-09T11:01:08+00:00","dateModified":"2022-09-19T07:47:42+00:00","description":"Les Lignes Directrices de la FBF visent \u00e0 promouvoir et \u00e0 soutenir le respect des fondamentaux juridiques de la franchise pour faciliter le consensus entre les parties prenantes sur des sujets sensibles.","breadcrumb":{"@id":"https:\/\/www.fbf-bff.be\/fr\/federation\/lignes-directrices-de-la-fbf\/#breadcrumb"},"inLanguage":"fr-FR","potentialAction":[{"@type":"ReadAction","target":["https:\/\/www.fbf-bff.be\/fr\/federation\/lignes-directrices-de-la-fbf\/"]}]},{"@type":"BreadcrumbList","@id":"https:\/\/www.fbf-bff.be\/fr\/federation\/lignes-directrices-de-la-fbf\/#breadcrumb","itemListElement":[{"@type":"ListItem","position":1,"name":"Home","item":"https:\/\/www.fbf-bff.be\/fr\/"},{"@type":"ListItem","position":2,"name":"F\u00e9d\u00e9ration","item":"https:\/\/www.fbf-bff.be\/fr\/federation\/"},{"@type":"ListItem","position":3,"name":"Lignes Directrices"}]},{"@type":"WebSite","@id":"https:\/\/www.fbf-bff.be\/#website","url":"https:\/\/www.fbf-bff.be\/","name":"F\u00e9d\u00e9ration Belge de la Franchise","description":"Pour r\u00e9ussir ensemblee","potentialAction":[{"@type":"SearchAction","target":{"@type":"EntryPoint","urlTemplate":"https:\/\/www.fbf-bff.be\/?s={search_term_string}"},"query-input":{"@type":"PropertyValueSpecification","valueRequired":true,"valueName":"search_term_string"}}],"inLanguage":"fr-FR"}]}},"_links":{"self":[{"href":"https:\/\/www.fbf-bff.be\/fr\/wp-json\/wp\/v2\/pages\/11410"}],"collection":[{"href":"https:\/\/www.fbf-bff.be\/fr\/wp-json\/wp\/v2\/pages"}],"about":[{"href":"https:\/\/www.fbf-bff.be\/fr\/wp-json\/wp\/v2\/types\/page"}],"author":[{"embeddable":true,"href":"https:\/\/www.fbf-bff.be\/fr\/wp-json\/wp\/v2\/users\/2"}],"replies":[{"embeddable":true,"href":"https:\/\/www.fbf-bff.be\/fr\/wp-json\/wp\/v2\/comments?post=11410"}],"version-history":[{"count":6,"href":"https:\/\/www.fbf-bff.be\/fr\/wp-json\/wp\/v2\/pages\/11410\/revisions"}],"predecessor-version":[{"id":13732,"href":"https:\/\/www.fbf-bff.be\/fr\/wp-json\/wp\/v2\/pages\/11410\/revisions\/13732"}],"up":[{"embeddable":true,"href":"https:\/\/www.fbf-bff.be\/fr\/wp-json\/wp\/v2\/pages\/861"}],"wp:attachment":[{"href":"https:\/\/www.fbf-bff.be\/fr\/wp-json\/wp\/v2\/media?parent=11410"}],"curies":[{"name":"wp","href":"https:\/\/api.w.org\/{rel}","templated":true}]}}